{"id":3074,"date":"2021-03-26T15:49:33","date_gmt":"2021-03-26T13:49:33","guid":{"rendered":"https:\/\/www.axinesis.com\/careers\/"},"modified":"2023-05-17T11:56:12","modified_gmt":"2023-05-17T09:56:12","slug":"karriere","status":"publish","type":"page","link":"https:\/\/www.axinesis.com\/de\/karriere\/","title":{"rendered":"Karriere"},"content":{"rendered":"\t\t<div data-elementor-type=\"wp-page\" data-elementor-id=\"3074\" class=\"elementor elementor-3074 elementor-1130\" data-elementor-post-type=\"page\">\n\t\t\t\t\t\t<section class=\"elementor-section elementor-top-section elementor-element elementor-element-48604ead elementor-section-height-min-height elementor-section-boxed elementor-section-height-default elementor-section-items-middle\" data-id=\"48604ead\" data-element_type=\"section\" data-settings=\"{&quot;jet_parallax_layout_list&quot;:[{&quot;jet_parallax_layout_image&quot;:{&quot;url&quot;:&quot;&quot;,&quot;id&quot;:&quot;&quot;,&quot;size&quot;:&quot;&quot;},&quot;_id&quot;:&quot;e148aec&quot;,&quot;jet_parallax_layout_speed&quot;:{&quot;unit&quot;:&quot;%&quot;,&quot;size&quot;:&quot;50&quot;,&quot;sizes&quot;:[]},&quot;jet_parallax_layout_bg_x&quot;:&quot;50&quot;,&quot;jet_parallax_layout_bg_y&quot;:&quot;50&quot;,&quot;jet_parallax_layout_image_tablet&quot;:{&quot;url&quot;:&quot;&quot;,&quot;id&quot;:&quot;&quot;,&quot;size&quot;:&quot;&quot;},&quot;jet_parallax_layout_image_mobile&quot;:{&quot;url&quot;:&quot;&quot;,&quot;id&quot;:&quot;&quot;,&quot;size&quot;:&quot;&quot;},&quot;jet_parallax_layout_type&quot;:&quot;scroll&quot;,&quot;jet_parallax_layout_direction&quot;:null,&quot;jet_parallax_layout_fx_direction&quot;:null,&quot;jet_parallax_layout_z_index&quot;:&quot;&quot;,&quot;jet_parallax_layout_bg_x_tablet&quot;:&quot;&quot;,&quot;jet_parallax_layout_bg_x_mobile&quot;:&quot;&quot;,&quot;jet_parallax_layout_bg_y_tablet&quot;:&quot;&quot;,&quot;jet_parallax_layout_bg_y_mobile&quot;:&quot;&quot;,&quot;jet_parallax_layout_bg_size&quot;:&quot;auto&quot;,&quot;jet_parallax_layout_bg_size_tablet&quot;:&quot;&quot;,&quot;jet_parallax_layout_bg_size_mobile&quot;:&quot;&quot;,&quot;jet_parallax_layout_animation_prop&quot;:&quot;transform&quot;,&quot;jet_parallax_layout_on&quot;:[&quot;desktop&quot;,&quot;tablet&quot;]}],&quot;background_background&quot;:&quot;classic&quot;}\">\n\t\t\t\t\t\t\t<div class=\"elementor-background-overlay\"><\/div>\n\t\t\t\t\t\t\t<div class=\"elementor-container elementor-column-gap-default\">\n\t\t\t\t\t<div class=\"elementor-column elementor-col-50 elementor-top-column elementor-element elementor-element-595331a6\" data-id=\"595331a6\" data-element_type=\"column\">\n\t\t\t<div class=\"elementor-widget-wrap elementor-element-populated\">\n\t\t\t\t\t\t<div class=\"elementor-element elementor-element-8e69698 elementor-align-flex-start elementor-invisible elementor-widget elementor-widget-raven-breadcrumbs\" data-id=\"8e69698\" data-element_type=\"widget\" data-settings=\"{&quot;_animation&quot;:&quot;fadeInRight&quot;}\" data-widget_type=\"raven-breadcrumbs.default\">\n\t\t\t\t<div class=\"elementor-widget-container\">\n\t\t\t\t\t<div class=\"raven-breadcrumbs raven-breadcrumbs-default\"><div class=\"breadcrumb\">\t\t\t\t<div class=\"breadcrumb-item active\" aria-current=\"page\"><span>Home<\/span><\/div>\r\n\r\n\t\t\t\t<\/div><\/div>\t\t\t\t<\/div>\n\t\t\t\t<\/div>\n\t\t\t\t<div class=\"elementor-element elementor-element-11493a8c elementor-align-left elementor-invisible elementor-widget elementor-widget-raven-heading\" data-id=\"11493a8c\" data-element_type=\"widget\" data-settings=\"{&quot;_animation&quot;:&quot;fadeInRight&quot;,&quot;_animation_delay&quot;:100}\" data-widget_type=\"raven-heading.default\">\n\t\t\t\t<div class=\"elementor-widget-container\">\n\t\t\t\t\t\t\t<div class=\"raven-widget-wrapper\"><h1 class=\"raven-heading raven-heading-h1\"><span class=\"raven-heading-title \">Helfen Sie uns dabei, Rehabilitation noch<br> besser zu machen!<\/span><\/h1><\/div>\r\n\t\t\t\t\t\t<\/div>\n\t\t\t\t<\/div>\n\t\t\t\t<div class=\"elementor-element elementor-element-fa1d47a elementor-align-left elementor-invisible elementor-widget elementor-widget-raven-heading\" data-id=\"fa1d47a\" data-element_type=\"widget\" data-settings=\"{&quot;_animation&quot;:&quot;fadeInRight&quot;,&quot;_animation_delay&quot;:100}\" data-widget_type=\"raven-heading.default\">\n\t\t\t\t<div class=\"elementor-widget-container\">\n\t\t\t\t\t\t\t<div class=\"raven-widget-wrapper\"><h2 class=\"raven-heading raven-heading-h2\"><span class=\"raven-heading-title \">Mit einer Laufbahn bei Axinesis geben Sie<br> Ihrem leidenschaftlichen Einsatz f\u00fcr das Steigern<br> der Lebensqualit\u00e4t von Patientinnen und Patienten Raum.<\/span><\/h2><\/div>\r\n\t\t\t\t\t\t<\/div>\n\t\t\t\t<\/div>\n\t\t\t\t<div class=\"elementor-element elementor-element-a6d573f elementor-invisible elementor-widget elementor-widget-text-editor\" data-id=\"a6d573f\" data-element_type=\"widget\" data-settings=\"{&quot;_animation&quot;:&quot;fadeInRight&quot;,&quot;_animation_delay&quot;:300}\" data-widget_type=\"text-editor.default\">\n\t\t\t\t<div class=\"elementor-widget-container\">\n\t\t\t\t\t\t\t\t\t<p>Sie m\u00f6chten das Leben von Menschen mit Bedingungen und neurologischen Erkrankungen verbessern?<\/p><p><span lang=\"EN-GB\"><a href=\"https:\/\/www.axinesis.com\/de\/\">Axinesis<\/a> durchl\u00e4uft eine rasante Entwicklung und m\u00f6chte dieses Erlebnis mit jungen und motivierten Talenten teilen.<\/span><\/p><p><span lang=\"EN-GB\"> Wenn Sie ins Axinesis-Team kommen m\u00f6chten, um zur \u00a0Verbesserung des Alltags von Patientinnen und Patienten mit motorischen St\u00f6rungen beizutragen, w\u00fcrden wir sehr gern von Ihnen h\u00f6ren!<\/span><\/p><p><a href=\"https:\/\/www.axinesis.com\/de\/contact\/\">Setzen Sie sich mit uns in Verbindung<\/a>, um weitere Informationen \u00fcber die Karrierem\u00f6glichkeiten bei Axinesis zu erhalten.<\/p>\t\t\t\t\t\t\t\t<\/div>\n\t\t\t\t<\/div>\n\t\t\t\t<div class=\"elementor-element elementor-element-3e5c873 elementor-hidden-desktop elementor-hidden-tablet elementor-hidden-phone elementor-icon-list--layout-traditional elementor-list-item-link-full_width elementor-invisible elementor-widget elementor-widget-icon-list\" data-id=\"3e5c873\" data-element_type=\"widget\" data-settings=\"{&quot;_animation&quot;:&quot;fadeInRight&quot;,&quot;_animation_delay&quot;:400}\" data-widget_type=\"icon-list.default\">\n\t\t\t\t<div class=\"elementor-widget-container\">\n\t\t\t\t\t\t\t<ul class=\"elementor-icon-list-items\">\n\t\t\t\t\t\t\t<li class=\"elementor-icon-list-item\">\n\t\t\t\t\t\t\t\t\t\t\t<a href=\"https:\/\/www.axinesis.com\/wp-content\/uploads\/2021\/04\/dummy.pdf\" target=\"_blank\">\n\n\t\t\t\t\t\t\t\t\t\t\t\t<span class=\"elementor-icon-list-icon\">\n\t\t\t\t\t\t\t<i aria-hidden=\"true\" class=\"far fa-file-pdf\"><\/i>\t\t\t\t\t\t<\/span>\n\t\t\t\t\t\t\t\t\t\t<span class=\"elementor-icon-list-text\">Vacancy marketing assistant<\/span>\n\t\t\t\t\t\t\t\t\t\t\t<\/a>\n\t\t\t\t\t\t\t\t\t<\/li>\n\t\t\t\t\t\t<\/ul>\n\t\t\t\t\t\t<\/div>\n\t\t\t\t<\/div>\n\t\t\t\t<div class=\"elementor-element elementor-element-6d562b7 elementor-align-right elementor-widget__width-auto elementor-invisible elementor-widget elementor-widget-raven-button\" data-id=\"6d562b7\" data-element_type=\"widget\" data-settings=\"{&quot;_animation&quot;:&quot;fadeInRight&quot;,&quot;_animation_delay&quot;:500,&quot;turn_to_popup_action_button&quot;:&quot;no&quot;}\" data-widget_type=\"raven-button.default\">\n\t\t\t\t<div class=\"elementor-widget-container\">\n\t\t\t\t\t\t\t<div class=\"raven-widget-wrapper\">\r\n\t\t\t<a class=\"raven-button raven-button-widget-normal-effect-none  raven-button-text-align-center raven-button-link elementor-animation-none\" href=\"\/contact\/\">\t\t\t\t<div class=\"raven-button-overlay\" ><\/div>\r\n\t\t\t\t<span class=\"raven-button-content\">\r\n\t\t\t\t\t\r\n\t\t\t\t\t<div class=\"button-text-container\">\r\n\t\t\t\t\t\t\t\t\t\t\t\t<div class=\"raven-button-texts-wrapper\">\r\n\t\t\t\t\t\t\t<div class=\"button-text\">\r\n\t\t\t\t\t\t\t\t<span class=\"raven-button-text\">\r\n\t\t\t\t\t\t\t\t\tKontakt\t\t\t\t\t\t\t\t<\/span>\r\n\t\t\t\t\t\t\t<\/div>\r\n\t\t\t\t\t\t\t\t\t\t\t\t\t<\/div>\r\n\t\t\t\t\t\t\t\t\t\t\t<\/div>\r\n\t\t\t\t\t\r\n\t\t\t\t\t\t\t\t\t<\/span>\r\n\t\t\t<\/a>\t\t<\/div>\r\n\t\t\t\t\t\t<\/div>\n\t\t\t\t<\/div>\n\t\t\t\t\t<\/div>\n\t\t<\/div>\n\t\t\t\t<div class=\"elementor-column elementor-col-50 elementor-top-column elementor-element elementor-element-53c900fe\" data-id=\"53c900fe\" data-element_type=\"column\">\n\t\t\t<div class=\"elementor-widget-wrap elementor-element-populated\">\n\t\t\t\t\t\t<div class=\"elementor-element elementor-element-7895714 elementor-invisible elementor-widget elementor-widget-image\" data-id=\"7895714\" data-element_type=\"widget\" data-settings=\"{&quot;_animation&quot;:&quot;fadeInRight&quot;,&quot;_animation_delay&quot;:1000}\" data-widget_type=\"image.default\">\n\t\t\t\t<div class=\"elementor-widget-container\">\n\t\t\t\t\t\t\t\t\t\t\t\t\t\t\t<img fetchpriority=\"high\" decoding=\"async\" width=\"700\" height=\"418\" src=\"https:\/\/www.axinesis.com\/wp-content\/uploads\/2021\/03\/Screenshot_2021-03-31_13-07-00.png\" class=\"attachment-large size-large wp-image-1292\" alt=\"\" srcset=\"https:\/\/www.axinesis.com\/wp-content\/uploads\/2021\/03\/Screenshot_2021-03-31_13-07-00.png 700w, https:\/\/www.axinesis.com\/wp-content\/uploads\/2021\/03\/Screenshot_2021-03-31_13-07-00-300x179.png 300w\" sizes=\"(max-width: 700px) 100vw, 700px\" \/>\t\t\t\t\t\t\t\t\t\t\t\t\t\t\t<\/div>\n\t\t\t\t<\/div>\n\t\t\t\t\t<\/div>\n\t\t<\/div>\n\t\t\t\t\t<\/div>\n\t\t<\/section>\n\t\t\t\t<section class=\"elementor-section elementor-top-section elementor-element elementor-element-6908fdf elementor-section-boxed elementor-section-height-default elementor-section-height-default\" data-id=\"6908fdf\" data-element_type=\"section\" data-settings=\"{&quot;jet_parallax_layout_list&quot;:[{&quot;jet_parallax_layout_image&quot;:{&quot;url&quot;:&quot;&quot;,&quot;id&quot;:&quot;&quot;,&quot;size&quot;:&quot;&quot;},&quot;_id&quot;:&quot;1e32cd4&quot;,&quot;jet_parallax_layout_image_tablet&quot;:{&quot;url&quot;:&quot;&quot;,&quot;id&quot;:&quot;&quot;,&quot;size&quot;:&quot;&quot;},&quot;jet_parallax_layout_image_mobile&quot;:{&quot;url&quot;:&quot;&quot;,&quot;id&quot;:&quot;&quot;,&quot;size&quot;:&quot;&quot;},&quot;jet_parallax_layout_speed&quot;:{&quot;unit&quot;:&quot;%&quot;,&quot;size&quot;:50,&quot;sizes&quot;:[]},&quot;jet_parallax_layout_type&quot;:&quot;scroll&quot;,&quot;jet_parallax_layout_direction&quot;:null,&quot;jet_parallax_layout_fx_direction&quot;:null,&quot;jet_parallax_layout_z_index&quot;:&quot;&quot;,&quot;jet_parallax_layout_bg_x&quot;:50,&quot;jet_parallax_layout_bg_x_tablet&quot;:&quot;&quot;,&quot;jet_parallax_layout_bg_x_mobile&quot;:&quot;&quot;,&quot;jet_parallax_layout_bg_y&quot;:50,&quot;jet_parallax_layout_bg_y_tablet&quot;:&quot;&quot;,&quot;jet_parallax_layout_bg_y_mobile&quot;:&quot;&quot;,&quot;jet_parallax_layout_bg_size&quot;:&quot;auto&quot;,&quot;jet_parallax_layout_bg_size_tablet&quot;:&quot;&quot;,&quot;jet_parallax_layout_bg_size_mobile&quot;:&quot;&quot;,&quot;jet_parallax_layout_animation_prop&quot;:&quot;transform&quot;,&quot;jet_parallax_layout_on&quot;:[&quot;desktop&quot;,&quot;tablet&quot;]}]}\">\n\t\t\t\t\t\t<div class=\"elementor-container elementor-column-gap-default\">\n\t\t\t\t\t<div class=\"elementor-column elementor-col-100 elementor-top-column elementor-element elementor-element-189d1ed\" data-id=\"189d1ed\" data-element_type=\"column\">\n\t\t\t<div class=\"elementor-widget-wrap elementor-element-populated\">\n\t\t\t\t\t\t<div class=\"elementor-element elementor-element-322f0a6 elementor-widget elementor-widget-spacer\" data-id=\"322f0a6\" data-element_type=\"widget\" data-widget_type=\"spacer.default\">\n\t\t\t\t<div class=\"elementor-widget-container\">\n\t\t\t\t\t\t\t<div class=\"elementor-spacer\">\n\t\t\t<div class=\"elementor-spacer-inner\"><\/div>\n\t\t<\/div>\n\t\t\t\t\t\t<\/div>\n\t\t\t\t<\/div>\n\t\t\t\t\t<\/div>\n\t\t<\/div>\n\t\t\t\t\t<\/div>\n\t\t<\/section>\n\t\t\t\t<\/div>\n\t\t","protected":false},"excerpt":{"rendered":"<p>Home Helfen Sie uns dabei, Rehabilitation noch besser zu machen! Mit einer Laufbahn bei Axinesis geben Sie Ihrem leidenschaftlichen Einsatz f\u00fcr das Steigern der Lebensqualit\u00e4t von Patientinnen und Patienten Raum. Sie m\u00f6chten das Leben von Menschen mit Bedingungen und neurologischen Erkrankungen verbessern? Axinesis durchl\u00e4uft eine rasante Entwicklung und m\u00f6chte dieses Erlebnis mit jungen und motivierten [&hellip;]<\/p>\n","protected":false},"author":1,"featured_media":5958,"parent":0,"menu_order":0,"comment_status":"closed","ping_status":"closed","template":"elementor_header_footer","meta":{"_acf_changed":false,"inline_featured_image":false,"footnotes":""},"class_list":["post-3074","page","type-page","status-publish","has-post-thumbnail","hentry"],"acf":[],"yoast_head":"<!-- This site is optimized with the Yoast SEO plugin v27.0 - https:\/\/yoast.com\/product\/yoast-seo-wordpress\/ -->\n<title>Karriere | Bewerben Sie sich hier - Axinesis<\/title>\n<meta name=\"description\" content=\"M\u00f6chten Sie das Leben von Menschen mit Behinderungen oder neurologischen St\u00f6rungen verbessern? Bewerben Sie sich jetzt bei uns!\" \/>\n<meta name=\"robots\" content=\"index, follow, max-snippet:-1, max-image-preview:large, max-video-preview:-1\" \/>\n<link rel=\"canonical\" href=\"https:\/\/www.axinesis.com\/de\/karriere\/\" \/>\n<meta property=\"og:locale\" content=\"de_DE\" \/>\n<meta property=\"og:type\" content=\"article\" \/>\n<meta property=\"og:title\" content=\"Karriere | Bewerben Sie sich hier - Axinesis\" \/>\n<meta property=\"og:description\" content=\"M\u00f6chten Sie das Leben von Menschen mit Behinderungen oder neurologischen St\u00f6rungen verbessern? Bewerben Sie sich jetzt bei uns!\" \/>\n<meta property=\"og:url\" content=\"https:\/\/www.axinesis.com\/de\/karriere\/\" \/>\n<meta property=\"og:site_name\" content=\"Axinesis\" \/>\n<meta property=\"article:publisher\" content=\"https:\/\/www.facebook.com\/axinesis\" \/>\n<meta property=\"article:modified_time\" content=\"2023-05-17T09:56:12+00:00\" \/>\n<meta property=\"og:image\" content=\"https:\/\/www.axinesis.com\/wp-content\/uploads\/2022\/03\/Screenshot_2021-03-31_13-07-00.png\" \/>\n\t<meta property=\"og:image:width\" content=\"700\" \/>\n\t<meta property=\"og:image:height\" content=\"418\" \/>\n\t<meta property=\"og:image:type\" content=\"image\/png\" \/>\n<meta name=\"twitter:card\" content=\"summary_large_image\" \/>\n<meta name=\"twitter:label1\" content=\"Gesch\u00e4tzte Lesezeit\" \/>\n\t<meta name=\"twitter:data1\" content=\"1\u00a0Minute\" \/>\n<script type=\"application\/ld+json\" class=\"yoast-schema-graph\">{\"@context\":\"https:\/\/schema.org\",\"@graph\":[{\"@type\":\"WebPage\",\"@id\":\"https:\/\/www.axinesis.com\/de\/karriere\/\",\"url\":\"https:\/\/www.axinesis.com\/de\/karriere\/\",\"name\":\"Karriere | Bewerben Sie sich hier - Axinesis\",\"isPartOf\":{\"@id\":\"https:\/\/www.axinesis.com\/en\/#website\"},\"primaryImageOfPage\":{\"@id\":\"https:\/\/www.axinesis.com\/de\/karriere\/#primaryimage\"},\"image\":{\"@id\":\"https:\/\/www.axinesis.com\/de\/karriere\/#primaryimage\"},\"thumbnailUrl\":\"https:\/\/www.axinesis.com\/wp-content\/uploads\/2022\/03\/Screenshot_2021-03-31_13-07-00.png\",\"datePublished\":\"2021-03-26T13:49:33+00:00\",\"dateModified\":\"2023-05-17T09:56:12+00:00\",\"description\":\"M\u00f6chten Sie das Leben von Menschen mit Behinderungen oder neurologischen St\u00f6rungen verbessern? Bewerben Sie sich jetzt bei uns!\",\"breadcrumb\":{\"@id\":\"https:\/\/www.axinesis.com\/de\/karriere\/#breadcrumb\"},\"inLanguage\":\"de\",\"potentialAction\":[{\"@type\":\"ReadAction\",\"target\":[\"https:\/\/www.axinesis.com\/de\/karriere\/\"]}]},{\"@type\":\"ImageObject\",\"inLanguage\":\"de\",\"@id\":\"https:\/\/www.axinesis.com\/de\/karriere\/#primaryimage\",\"url\":\"https:\/\/www.axinesis.com\/wp-content\/uploads\/2022\/03\/Screenshot_2021-03-31_13-07-00.png\",\"contentUrl\":\"https:\/\/www.axinesis.com\/wp-content\/uploads\/2022\/03\/Screenshot_2021-03-31_13-07-00.png\",\"width\":700,\"height\":418,\"caption\":\"working people\"},{\"@type\":\"BreadcrumbList\",\"@id\":\"https:\/\/www.axinesis.com\/de\/karriere\/#breadcrumb\",\"itemListElement\":[{\"@type\":\"ListItem\",\"position\":1,\"name\":\"Home\",\"item\":\"https:\/\/www.axinesis.com\/de\/\"},{\"@type\":\"ListItem\",\"position\":2,\"name\":\"Karriere\"}]},{\"@type\":\"WebSite\",\"@id\":\"https:\/\/www.axinesis.com\/en\/#website\",\"url\":\"https:\/\/www.axinesis.com\/en\/\",\"name\":\"Axinesis\",\"description\":\"\",\"publisher\":{\"@id\":\"https:\/\/www.axinesis.com\/en\/#organization\"},\"potentialAction\":[{\"@type\":\"SearchAction\",\"target\":{\"@type\":\"EntryPoint\",\"urlTemplate\":\"https:\/\/www.axinesis.com\/en\/?s={search_term_string}\"},\"query-input\":{\"@type\":\"PropertyValueSpecification\",\"valueRequired\":true,\"valueName\":\"search_term_string\"}}],\"inLanguage\":\"de\"},{\"@type\":\"Organization\",\"@id\":\"https:\/\/www.axinesis.com\/en\/#organization\",\"name\":\"Axinesis\",\"url\":\"https:\/\/www.axinesis.com\/en\/\",\"logo\":{\"@type\":\"ImageObject\",\"inLanguage\":\"de\",\"@id\":\"https:\/\/www.axinesis.com\/en\/#\/schema\/logo\/image\/\",\"url\":\"https:\/\/www.axinesis.com\/wp-content\/uploads\/2021\/04\/Page-Header-Patients.jpg\",\"contentUrl\":\"https:\/\/www.axinesis.com\/wp-content\/uploads\/2021\/04\/Page-Header-Patients.jpg\",\"width\":1366,\"height\":660,\"caption\":\"Axinesis\"},\"image\":{\"@id\":\"https:\/\/www.axinesis.com\/en\/#\/schema\/logo\/image\/\"},\"sameAs\":[\"https:\/\/www.facebook.com\/axinesis\"]}]}<\/script>\n<!-- \/ Yoast SEO plugin. -->","yoast_head_json":{"title":"Karriere | Bewerben Sie sich hier - Axinesis","description":"M\u00f6chten Sie das Leben von Menschen mit Behinderungen oder neurologischen St\u00f6rungen verbessern? Bewerben Sie sich jetzt bei uns!","robots":{"index":"index","follow":"follow","max-snippet":"max-snippet:-1","max-image-preview":"max-image-preview:large","max-video-preview":"max-video-preview:-1"},"canonical":"https:\/\/www.axinesis.com\/de\/karriere\/","og_locale":"de_DE","og_type":"article","og_title":"Karriere | Bewerben Sie sich hier - Axinesis","og_description":"M\u00f6chten Sie das Leben von Menschen mit Behinderungen oder neurologischen St\u00f6rungen verbessern? Bewerben Sie sich jetzt bei uns!","og_url":"https:\/\/www.axinesis.com\/de\/karriere\/","og_site_name":"Axinesis","article_publisher":"https:\/\/www.facebook.com\/axinesis","article_modified_time":"2023-05-17T09:56:12+00:00","og_image":[{"width":700,"height":418,"url":"https:\/\/www.axinesis.com\/wp-content\/uploads\/2022\/03\/Screenshot_2021-03-31_13-07-00.png","type":"image\/png"}],"twitter_card":"summary_large_image","twitter_misc":{"Gesch\u00e4tzte Lesezeit":"1\u00a0Minute"},"schema":{"@context":"https:\/\/schema.org","@graph":[{"@type":"WebPage","@id":"https:\/\/www.axinesis.com\/de\/karriere\/","url":"https:\/\/www.axinesis.com\/de\/karriere\/","name":"Karriere | Bewerben Sie sich hier - Axinesis","isPartOf":{"@id":"https:\/\/www.axinesis.com\/en\/#website"},"primaryImageOfPage":{"@id":"https:\/\/www.axinesis.com\/de\/karriere\/#primaryimage"},"image":{"@id":"https:\/\/www.axinesis.com\/de\/karriere\/#primaryimage"},"thumbnailUrl":"https:\/\/www.axinesis.com\/wp-content\/uploads\/2022\/03\/Screenshot_2021-03-31_13-07-00.png","datePublished":"2021-03-26T13:49:33+00:00","dateModified":"2023-05-17T09:56:12+00:00","description":"M\u00f6chten Sie das Leben von Menschen mit Behinderungen oder neurologischen St\u00f6rungen verbessern? Bewerben Sie sich jetzt bei uns!","breadcrumb":{"@id":"https:\/\/www.axinesis.com\/de\/karriere\/#breadcrumb"},"inLanguage":"de","potentialAction":[{"@type":"ReadAction","target":["https:\/\/www.axinesis.com\/de\/karriere\/"]}]},{"@type":"ImageObject","inLanguage":"de","@id":"https:\/\/www.axinesis.com\/de\/karriere\/#primaryimage","url":"https:\/\/www.axinesis.com\/wp-content\/uploads\/2022\/03\/Screenshot_2021-03-31_13-07-00.png","contentUrl":"https:\/\/www.axinesis.com\/wp-content\/uploads\/2022\/03\/Screenshot_2021-03-31_13-07-00.png","width":700,"height":418,"caption":"working people"},{"@type":"BreadcrumbList","@id":"https:\/\/www.axinesis.com\/de\/karriere\/#breadcrumb","itemListElement":[{"@type":"ListItem","position":1,"name":"Home","item":"https:\/\/www.axinesis.com\/de\/"},{"@type":"ListItem","position":2,"name":"Karriere"}]},{"@type":"WebSite","@id":"https:\/\/www.axinesis.com\/en\/#website","url":"https:\/\/www.axinesis.com\/en\/","name":"Axinesis","description":"","publisher":{"@id":"https:\/\/www.axinesis.com\/en\/#organization"},"potentialAction":[{"@type":"SearchAction","target":{"@type":"EntryPoint","urlTemplate":"https:\/\/www.axinesis.com\/en\/?s={search_term_string}"},"query-input":{"@type":"PropertyValueSpecification","valueRequired":true,"valueName":"search_term_string"}}],"inLanguage":"de"},{"@type":"Organization","@id":"https:\/\/www.axinesis.com\/en\/#organization","name":"Axinesis","url":"https:\/\/www.axinesis.com\/en\/","logo":{"@type":"ImageObject","inLanguage":"de","@id":"https:\/\/www.axinesis.com\/en\/#\/schema\/logo\/image\/","url":"https:\/\/www.axinesis.com\/wp-content\/uploads\/2021\/04\/Page-Header-Patients.jpg","contentUrl":"https:\/\/www.axinesis.com\/wp-content\/uploads\/2021\/04\/Page-Header-Patients.jpg","width":1366,"height":660,"caption":"Axinesis"},"image":{"@id":"https:\/\/www.axinesis.com\/en\/#\/schema\/logo\/image\/"},"sameAs":["https:\/\/www.facebook.com\/axinesis"]}]}},"_links":{"self":[{"href":"https:\/\/www.axinesis.com\/de\/wp-json\/wp\/v2\/pages\/3074","targetHints":{"allow":["GET"]}}],"collection":[{"href":"https:\/\/www.axinesis.com\/de\/wp-json\/wp\/v2\/pages"}],"about":[{"href":"https:\/\/www.axinesis.com\/de\/wp-json\/wp\/v2\/types\/page"}],"author":[{"embeddable":true,"href":"https:\/\/www.axinesis.com\/de\/wp-json\/wp\/v2\/users\/1"}],"replies":[{"embeddable":true,"href":"https:\/\/www.axinesis.com\/de\/wp-json\/wp\/v2\/comments?post=3074"}],"version-history":[{"count":0,"href":"https:\/\/www.axinesis.com\/de\/wp-json\/wp\/v2\/pages\/3074\/revisions"}],"wp:featuredmedia":[{"embeddable":true,"href":"https:\/\/www.axinesis.com\/de\/wp-json\/wp\/v2\/media\/5958"}],"wp:attachment":[{"href":"https:\/\/www.axinesis.com\/de\/wp-json\/wp\/v2\/media?parent=3074"}],"curies":[{"name":"wp","href":"https:\/\/api.w.org\/{rel}","templated":true}]}}