{"id":3087,"date":"2021-04-07T09:51:46","date_gmt":"2021-04-07T07:51:46","guid":{"rendered":"https:\/\/www.axinesis.com\/cookie-policy\/"},"modified":"2022-01-07T13:18:15","modified_gmt":"2022-01-07T11:18:15","slug":"cookie-erklaerung","status":"publish","type":"page","link":"https:\/\/www.axinesis.com\/de\/cookie-erklaerung\/","title":{"rendered":"Cookie- Erkl\u00e4rung"},"content":{"rendered":"<ol>\n<li aria-current=\"page\">Home<\/li>\n<\/ol>\n<h1>Cookie-Erkl\u00e4rung<\/h1>\n<p><em>Letzte Aktualisierung: 7. April 2021<\/em><\/p>\n<h2>1.\u00a0\u00a0\u00a0\u00a0 Einleitung<\/h2>\n<p>Axinesis ist die Kurzbezeichnung f\u00fcr Axinesis SA mit Hauptsitz\u00a0Avenue Sabin, 3,\u00a01300 Wavre, Belgien, eingetragen unter der Nummer BE0628807052.<\/p>\n<p>In dieser Cookie-Erkl\u00e4rung erl\u00e4utern wir, welche Informationen wir bei Axinesis \u00fcber unsere Website durch Cookies erfassen und wie wir damit unseren Service f\u00fcr Sie verbessern.<\/p>\n<p>Durch die Nutzung unserer Website erkl\u00e4ren Sie sich einverstanden mit unserer Verwendung von Cookies.<\/p>\n<h2>2.\u00a0\u00a0\u00a0\u00a0 Cookies<\/h2>\n<p>Ein Cookie ist eine kleine Datendatei, die ausgehend von einer Internetseite vor\u00fcbergehend auf Ihrem Computer beziehungsweise Mobilger\u00e4t gespeichert wird, wenn Sie eine Website besuchen. \u00dcber ein Cookie l\u00e4sst sich das Ger\u00e4t erkennen, mit dem Sie unsere Website aufrufen. Wir erhalten dadurch aber keinen Zugriff auf Ihre eigenen pers\u00f6nlichen Daten.<\/p>\n<p>\u00dcber Ihre Browser-Einstellungen k\u00f6nnen Sie Cookies schnell und einfach l\u00f6schen. Zudem haben Sie die M\u00f6glichkeit, Ihre Einstellungen so festzulegen, dass Cookies immer abgelehnt werden. Die Nutzung unserer Website ist dann eventuell nur eingeschr\u00e4nkt m\u00f6glich; bestimmte Funktionen stehen m\u00f6glicherweise nicht zur Verf\u00fcgung.<\/p>\n<h2>Cookie-Arten:<\/h2>\n<h3>2.1.\u00a0 Funktionsbezogene Cookies<\/h3>\n<p>Diese technischen Cookies dienen zum Verbessern der Leistungsf\u00e4higkeit unserer Website. Vorteilhaft f\u00fcr Sie ist, dass Sie Informationen bei Ihren Besuchen unserer Website nicht mehrfach eingeben beziehungsweise laden m\u00fcssen. Folgende Cookies werden verwendet:<\/p>\n<ul>\n<li><strong>Crisp Chat.<\/strong> Dieses Cookie l\u00e4uft nach einem Jahr ab. (<a href=\"https:\/\/crisp.chat\/en\/privacy\/\">https:\/\/crisp.chat\/en\/privacy<\/a>\/)<\/li>\n<li><strong>Cloudflare.<\/strong> Dieses Cookie l\u00e4uft nach einem Jahr ab. (<a href=\"https:\/\/www.cloudflare.com\/privacypolicy\/\">https:\/\/www.cloudflare.com\/privacypolicy\/<\/a>)<\/li>\n<li><strong>Twitter.<\/strong> Dieses Cookie l\u00e4uft nach der Sitzung ab. (<a href=\"https:\/\/twitter.com\/en\/privacy\">https:\/\/twitter.com\/en\/privacy<\/a>)<\/li>\n<li><strong>Hotjar.<\/strong> Dieses Cookie kommt f\u00fcr das Tracking zum Einsatz. (<a href=\"https:\/\/www.hotjar.com\/privacy\">https:\/\/www.hotjar.com\/privacy<\/a>)<\/li>\n<li><strong>ELEMENTOR.<\/strong> Dieses Cookie ist persistent. (<a href=\"https:\/\/elementor.com\/about\/privacy\/\">https:\/\/elementor.com\/about\/privacy\/<\/a>)<\/li>\n<\/ul>\n<h3>2.2.\u00a0 Marketingbezogene Cookies<\/h3>\n<p>Diese Cookies setzen wir gegebenenfalls zu Marketingzwecken ein, damit interessierten Menschen die f\u00fcr sie relevanten Anzeigen und Angebote eingeblendet werden:<\/p>\n<ul>\n<li><strong>Google Tag Manager.<\/strong> Dieses Cookie l\u00e4uft nach der Sitzung ab. (<a href=\"https:\/\/policies.google.com\/privacy\">https:\/\/policies.google.com\/privacy<\/a>)<\/li>\n<li><strong>Google<\/strong>: Dieses Cookie l\u00e4uft nach sechs Monaten ab. (<a href=\"https:\/\/policies.google.com\/privacy\">https:\/\/policies.google.com\/privacy<\/a>)<\/li>\n<li><strong>Doubleclick<\/strong>: Dieses Cookie l\u00e4uft nach der Sitzung ab. (<a href=\"https:\/\/policies.google.com\/privacy\">https:\/\/policies.google.com\/privacy<\/a>)<\/li>\n<li><strong>Facebook (_fbp)<\/strong>: Dieses Cookie l\u00e4uft nach einem Tag ab. (<a href=\"https:\/\/www.facebook.com\/policy.php\">https:\/\/www.facebook.com\/policy.php<\/a>)<\/li>\n<li><strong>Facebook (fr)<\/strong>: Dieses Cookie l\u00e4uft nach drei Jahren ab. (<a href=\"https:\/\/www.facebook.com\/policy.php\">https:\/\/www.facebook.com\/policy.php<\/a>)<\/li>\n<li><strong>Facebook (tr)<\/strong>: Dieses Cookie l\u00e4uft nach der Sitzung ab. (<a href=\"https:\/\/www.facebook.com\/policy.php\">https:\/\/www.facebook.com\/policy.php<\/a>)<\/li>\n<li><strong>Hotjar<\/strong>: Dieses Cookie l\u00e4uft nach der Sitzung ab. (<a href=\"https:\/\/www.hotjar.com\/legal\/policies\/privacy\">https:\/\/www.hotjar.com\/legal\/policies\/privacy<\/a>)<\/li>\n<li>jetPopupData: Dieses Cookie ist persistent. (<a href=\"https:\/\/crocoblock.com\/plugins\/jetpopup\/\">https:\/\/crocoblock.com\/plugins\/jetpopup\/<\/a>)<\/li>\n<\/ul>\n","protected":false},"excerpt":{"rendered":"<p>Home Cookie-Erkl\u00e4rung Letzte Aktualisierung: 7. April 2021 1.\u00a0\u00a0\u00a0\u00a0 Einleitung Axinesis ist die Kurzbezeichnung f\u00fcr Axinesis SA mit Hauptsitz\u00a0Avenue Sabin, 3,\u00a01300 Wavre, Belgien, eingetragen unter der Nummer BE0628807052. In dieser Cookie-Erkl\u00e4rung erl\u00e4utern wir, welche Informationen wir bei Axinesis \u00fcber unsere Website durch Cookies erfassen und wie wir damit unseren Service f\u00fcr Sie verbessern. Durch die Nutzung [&hellip;]<\/p>\n","protected":false},"author":1,"featured_media":0,"parent":0,"menu_order":0,"comment_status":"closed","ping_status":"closed","template":"elementor_header_footer","meta":{"_acf_changed":false,"inline_featured_image":false,"footnotes":""},"class_list":["post-3087","page","type-page","status-publish","hentry"],"acf":[],"yoast_head":"<!-- This site is optimized with the Yoast SEO plugin v27.0 - https:\/\/yoast.com\/product\/yoast-seo-wordpress\/ -->\n<title>Cookie- Erkl\u00e4rung - Axinesis<\/title>\n<meta name=\"robots\" content=\"index, follow, max-snippet:-1, max-image-preview:large, max-video-preview:-1\" \/>\n<link rel=\"canonical\" href=\"https:\/\/www.axinesis.com\/de\/cookie-erklaerung\/\" \/>\n<meta property=\"og:locale\" content=\"de_DE\" \/>\n<meta property=\"og:type\" content=\"article\" \/>\n<meta property=\"og:title\" content=\"Cookie- Erkl\u00e4rung - Axinesis\" \/>\n<meta property=\"og:description\" content=\"Home Cookie-Erkl\u00e4rung Letzte Aktualisierung: 7. April 2021 1.\u00a0\u00a0\u00a0\u00a0 Einleitung Axinesis ist die Kurzbezeichnung f\u00fcr Axinesis SA mit Hauptsitz\u00a0Avenue Sabin, 3,\u00a01300 Wavre, Belgien, eingetragen unter der Nummer BE0628807052. In dieser Cookie-Erkl\u00e4rung erl\u00e4utern wir, welche Informationen wir bei Axinesis \u00fcber unsere Website durch Cookies erfassen und wie wir damit unseren Service f\u00fcr Sie verbessern. Durch die Nutzung [&hellip;]\" \/>\n<meta property=\"og:url\" content=\"https:\/\/www.axinesis.com\/de\/cookie-erklaerung\/\" \/>\n<meta property=\"og:site_name\" content=\"Axinesis\" \/>\n<meta property=\"article:publisher\" content=\"https:\/\/www.facebook.com\/axinesis\" \/>\n<meta property=\"article:modified_time\" content=\"2022-01-07T11:18:15+00:00\" \/>\n<meta property=\"og:image\" content=\"https:\/\/www.axinesis.com\/wp-content\/uploads\/2022\/11\/header_axinesis.png\" \/>\n\t<meta property=\"og:image:width\" content=\"1500\" \/>\n\t<meta property=\"og:image:height\" content=\"796\" \/>\n\t<meta property=\"og:image:type\" content=\"image\/png\" \/>\n<meta name=\"twitter:card\" content=\"summary_large_image\" \/>\n<meta name=\"twitter:label1\" content=\"Gesch\u00e4tzte Lesezeit\" \/>\n\t<meta name=\"twitter:data1\" content=\"2\u00a0Minuten\" \/>\n<script type=\"application\/ld+json\" class=\"yoast-schema-graph\">{\"@context\":\"https:\/\/schema.org\",\"@graph\":[{\"@type\":\"WebPage\",\"@id\":\"https:\/\/www.axinesis.com\/de\/cookie-erklaerung\/\",\"url\":\"https:\/\/www.axinesis.com\/de\/cookie-erklaerung\/\",\"name\":\"Cookie- Erkl\u00e4rung - Axinesis\",\"isPartOf\":{\"@id\":\"https:\/\/www.axinesis.com\/en\/#website\"},\"datePublished\":\"2021-04-07T07:51:46+00:00\",\"dateModified\":\"2022-01-07T11:18:15+00:00\",\"breadcrumb\":{\"@id\":\"https:\/\/www.axinesis.com\/de\/cookie-erklaerung\/#breadcrumb\"},\"inLanguage\":\"de\",\"potentialAction\":[{\"@type\":\"ReadAction\",\"target\":[\"https:\/\/www.axinesis.com\/de\/cookie-erklaerung\/\"]}]},{\"@type\":\"BreadcrumbList\",\"@id\":\"https:\/\/www.axinesis.com\/de\/cookie-erklaerung\/#breadcrumb\",\"itemListElement\":[{\"@type\":\"ListItem\",\"position\":1,\"name\":\"Home\",\"item\":\"https:\/\/www.axinesis.com\/de\/\"},{\"@type\":\"ListItem\",\"position\":2,\"name\":\"Cookie- Erkl\u00e4rung\"}]},{\"@type\":\"WebSite\",\"@id\":\"https:\/\/www.axinesis.com\/en\/#website\",\"url\":\"https:\/\/www.axinesis.com\/en\/\",\"name\":\"Axinesis\",\"description\":\"\",\"publisher\":{\"@id\":\"https:\/\/www.axinesis.com\/en\/#organization\"},\"potentialAction\":[{\"@type\":\"SearchAction\",\"target\":{\"@type\":\"EntryPoint\",\"urlTemplate\":\"https:\/\/www.axinesis.com\/en\/?s={search_term_string}\"},\"query-input\":{\"@type\":\"PropertyValueSpecification\",\"valueRequired\":true,\"valueName\":\"search_term_string\"}}],\"inLanguage\":\"de\"},{\"@type\":\"Organization\",\"@id\":\"https:\/\/www.axinesis.com\/en\/#organization\",\"name\":\"Axinesis\",\"url\":\"https:\/\/www.axinesis.com\/en\/\",\"logo\":{\"@type\":\"ImageObject\",\"inLanguage\":\"de\",\"@id\":\"https:\/\/www.axinesis.com\/en\/#\/schema\/logo\/image\/\",\"url\":\"https:\/\/www.axinesis.com\/wp-content\/uploads\/2021\/04\/Page-Header-Patients.jpg\",\"contentUrl\":\"https:\/\/www.axinesis.com\/wp-content\/uploads\/2021\/04\/Page-Header-Patients.jpg\",\"width\":1366,\"height\":660,\"caption\":\"Axinesis\"},\"image\":{\"@id\":\"https:\/\/www.axinesis.com\/en\/#\/schema\/logo\/image\/\"},\"sameAs\":[\"https:\/\/www.facebook.com\/axinesis\"]}]}<\/script>\n<!-- \/ Yoast SEO plugin. -->","yoast_head_json":{"title":"Cookie- Erkl\u00e4rung - Axinesis","robots":{"index":"index","follow":"follow","max-snippet":"max-snippet:-1","max-image-preview":"max-image-preview:large","max-video-preview":"max-video-preview:-1"},"canonical":"https:\/\/www.axinesis.com\/de\/cookie-erklaerung\/","og_locale":"de_DE","og_type":"article","og_title":"Cookie- Erkl\u00e4rung - Axinesis","og_description":"Home Cookie-Erkl\u00e4rung Letzte Aktualisierung: 7. April 2021 1.\u00a0\u00a0\u00a0\u00a0 Einleitung Axinesis ist die Kurzbezeichnung f\u00fcr Axinesis SA mit Hauptsitz\u00a0Avenue Sabin, 3,\u00a01300 Wavre, Belgien, eingetragen unter der Nummer BE0628807052. In dieser Cookie-Erkl\u00e4rung erl\u00e4utern wir, welche Informationen wir bei Axinesis \u00fcber unsere Website durch Cookies erfassen und wie wir damit unseren Service f\u00fcr Sie verbessern. Durch die Nutzung [&hellip;]","og_url":"https:\/\/www.axinesis.com\/de\/cookie-erklaerung\/","og_site_name":"Axinesis","article_publisher":"https:\/\/www.facebook.com\/axinesis","article_modified_time":"2022-01-07T11:18:15+00:00","og_image":[{"width":1500,"height":796,"url":"https:\/\/www.axinesis.com\/wp-content\/uploads\/2022\/11\/header_axinesis.png","type":"image\/png"}],"twitter_card":"summary_large_image","twitter_misc":{"Gesch\u00e4tzte Lesezeit":"2\u00a0Minuten"},"schema":{"@context":"https:\/\/schema.org","@graph":[{"@type":"WebPage","@id":"https:\/\/www.axinesis.com\/de\/cookie-erklaerung\/","url":"https:\/\/www.axinesis.com\/de\/cookie-erklaerung\/","name":"Cookie- Erkl\u00e4rung - Axinesis","isPartOf":{"@id":"https:\/\/www.axinesis.com\/en\/#website"},"datePublished":"2021-04-07T07:51:46+00:00","dateModified":"2022-01-07T11:18:15+00:00","breadcrumb":{"@id":"https:\/\/www.axinesis.com\/de\/cookie-erklaerung\/#breadcrumb"},"inLanguage":"de","potentialAction":[{"@type":"ReadAction","target":["https:\/\/www.axinesis.com\/de\/cookie-erklaerung\/"]}]},{"@type":"BreadcrumbList","@id":"https:\/\/www.axinesis.com\/de\/cookie-erklaerung\/#breadcrumb","itemListElement":[{"@type":"ListItem","position":1,"name":"Home","item":"https:\/\/www.axinesis.com\/de\/"},{"@type":"ListItem","position":2,"name":"Cookie- Erkl\u00e4rung"}]},{"@type":"WebSite","@id":"https:\/\/www.axinesis.com\/en\/#website","url":"https:\/\/www.axinesis.com\/en\/","name":"Axinesis","description":"","publisher":{"@id":"https:\/\/www.axinesis.com\/en\/#organization"},"potentialAction":[{"@type":"SearchAction","target":{"@type":"EntryPoint","urlTemplate":"https:\/\/www.axinesis.com\/en\/?s={search_term_string}"},"query-input":{"@type":"PropertyValueSpecification","valueRequired":true,"valueName":"search_term_string"}}],"inLanguage":"de"},{"@type":"Organization","@id":"https:\/\/www.axinesis.com\/en\/#organization","name":"Axinesis","url":"https:\/\/www.axinesis.com\/en\/","logo":{"@type":"ImageObject","inLanguage":"de","@id":"https:\/\/www.axinesis.com\/en\/#\/schema\/logo\/image\/","url":"https:\/\/www.axinesis.com\/wp-content\/uploads\/2021\/04\/Page-Header-Patients.jpg","contentUrl":"https:\/\/www.axinesis.com\/wp-content\/uploads\/2021\/04\/Page-Header-Patients.jpg","width":1366,"height":660,"caption":"Axinesis"},"image":{"@id":"https:\/\/www.axinesis.com\/en\/#\/schema\/logo\/image\/"},"sameAs":["https:\/\/www.facebook.com\/axinesis"]}]}},"_links":{"self":[{"href":"https:\/\/www.axinesis.com\/de\/wp-json\/wp\/v2\/pages\/3087","targetHints":{"allow":["GET"]}}],"collection":[{"href":"https:\/\/www.axinesis.com\/de\/wp-json\/wp\/v2\/pages"}],"about":[{"href":"https:\/\/www.axinesis.com\/de\/wp-json\/wp\/v2\/types\/page"}],"author":[{"embeddable":true,"href":"https:\/\/www.axinesis.com\/de\/wp-json\/wp\/v2\/users\/1"}],"replies":[{"embeddable":true,"href":"https:\/\/www.axinesis.com\/de\/wp-json\/wp\/v2\/comments?post=3087"}],"version-history":[{"count":0,"href":"https:\/\/www.axinesis.com\/de\/wp-json\/wp\/v2\/pages\/3087\/revisions"}],"wp:attachment":[{"href":"https:\/\/www.axinesis.com\/de\/wp-json\/wp\/v2\/media?parent=3087"}],"curies":[{"name":"wp","href":"https:\/\/api.w.org\/{rel}","templated":true}]}}