{"id":3127,"date":"2021-04-07T09:52:48","date_gmt":"2021-04-07T07:52:48","guid":{"rendered":"https:\/\/www.axinesis.com\/privacy-policy\/"},"modified":"2022-01-07T13:20:17","modified_gmt":"2022-01-07T11:20:17","slug":"datenschutzerklaerung","status":"publish","type":"page","link":"https:\/\/www.axinesis.com\/de\/datenschutzerklaerung\/","title":{"rendered":"Datenschutzerkl\u00e4rung"},"content":{"rendered":"\t\t<div data-elementor-type=\"wp-page\" data-elementor-id=\"3127\" class=\"elementor elementor-3127 elementor-1503\" data-elementor-post-type=\"page\">\n\t\t\t\t\t\t<section class=\"elementor-section elementor-top-section elementor-element elementor-element-52677efe elementor-section-height-min-height elementor-section-boxed elementor-section-height-default elementor-section-items-middle\" data-id=\"52677efe\" data-element_type=\"section\" data-settings=\"{&quot;jet_parallax_layout_list&quot;:[{&quot;jet_parallax_layout_image&quot;:{&quot;url&quot;:&quot;&quot;,&quot;id&quot;:&quot;&quot;,&quot;size&quot;:&quot;&quot;},&quot;_id&quot;:&quot;e148aec&quot;,&quot;jet_parallax_layout_speed&quot;:{&quot;unit&quot;:&quot;%&quot;,&quot;size&quot;:&quot;50&quot;,&quot;sizes&quot;:[]},&quot;jet_parallax_layout_bg_x&quot;:&quot;50&quot;,&quot;jet_parallax_layout_bg_y&quot;:&quot;50&quot;,&quot;jet_parallax_layout_image_tablet&quot;:{&quot;url&quot;:&quot;&quot;,&quot;id&quot;:&quot;&quot;,&quot;size&quot;:&quot;&quot;},&quot;jet_parallax_layout_image_mobile&quot;:{&quot;url&quot;:&quot;&quot;,&quot;id&quot;:&quot;&quot;,&quot;size&quot;:&quot;&quot;},&quot;jet_parallax_layout_type&quot;:&quot;scroll&quot;,&quot;jet_parallax_layout_direction&quot;:null,&quot;jet_parallax_layout_fx_direction&quot;:null,&quot;jet_parallax_layout_z_index&quot;:&quot;&quot;,&quot;jet_parallax_layout_bg_x_tablet&quot;:&quot;&quot;,&quot;jet_parallax_layout_bg_x_mobile&quot;:&quot;&quot;,&quot;jet_parallax_layout_bg_y_tablet&quot;:&quot;&quot;,&quot;jet_parallax_layout_bg_y_mobile&quot;:&quot;&quot;,&quot;jet_parallax_layout_bg_size&quot;:&quot;auto&quot;,&quot;jet_parallax_layout_bg_size_tablet&quot;:&quot;&quot;,&quot;jet_parallax_layout_bg_size_mobile&quot;:&quot;&quot;,&quot;jet_parallax_layout_animation_prop&quot;:&quot;transform&quot;,&quot;jet_parallax_layout_on&quot;:[&quot;desktop&quot;,&quot;tablet&quot;]}],&quot;background_background&quot;:&quot;classic&quot;}\">\n\t\t\t\t\t\t\t<div class=\"elementor-background-overlay\"><\/div>\n\t\t\t\t\t\t\t<div class=\"elementor-container elementor-column-gap-default\">\n\t\t\t\t\t<div class=\"elementor-column elementor-col-100 elementor-top-column elementor-element elementor-element-334d0bcd\" data-id=\"334d0bcd\" data-element_type=\"column\">\n\t\t\t<div class=\"elementor-widget-wrap elementor-element-populated\">\n\t\t\t\t\t\t<div class=\"elementor-element elementor-element-7bac3227 elementor-align-flex-start elementor-invisible elementor-widget elementor-widget-raven-breadcrumbs\" data-id=\"7bac3227\" data-element_type=\"widget\" data-settings=\"{&quot;_animation&quot;:&quot;fadeInRight&quot;}\" data-widget_type=\"raven-breadcrumbs.default\">\n\t\t\t\t<div class=\"elementor-widget-container\">\n\t\t\t\t\t<div class=\"raven-breadcrumbs raven-breadcrumbs-default\"><div class=\"breadcrumb\">\t\t\t\t<div class=\"breadcrumb-item active\" aria-current=\"page\"><span>Home<\/span><\/div>\r\n\r\n\t\t\t\t<\/div><\/div>\t\t\t\t<\/div>\n\t\t\t\t<\/div>\n\t\t\t\t<div class=\"elementor-element elementor-element-4766199a elementor-align-left elementor-invisible elementor-widget elementor-widget-raven-heading\" data-id=\"4766199a\" data-element_type=\"widget\" data-settings=\"{&quot;_animation&quot;:&quot;fadeInRight&quot;,&quot;_animation_delay&quot;:100}\" data-widget_type=\"raven-heading.default\">\n\t\t\t\t<div class=\"elementor-widget-container\">\n\t\t\t\t\t\t\t<div class=\"raven-widget-wrapper\"><h1 class=\"raven-heading raven-heading-h1\"><span class=\"raven-heading-title \">Datenschutzerkl\u00e4rung<\/span><\/h1><\/div>\r\n\t\t\t\t\t\t<\/div>\n\t\t\t\t<\/div>\n\t\t\t\t<div class=\"elementor-element elementor-element-7bf9ceed elementor-invisible elementor-widget elementor-widget-text-editor\" data-id=\"7bf9ceed\" data-element_type=\"widget\" data-settings=\"{&quot;_animation&quot;:&quot;fadeInRight&quot;,&quot;_animation_delay&quot;:300}\" data-widget_type=\"text-editor.default\">\n\t\t\t\t<div class=\"elementor-widget-container\">\n\t\t\t\t\t\t\t\t\t<p><em>Letzte Aktualisierung: 7. April 2021.<\/em><\/p><h2>1.\u00a0\u00a0\u00a0\u00a0 Einleitung<\/h2><p>Axinesis ist die Kurzbezeichnung f\u00fcr Axinesis SA mit Hauptsitz\u00a0Avenue Sabin, 3,\u00a01300 Wavre, Belgien, eingetragen unter der Nummer BE0628807052.<\/p><p>In dieser Datenschutzerkl\u00e4rung erl\u00e4utern wir, welche personenbezogenen Daten wir bei Axinesis als Verantwortlicher (Controller) erfassen und auf welche Weise wir diese Daten verwenden und weitergeben, um unseren Service zu verbessern.<\/p><h2>2.\u00a0\u00a0\u00a0\u00a0 Personenbezogene Daten<\/h2><p>Die begrenzte Menge an personenbezogenen Daten, die wir unter Umst\u00e4nden speichern, wird wie folgt erfasst:<\/p><ul><li><span style=\"text-decoration: underline;\">Website<\/span>: Wenn Sie unsere Website besuchen, werden bestimmte Informationen (beispielsweise Ihre IP-Adresse) durch Cookies erfasst, um damit die Website zu verwalten und zu optimieren. Erl\u00e4uterungen zu diesen Cookies finden Sie in unserer\u00a0<span style=\"text-decoration: underline;\">Cookie-Erkl\u00e4rung<\/span>.<\/li><\/ul><ul><li><span style=\"text-decoration: underline;\">Gesch\u00e4ftsbeziehungen<\/span>: Wenn Sie uns als (potenzieller) Kunde oder Partner kontaktieren, erfassen wir Ihren vollst\u00e4ndigen Namen, Kontaktinformationen (etwa E-Mail-Adresse, Telefonnummer, B\u00fcro- und\/oder Wohnanschrift) sowie weitere Informationen, die in Bezug auf die Bestellung, Rechnungsstellung oder Zusammenarbeit erforderlich sind (beispielsweise Ihre Bankverbindung, die Kontakthistorie oder Angaben zu Ihren vorherigen Bestellungen).<\/li><\/ul><ul><li><span style=\"text-decoration: underline;\">Marketing<\/span>: Wenn Sie uns Ihre ausdr\u00fcckliche Einwilligung dazu erteilen, erfassen wir Ihren vollst\u00e4ndigen Namen und Ihre E-Mail-Adresse f\u00fcr Direktmarketingzwecke sowie den Versand von Newslettern, Angeboten und Aktionsinformationen rund um unsere Produkte und Dienstleistungen. Sie k\u00f6nnen Ihre Einwilligung jederzeit widerrufen.<p>\u00a0<\/p><\/li><\/ul><p>Sie sind in keinem Fall verpflichtet, uns Ihre personenbezogenen Daten zur Verf\u00fcgung zu stellen; ohne Ihre personenbezogenen Daten wird das Bereitstellen unseres Service allerdings unter Umst\u00e4nden erschwert oder unm\u00f6glich.<\/p><h2>3.\u00a0 \u00a0 \u00a0 Verarbeitungszwecke<\/h2><p>Wir verarbeiten Ihre personenbezogenen Daten im Rahmen unserer allgemeinen Kunden- und Auftragsverwaltung oder zum Bereitstellen unseres Service. Darunter fallen Kundenadministration, Nachverfolgung von Auftr\u00e4gen und Lieferungen, Rechnungsstellung, Fragenbeantwortung und Marketing.\u00a0<\/p><p>F\u00fcr die Verarbeitung gelten folgende Rechtsgrundlagen:<\/p><ul><li>Ihre Einwilligung;<\/li><li>Notwendigkeit f\u00fcr die Umsetzung des Vertrags;<\/li><li>Notwendigkeit f\u00fcr die Einhaltung einer rechtlichen Verpflichtung;<\/li><li>Zweck des Schutzes Ihrer grundlegenden Interessen oder der grundlegenden Interessen von anderen Personen;<\/li><li>Zweck der Durchf\u00fchrung einer Aufgabe von allgemeinem Interesse;<\/li><li>Notwendigkeit f\u00fcr die Verteidigung unserer Rechtsg\u00fcter in Bezug auf unsere Gesch\u00e4ftst\u00e4tigkeit.<\/li><\/ul><p>Soweit die Verarbeitung personenbezogener Daten auf Basis Ihrer ausdr\u00fccklichen Einwilligung erfolgt, haben Sie das Recht, Ihre Einwilligung zu widerrufen.<\/p><h2>4.\u00a0 \u00a0 \u00a0Weitergabe an Dritte<\/h2><p>Sofern dies f\u00fcr die oben erw\u00e4hnten Zwecke erforderlich ist, geben wir Ihre personenbezogenen Daten unter Umst\u00e4nden an Mitarbeitende und Gesch\u00e4ftspartner weiter. Unsere Partner ergreifen im Gegenzug die notwendigen technischen und organisatorische Ma\u00dfnahmen zum Schutz der personenbezogenen Daten.<\/p><p>Keinesfalls erfolgt eine Weitergabe Ihrer personenbezogenen Daten an Dritte zu kommerziellen Zwecken. Sollte es zu einer Neuorganisation, einem Konkurs oder einer Verlagerung von Unternehmensaktivit\u00e4ten kommen, besteht allerdings die M\u00f6glichkeit, dass mit unseren Unternehmensaktivit\u00e4ten verbundene Daten an Dritte \u00fcbertragen werden.<\/p><p>Unter bestimmten Umst\u00e4nden sind wir eventuell verpflichtet, Ihre personenbezogenen Daten nach gerichtlicher Anordnung beziehungsweise aufgrund von gesetzlichen Vorschriften weiterzugeben, etwa im Rahmen von Betrugsbek\u00e4mpfung oder im Zusammenhang mit Sicherheitsproblemen oder zum Schutz unserer Rechte.<\/p><h2>5.\u00a0\u00a0\u00a0\u00a0 Speicherzeitraum<\/h2><p>Wir verarbeiten und speichern personenbezogene Daten so lange, wie es unserem Vertragsverh\u00e4ltnis gem\u00e4\u00df f\u00fcr die oben aufgef\u00fchrten Zwecke beziehungsweise zur Erf\u00fcllung gesetzlicher Auflagen oder im Rahmen eines standardm\u00e4\u00dfigen Speichermechanismus mit angemessener Zeitbegrenzung (Backups) erforderlich ist.<\/p><h2>6.\u00a0 \u00a0 \u00a0Ihre Rechte<\/h2><p>Im Zusammenhang mit der Speicherung Ihrer personenbezogenen Daten haben Sie folgende Rechte:<\/p><ul><li>Sie k\u00f6nnen Zugriff auf Ihre personenbezogenen Daten erhalten;<\/li><li>Sie k\u00f6nnen Ihre personenbezogenen Daten bei falscher oder fehlerhafter Erfassung korrigieren beziehungsweise vervollst\u00e4ndigen;<\/li><li>Sie k\u00f6nnen Ihre personenbezogenen Daten l\u00f6schen lassen;<\/li><li>Sie k\u00f6nnen die Verarbeitung Ihrer personenbezogenen Daten beschr\u00e4nken;<\/li><li>Sie k\u00f6nnen der Verarbeitung Ihrer personenbezogenen Daten bei berechtigtem Interesse aus triftigem Grund widersprechen;<\/li><li>Sie k\u00f6nnen Ihre personenbezogenen Daten an ein anderes Unternehmen \u00fcbertragen lassen.<\/li><\/ul><p>Um diese Rechte wahrzunehmen, k\u00f6nnen Sie uns postalisch oder per E-Mail an <a href=\"mailto:sav@axinesis.com\">sav@axinesis.com<\/a> kontaktieren.<\/p><h2>7.\u00a0\u00a0\u00a0\u00a0 Beanstandungen<\/h2><p>Sollten Sie Fragen oder Anmerkungen zu unserer Datenschutzerkl\u00e4rung haben, setzen Sie sich bitte mit uns in Verbindung.<\/p><p>Im Zusammenhang mit der Speicherung Ihrer personenbezogenen Daten haben Sie das Recht, Beanstandungen an die belgische Datenschutzbeh\u00f6rde (Gegevensbeschermingsautoriteit, Drukpersstraat 35, 1000 Br\u00fcssel, <a href=\"mailto:commission@privacycommission.be)\">contact@apd-gba.be<\/a> zu \u00fcbermitteln.<\/p><h2>8.\u00a0\u00a0\u00a0\u00a0 Sicherheit<\/h2><p>Zum Schutz Ihrer personenbezogenen Daten vor Zerst\u00f6rungen, Verlust, Ver\u00e4nderungen, Verf\u00e4lschungen, unbefugter Verbreitung und unberechtigtem Zugriff setzen wir die standardm\u00e4\u00dfigen technischen und organisatorischen Ma\u00dfnahmen ein, die angemessen erwartbar sind.<\/p><p>Personenbezogene Daten d\u00fcrfen an Partner in L\u00e4ndern au\u00dferhalb des Europ\u00e4ischen Wirtschaftsraums nur dann weitergegeben werden, wenn in dem jeweiligen Land eine ordnungsgem\u00e4\u00dfe Sicherheit Ihrer personenbezogenen Daten garantiert ist. Vor einer Weitergabe von personenbezogenen Daten an Partner in den USA muss uns ein separater Datenverarbeitungsvertrag oder eine Zertifizierung gem\u00e4\u00df Privacy Shield Framework (<a href=\"https:\/\/www.privacyshield.gov\/welcome\">www.privacyshield.gov<\/a>) vorliegen.<\/p><p>Wir haften nicht f\u00fcr eine missbr\u00e4uchliche oder unrechtm\u00e4\u00dfige Verwendung von personenbezogenen Daten durch Dritte. Zudem bleiben Sie selbst verantwortlich f\u00fcr die Vertraulichkeit und Verwendung Ihres Computers, Ihrer IP-Adresse sowie Ihrer Anmelde- und Identifikationsdaten.<\/p><h2>9.\u00a0\u00a0\u00a0\u00a0 Ihre Privatsph\u00e4re<\/h2><p>Der Schutz Ihrer Daten ist uns sehr wichtig.<\/p><p>Wir tun alles, was in unserer Macht steht, um Ihre Daten zu sch\u00fctzen. Auch die Einhaltung der folgenden gesetzlichen Vorgaben hat gro\u00dfe Bedeutung f\u00fcr uns: (i) Gesetz vom 8.\u00a0Dezember 1992 zum Schutz der Privatsph\u00e4re bei der Verarbeitung von personenbezogenen Daten (Loi du 8 d\u00e9cembre 1992 relative \u00e0 la protection de la vie priv\u00e9e \u00e0 l\u2019\u00e9gard des traitements de donn\u00e9es \u00e0 caract\u00e8re personnel) in abge\u00e4nderter Fassung vom Dezember 1998; (ii) Anti-Spam-Vorschriften aus Buch\u00a0XII des belgischen Wirtschaftsgesetzbuchs (Code de droit \u00e9conomique) zum elektronischen Gesch\u00e4ftsverkehr; (iii) Verordnung (EU) 2016\/679 vom 27.\u00a0April 2016 zum Schutz nat\u00fcrlicher Personen bei der Verarbeitung personenbezogener Daten (Datenschutz-Grundverordnung).<\/p>\t\t\t\t\t\t\t\t<\/div>\n\t\t\t\t<\/div>\n\t\t\t\t\t<\/div>\n\t\t<\/div>\n\t\t\t\t\t<\/div>\n\t\t<\/section>\n\t\t\t\t<\/div>\n\t\t","protected":false},"excerpt":{"rendered":"<p>Home Datenschutzerkl\u00e4rung Letzte Aktualisierung: 7. April 2021. 1.\u00a0\u00a0\u00a0\u00a0 Einleitung Axinesis ist die Kurzbezeichnung f\u00fcr Axinesis SA mit Hauptsitz\u00a0Avenue Sabin, 3,\u00a01300 Wavre, Belgien, eingetragen unter der Nummer BE0628807052. In dieser Datenschutzerkl\u00e4rung erl\u00e4utern wir, welche personenbezogenen Daten wir bei Axinesis als Verantwortlicher (Controller) erfassen und auf welche Weise wir diese Daten verwenden und weitergeben, um unseren Service [&hellip;]<\/p>\n","protected":false},"author":1,"featured_media":0,"parent":0,"menu_order":0,"comment_status":"closed","ping_status":"closed","template":"elementor_header_footer","meta":{"_acf_changed":false,"inline_featured_image":false,"footnotes":""},"class_list":["post-3127","page","type-page","status-publish","hentry"],"acf":[],"yoast_head":"<!-- This site is optimized with the Yoast SEO plugin v27.0 - https:\/\/yoast.com\/product\/yoast-seo-wordpress\/ -->\n<title>Datenschutzerkl\u00e4rung - Axinesis<\/title>\n<meta name=\"robots\" content=\"index, follow, max-snippet:-1, max-image-preview:large, max-video-preview:-1\" \/>\n<link rel=\"canonical\" href=\"https:\/\/www.axinesis.com\/de\/datenschutzerklaerung\/\" \/>\n<meta property=\"og:locale\" content=\"de_DE\" \/>\n<meta property=\"og:type\" content=\"article\" \/>\n<meta property=\"og:title\" content=\"Datenschutzerkl\u00e4rung - Axinesis\" \/>\n<meta property=\"og:description\" content=\"Home Datenschutzerkl\u00e4rung Letzte Aktualisierung: 7. April 2021. 1.\u00a0\u00a0\u00a0\u00a0 Einleitung Axinesis ist die Kurzbezeichnung f\u00fcr Axinesis SA mit Hauptsitz\u00a0Avenue Sabin, 3,\u00a01300 Wavre, Belgien, eingetragen unter der Nummer BE0628807052. In dieser Datenschutzerkl\u00e4rung erl\u00e4utern wir, welche personenbezogenen Daten wir bei Axinesis als Verantwortlicher (Controller) erfassen und auf welche Weise wir diese Daten verwenden und weitergeben, um unseren Service [&hellip;]\" \/>\n<meta property=\"og:url\" content=\"https:\/\/www.axinesis.com\/de\/datenschutzerklaerung\/\" \/>\n<meta property=\"og:site_name\" content=\"Axinesis\" \/>\n<meta property=\"article:publisher\" content=\"https:\/\/www.facebook.com\/axinesis\" \/>\n<meta property=\"article:modified_time\" content=\"2022-01-07T11:20:17+00:00\" \/>\n<meta property=\"og:image\" content=\"https:\/\/www.axinesis.com\/wp-content\/uploads\/2022\/11\/header_axinesis.png\" \/>\n\t<meta property=\"og:image:width\" content=\"1500\" \/>\n\t<meta property=\"og:image:height\" content=\"796\" \/>\n\t<meta property=\"og:image:type\" content=\"image\/png\" \/>\n<meta name=\"twitter:card\" content=\"summary_large_image\" \/>\n<meta name=\"twitter:label1\" content=\"Gesch\u00e4tzte Lesezeit\" \/>\n\t<meta name=\"twitter:data1\" content=\"5\u00a0Minuten\" \/>\n<script type=\"application\/ld+json\" class=\"yoast-schema-graph\">{\"@context\":\"https:\/\/schema.org\",\"@graph\":[{\"@type\":\"WebPage\",\"@id\":\"https:\/\/www.axinesis.com\/de\/datenschutzerklaerung\/\",\"url\":\"https:\/\/www.axinesis.com\/de\/datenschutzerklaerung\/\",\"name\":\"Datenschutzerkl\u00e4rung - Axinesis\",\"isPartOf\":{\"@id\":\"https:\/\/www.axinesis.com\/en\/#website\"},\"datePublished\":\"2021-04-07T07:52:48+00:00\",\"dateModified\":\"2022-01-07T11:20:17+00:00\",\"breadcrumb\":{\"@id\":\"https:\/\/www.axinesis.com\/de\/datenschutzerklaerung\/#breadcrumb\"},\"inLanguage\":\"de\",\"potentialAction\":[{\"@type\":\"ReadAction\",\"target\":[\"https:\/\/www.axinesis.com\/de\/datenschutzerklaerung\/\"]}]},{\"@type\":\"BreadcrumbList\",\"@id\":\"https:\/\/www.axinesis.com\/de\/datenschutzerklaerung\/#breadcrumb\",\"itemListElement\":[{\"@type\":\"ListItem\",\"position\":1,\"name\":\"Home\",\"item\":\"https:\/\/www.axinesis.com\/de\/\"},{\"@type\":\"ListItem\",\"position\":2,\"name\":\"Datenschutzerkl\u00e4rung\"}]},{\"@type\":\"WebSite\",\"@id\":\"https:\/\/www.axinesis.com\/en\/#website\",\"url\":\"https:\/\/www.axinesis.com\/en\/\",\"name\":\"Axinesis\",\"description\":\"\",\"publisher\":{\"@id\":\"https:\/\/www.axinesis.com\/en\/#organization\"},\"potentialAction\":[{\"@type\":\"SearchAction\",\"target\":{\"@type\":\"EntryPoint\",\"urlTemplate\":\"https:\/\/www.axinesis.com\/en\/?s={search_term_string}\"},\"query-input\":{\"@type\":\"PropertyValueSpecification\",\"valueRequired\":true,\"valueName\":\"search_term_string\"}}],\"inLanguage\":\"de\"},{\"@type\":\"Organization\",\"@id\":\"https:\/\/www.axinesis.com\/en\/#organization\",\"name\":\"Axinesis\",\"url\":\"https:\/\/www.axinesis.com\/en\/\",\"logo\":{\"@type\":\"ImageObject\",\"inLanguage\":\"de\",\"@id\":\"https:\/\/www.axinesis.com\/en\/#\/schema\/logo\/image\/\",\"url\":\"https:\/\/www.axinesis.com\/wp-content\/uploads\/2021\/04\/Page-Header-Patients.jpg\",\"contentUrl\":\"https:\/\/www.axinesis.com\/wp-content\/uploads\/2021\/04\/Page-Header-Patients.jpg\",\"width\":1366,\"height\":660,\"caption\":\"Axinesis\"},\"image\":{\"@id\":\"https:\/\/www.axinesis.com\/en\/#\/schema\/logo\/image\/\"},\"sameAs\":[\"https:\/\/www.facebook.com\/axinesis\"]}]}<\/script>\n<!-- \/ Yoast SEO plugin. -->","yoast_head_json":{"title":"Datenschutzerkl\u00e4rung - Axinesis","robots":{"index":"index","follow":"follow","max-snippet":"max-snippet:-1","max-image-preview":"max-image-preview:large","max-video-preview":"max-video-preview:-1"},"canonical":"https:\/\/www.axinesis.com\/de\/datenschutzerklaerung\/","og_locale":"de_DE","og_type":"article","og_title":"Datenschutzerkl\u00e4rung - Axinesis","og_description":"Home Datenschutzerkl\u00e4rung Letzte Aktualisierung: 7. April 2021. 1.\u00a0\u00a0\u00a0\u00a0 Einleitung Axinesis ist die Kurzbezeichnung f\u00fcr Axinesis SA mit Hauptsitz\u00a0Avenue Sabin, 3,\u00a01300 Wavre, Belgien, eingetragen unter der Nummer BE0628807052. In dieser Datenschutzerkl\u00e4rung erl\u00e4utern wir, welche personenbezogenen Daten wir bei Axinesis als Verantwortlicher (Controller) erfassen und auf welche Weise wir diese Daten verwenden und weitergeben, um unseren Service [&hellip;]","og_url":"https:\/\/www.axinesis.com\/de\/datenschutzerklaerung\/","og_site_name":"Axinesis","article_publisher":"https:\/\/www.facebook.com\/axinesis","article_modified_time":"2022-01-07T11:20:17+00:00","og_image":[{"width":1500,"height":796,"url":"https:\/\/www.axinesis.com\/wp-content\/uploads\/2022\/11\/header_axinesis.png","type":"image\/png"}],"twitter_card":"summary_large_image","twitter_misc":{"Gesch\u00e4tzte Lesezeit":"5\u00a0Minuten"},"schema":{"@context":"https:\/\/schema.org","@graph":[{"@type":"WebPage","@id":"https:\/\/www.axinesis.com\/de\/datenschutzerklaerung\/","url":"https:\/\/www.axinesis.com\/de\/datenschutzerklaerung\/","name":"Datenschutzerkl\u00e4rung - Axinesis","isPartOf":{"@id":"https:\/\/www.axinesis.com\/en\/#website"},"datePublished":"2021-04-07T07:52:48+00:00","dateModified":"2022-01-07T11:20:17+00:00","breadcrumb":{"@id":"https:\/\/www.axinesis.com\/de\/datenschutzerklaerung\/#breadcrumb"},"inLanguage":"de","potentialAction":[{"@type":"ReadAction","target":["https:\/\/www.axinesis.com\/de\/datenschutzerklaerung\/"]}]},{"@type":"BreadcrumbList","@id":"https:\/\/www.axinesis.com\/de\/datenschutzerklaerung\/#breadcrumb","itemListElement":[{"@type":"ListItem","position":1,"name":"Home","item":"https:\/\/www.axinesis.com\/de\/"},{"@type":"ListItem","position":2,"name":"Datenschutzerkl\u00e4rung"}]},{"@type":"WebSite","@id":"https:\/\/www.axinesis.com\/en\/#website","url":"https:\/\/www.axinesis.com\/en\/","name":"Axinesis","description":"","publisher":{"@id":"https:\/\/www.axinesis.com\/en\/#organization"},"potentialAction":[{"@type":"SearchAction","target":{"@type":"EntryPoint","urlTemplate":"https:\/\/www.axinesis.com\/en\/?s={search_term_string}"},"query-input":{"@type":"PropertyValueSpecification","valueRequired":true,"valueName":"search_term_string"}}],"inLanguage":"de"},{"@type":"Organization","@id":"https:\/\/www.axinesis.com\/en\/#organization","name":"Axinesis","url":"https:\/\/www.axinesis.com\/en\/","logo":{"@type":"ImageObject","inLanguage":"de","@id":"https:\/\/www.axinesis.com\/en\/#\/schema\/logo\/image\/","url":"https:\/\/www.axinesis.com\/wp-content\/uploads\/2021\/04\/Page-Header-Patients.jpg","contentUrl":"https:\/\/www.axinesis.com\/wp-content\/uploads\/2021\/04\/Page-Header-Patients.jpg","width":1366,"height":660,"caption":"Axinesis"},"image":{"@id":"https:\/\/www.axinesis.com\/en\/#\/schema\/logo\/image\/"},"sameAs":["https:\/\/www.facebook.com\/axinesis"]}]}},"_links":{"self":[{"href":"https:\/\/www.axinesis.com\/de\/wp-json\/wp\/v2\/pages\/3127","targetHints":{"allow":["GET"]}}],"collection":[{"href":"https:\/\/www.axinesis.com\/de\/wp-json\/wp\/v2\/pages"}],"about":[{"href":"https:\/\/www.axinesis.com\/de\/wp-json\/wp\/v2\/types\/page"}],"author":[{"embeddable":true,"href":"https:\/\/www.axinesis.com\/de\/wp-json\/wp\/v2\/users\/1"}],"replies":[{"embeddable":true,"href":"https:\/\/www.axinesis.com\/de\/wp-json\/wp\/v2\/comments?post=3127"}],"version-history":[{"count":0,"href":"https:\/\/www.axinesis.com\/de\/wp-json\/wp\/v2\/pages\/3127\/revisions"}],"wp:attachment":[{"href":"https:\/\/www.axinesis.com\/de\/wp-json\/wp\/v2\/media?parent=3127"}],"curies":[{"name":"wp","href":"https:\/\/api.w.org\/{rel}","templated":true}]}}