{"id":3137,"date":"2021-06-02T11:26:58","date_gmt":"2021-06-02T09:26:58","guid":{"rendered":"https:\/\/www.axinesis.com\/request-a-demo\/"},"modified":"2023-05-17T12:17:40","modified_gmt":"2023-05-17T10:17:40","slug":"kostenlose-demonstration","status":"publish","type":"page","link":"https:\/\/www.axinesis.com\/de\/kostenlose-demonstration\/","title":{"rendered":"Kostenlose Demonstration"},"content":{"rendered":"\t\t<div data-elementor-type=\"wp-page\" data-elementor-id=\"3137\" class=\"elementor elementor-3137 elementor-3009\" data-elementor-post-type=\"page\">\n\t\t\t\t\t\t<section class=\"elementor-section elementor-top-section elementor-element elementor-element-81ab7a3 elementor-section-height-min-height elementor-section-boxed elementor-section-height-default elementor-section-items-middle\" data-id=\"81ab7a3\" data-element_type=\"section\" data-settings=\"{&quot;jet_parallax_layout_list&quot;:[{&quot;jet_parallax_layout_image&quot;:{&quot;url&quot;:&quot;&quot;,&quot;id&quot;:&quot;&quot;,&quot;size&quot;:&quot;&quot;},&quot;_id&quot;:&quot;e148aec&quot;,&quot;jet_parallax_layout_speed&quot;:{&quot;unit&quot;:&quot;%&quot;,&quot;size&quot;:&quot;50&quot;,&quot;sizes&quot;:[]},&quot;jet_parallax_layout_bg_x&quot;:&quot;50&quot;,&quot;jet_parallax_layout_bg_y&quot;:&quot;50&quot;,&quot;jet_parallax_layout_image_tablet&quot;:{&quot;url&quot;:&quot;&quot;,&quot;id&quot;:&quot;&quot;,&quot;size&quot;:&quot;&quot;},&quot;jet_parallax_layout_image_mobile&quot;:{&quot;url&quot;:&quot;&quot;,&quot;id&quot;:&quot;&quot;,&quot;size&quot;:&quot;&quot;},&quot;jet_parallax_layout_type&quot;:&quot;scroll&quot;,&quot;jet_parallax_layout_direction&quot;:null,&quot;jet_parallax_layout_fx_direction&quot;:null,&quot;jet_parallax_layout_z_index&quot;:&quot;&quot;,&quot;jet_parallax_layout_bg_x_tablet&quot;:&quot;&quot;,&quot;jet_parallax_layout_bg_x_mobile&quot;:&quot;&quot;,&quot;jet_parallax_layout_bg_y_tablet&quot;:&quot;&quot;,&quot;jet_parallax_layout_bg_y_mobile&quot;:&quot;&quot;,&quot;jet_parallax_layout_bg_size&quot;:&quot;auto&quot;,&quot;jet_parallax_layout_bg_size_tablet&quot;:&quot;&quot;,&quot;jet_parallax_layout_bg_size_mobile&quot;:&quot;&quot;,&quot;jet_parallax_layout_animation_prop&quot;:&quot;transform&quot;,&quot;jet_parallax_layout_on&quot;:[&quot;desktop&quot;,&quot;tablet&quot;]}],&quot;background_background&quot;:&quot;classic&quot;}\">\n\t\t\t\t\t\t\t<div class=\"elementor-background-overlay\"><\/div>\n\t\t\t\t\t\t\t<div class=\"elementor-container elementor-column-gap-default\">\n\t\t\t\t\t<div class=\"elementor-column elementor-col-100 elementor-top-column elementor-element elementor-element-138abccc\" data-id=\"138abccc\" data-element_type=\"column\">\n\t\t\t<div class=\"elementor-widget-wrap elementor-element-populated\">\n\t\t\t\t\t\t<div class=\"elementor-element elementor-element-664b3e2b elementor-align-center elementor-invisible elementor-widget elementor-widget-raven-heading\" data-id=\"664b3e2b\" data-element_type=\"widget\" data-settings=\"{&quot;_animation&quot;:&quot;fadeInRight&quot;,&quot;_animation_delay&quot;:100}\" data-widget_type=\"raven-heading.default\">\n\t\t\t\t<div class=\"elementor-widget-container\">\n\t\t\t\t\t\t\t<div class=\"raven-widget-wrapper\"><h1 class=\"raven-heading raven-heading-h1\"><span class=\"raven-heading-title \">Kostenlose Demo anfordern<\/span><\/h1><\/div>\r\n\t\t\t\t\t\t<\/div>\n\t\t\t\t<\/div>\n\t\t\t\t\t<\/div>\n\t\t<\/div>\n\t\t\t\t\t<\/div>\n\t\t<\/section>\n\t\t\t\t<section class=\"elementor-section elementor-top-section elementor-element elementor-element-15c3523 elementor-section-boxed elementor-section-height-default elementor-section-height-default\" data-id=\"15c3523\" data-element_type=\"section\" data-settings=\"{&quot;jet_parallax_layout_list&quot;:[]}\">\n\t\t\t\t\t\t<div class=\"elementor-container elementor-column-gap-default\">\n\t\t\t\t\t<div class=\"elementor-column elementor-col-50 elementor-top-column elementor-element elementor-element-c0ca6bd\" data-id=\"c0ca6bd\" data-element_type=\"column\">\n\t\t\t<div class=\"elementor-widget-wrap elementor-element-populated\">\n\t\t\t\t\t\t<div class=\"elementor-element elementor-element-65018ab elementor-invisible elementor-widget elementor-widget-image\" data-id=\"65018ab\" data-element_type=\"widget\" data-settings=\"{&quot;_animation&quot;:&quot;fadeInLeft&quot;}\" data-widget_type=\"image.default\">\n\t\t\t\t<div class=\"elementor-widget-container\">\n\t\t\t\t\t\t\t\t\t\t\t\t\t\t\t<img fetchpriority=\"high\" decoding=\"async\" width=\"1024\" height=\"697\" src=\"https:\/\/www.axinesis.com\/wp-content\/uploads\/2022\/07\/2021_axinesis_J2A1113-1024x697.jpg\" class=\"attachment-large size-large wp-image-6634\" alt=\"\" srcset=\"https:\/\/www.axinesis.com\/wp-content\/uploads\/2022\/07\/2021_axinesis_J2A1113-1024x697.jpg 1024w, https:\/\/www.axinesis.com\/wp-content\/uploads\/2022\/07\/2021_axinesis_J2A1113-300x204.jpg 300w, https:\/\/www.axinesis.com\/wp-content\/uploads\/2022\/07\/2021_axinesis_J2A1113-768x523.jpg 768w, https:\/\/www.axinesis.com\/wp-content\/uploads\/2022\/07\/2021_axinesis_J2A1113-1536x1045.jpg 1536w, https:\/\/www.axinesis.com\/wp-content\/uploads\/2022\/07\/2021_axinesis_J2A1113-2048x1394.jpg 2048w\" sizes=\"(max-width: 1024px) 100vw, 1024px\" \/>\t\t\t\t\t\t\t\t\t\t\t\t\t\t\t<\/div>\n\t\t\t\t<\/div>\n\t\t\t\t\t<\/div>\n\t\t<\/div>\n\t\t\t\t<div class=\"elementor-column elementor-col-50 elementor-top-column elementor-element elementor-element-05a241a\" data-id=\"05a241a\" data-element_type=\"column\">\n\t\t\t<div class=\"elementor-widget-wrap elementor-element-populated\">\n\t\t\t\t\t\t<div class=\"elementor-element elementor-element-6115f49 elementor-invisible elementor-widget elementor-widget-text-editor\" data-id=\"6115f49\" data-element_type=\"widget\" data-settings=\"{&quot;_animation&quot;:&quot;fadeInRight&quot;}\" data-widget_type=\"text-editor.default\">\n\t\t\t\t<div class=\"elementor-widget-container\">\n\t\t\t\t\t\t\t\t\t<p>Bei Axinesis bieten wir Ihnen die M\u00f6glichkeit, unsere verschiedenen Ger\u00e4te bei einem Probetraining in Ihrem Rehabilitationszentrum auszuprobieren. Nehmen Sie kostenlos an einer unserer Schulungen durch unsere Mitarbeiter teil und probieren Sie selbst die vielen M\u00f6glichkeiten aus, die Ihnen REAplan\u00ae, REAtouch\u00ae und REAtouch Lite\u00ae, unsere drei Ger\u00e4te f\u00fcr die intensive funktionelle Rehabilitation, bieten. So k\u00f6nnen Sie die Zeit nutzen, um sie live mit Ihren Patienten zu testen.<\/p><p>In einer Einf\u00fchrung durch einen unserer Ausbilder haben Sie die Gelegenheit, sich mit innovativen Technologien f\u00fcr die physische Rehabilitation vertraut zu machen.\u00a0 Unsere Mitarbeiter werden sich umgehend mit Ihnen in Verbindung setzen, um einen Termin f\u00fcr eine Vorf\u00fchrung in Ihren R\u00e4umlichkeiten zu vereinbaren.<\/p>\t\t\t\t\t\t\t\t<\/div>\n\t\t\t\t<\/div>\n\t\t\t\t\t<\/div>\n\t\t<\/div>\n\t\t\t\t\t<\/div>\n\t\t<\/section>\n\t\t\t\t<section class=\"elementor-section elementor-top-section elementor-element elementor-element-264410be elementor-section-boxed elementor-section-height-default elementor-section-height-default elementor-invisible\" data-id=\"264410be\" data-element_type=\"section\" data-settings=\"{&quot;jet_parallax_layout_list&quot;:[{&quot;jet_parallax_layout_image&quot;:{&quot;url&quot;:&quot;&quot;,&quot;id&quot;:&quot;&quot;,&quot;size&quot;:&quot;&quot;},&quot;_id&quot;:&quot;e148aec&quot;,&quot;jet_parallax_layout_speed&quot;:{&quot;unit&quot;:&quot;%&quot;,&quot;size&quot;:&quot;50&quot;,&quot;sizes&quot;:[]},&quot;jet_parallax_layout_bg_x&quot;:&quot;50&quot;,&quot;jet_parallax_layout_bg_y&quot;:&quot;50&quot;,&quot;jet_parallax_layout_image_tablet&quot;:{&quot;url&quot;:&quot;&quot;,&quot;id&quot;:&quot;&quot;,&quot;size&quot;:&quot;&quot;},&quot;jet_parallax_layout_image_mobile&quot;:{&quot;url&quot;:&quot;&quot;,&quot;id&quot;:&quot;&quot;,&quot;size&quot;:&quot;&quot;},&quot;jet_parallax_layout_type&quot;:&quot;scroll&quot;,&quot;jet_parallax_layout_direction&quot;:null,&quot;jet_parallax_layout_fx_direction&quot;:null,&quot;jet_parallax_layout_z_index&quot;:&quot;&quot;,&quot;jet_parallax_layout_bg_x_tablet&quot;:&quot;&quot;,&quot;jet_parallax_layout_bg_x_mobile&quot;:&quot;&quot;,&quot;jet_parallax_layout_bg_y_tablet&quot;:&quot;&quot;,&quot;jet_parallax_layout_bg_y_mobile&quot;:&quot;&quot;,&quot;jet_parallax_layout_bg_size&quot;:&quot;auto&quot;,&quot;jet_parallax_layout_bg_size_tablet&quot;:&quot;&quot;,&quot;jet_parallax_layout_bg_size_mobile&quot;:&quot;&quot;,&quot;jet_parallax_layout_animation_prop&quot;:&quot;transform&quot;,&quot;jet_parallax_layout_on&quot;:[&quot;desktop&quot;,&quot;tablet&quot;]}],&quot;background_background&quot;:&quot;classic&quot;,&quot;animation&quot;:&quot;fadeInRight&quot;,&quot;animation_delay&quot;:300}\">\n\t\t\t\t\t\t\t<div class=\"elementor-background-overlay\"><\/div>\n\t\t\t\t\t\t\t<div class=\"elementor-container elementor-column-gap-default\">\n\t\t\t\t\t<div class=\"elementor-column elementor-col-100 elementor-top-column elementor-element elementor-element-455172c7\" data-id=\"455172c7\" data-element_type=\"column\">\n\t\t\t<div class=\"elementor-widget-wrap elementor-element-populated\">\n\t\t\t\t\t\t<div class=\"elementor-element elementor-element-d7c9d17 elementor-widget elementor-widget-html\" data-id=\"d7c9d17\" data-element_type=\"widget\" data-widget_type=\"html.default\">\n\t\t\t\t<div class=\"elementor-widget-container\">\n\t\t\t\t\t<script charset=\"utf-8\" type=\"text\/javascript\" src=\"\/\/js.hsforms.net\/forms\/shell.js\"><\/script>\r\n<script>\r\n hbspt.forms.create({\r\n              region: \"na1\",\r\n              portalId: \"19964329\",\r\n              formId: \"545c8ceb-660b-4ae7-8f37-af410d3dfb59\"\r\n});\r\n<\/script>\t\t\t\t<\/div>\n\t\t\t\t<\/div>\n\t\t\t\t<div class=\"elementor-element elementor-element-37519ad elementor-widget elementor-widget-spacer\" data-id=\"37519ad\" data-element_type=\"widget\" data-widget_type=\"spacer.default\">\n\t\t\t\t<div class=\"elementor-widget-container\">\n\t\t\t\t\t\t\t<div class=\"elementor-spacer\">\n\t\t\t<div class=\"elementor-spacer-inner\"><\/div>\n\t\t<\/div>\n\t\t\t\t\t\t<\/div>\n\t\t\t\t<\/div>\n\t\t\t\t\t<\/div>\n\t\t<\/div>\n\t\t\t\t\t<\/div>\n\t\t<\/section>\n\t\t\t\t<\/div>\n\t\t","protected":false},"excerpt":{"rendered":"<p>Kostenlose Demo anfordern Bei Axinesis bieten wir Ihnen die M\u00f6glichkeit, unsere verschiedenen Ger\u00e4te bei einem Probetraining in Ihrem Rehabilitationszentrum auszuprobieren. Nehmen Sie kostenlos an einer unserer Schulungen durch unsere Mitarbeiter teil und probieren Sie selbst die vielen M\u00f6glichkeiten aus, die Ihnen REAplan\u00ae, REAtouch\u00ae und REAtouch Lite\u00ae, unsere drei Ger\u00e4te f\u00fcr die intensive funktionelle Rehabilitation, bieten. [&hellip;]<\/p>\n","protected":false},"author":1,"featured_media":6634,"parent":0,"menu_order":0,"comment_status":"closed","ping_status":"closed","template":"elementor_header_footer","meta":{"_acf_changed":false,"inline_featured_image":false,"footnotes":""},"class_list":["post-3137","page","type-page","status-publish","has-post-thumbnail","hentry"],"acf":[],"yoast_head":"<!-- This site is optimized with the Yoast SEO plugin v27.0 - https:\/\/yoast.com\/product\/yoast-seo-wordpress\/ -->\n<title>Kostenlose Demonstration | Entdecken Sie unsere Hilfsmittel - Axinesis<\/title>\n<meta name=\"description\" content=\"Sie m\u00f6chten eine Vorf\u00fchrung eines unserer Ger\u00e4te erhalten? Axinesis wird sich mit Ihnen in Verbindung setzen, um Ihre Anfrage zu beantworten!\" \/>\n<meta name=\"robots\" content=\"index, follow, max-snippet:-1, max-image-preview:large, max-video-preview:-1\" \/>\n<link rel=\"canonical\" href=\"https:\/\/www.axinesis.com\/de\/kostenlose-demonstration\/\" \/>\n<meta property=\"og:locale\" content=\"de_DE\" \/>\n<meta property=\"og:type\" content=\"article\" \/>\n<meta property=\"og:title\" content=\"Kostenlose Demonstration | Entdecken Sie unsere Hilfsmittel - Axinesis\" \/>\n<meta property=\"og:description\" content=\"Sie m\u00f6chten eine Vorf\u00fchrung eines unserer Ger\u00e4te erhalten? Axinesis wird sich mit Ihnen in Verbindung setzen, um Ihre Anfrage zu beantworten!\" \/>\n<meta property=\"og:url\" content=\"https:\/\/www.axinesis.com\/de\/kostenlose-demonstration\/\" \/>\n<meta property=\"og:site_name\" content=\"Axinesis\" \/>\n<meta property=\"article:publisher\" content=\"https:\/\/www.facebook.com\/axinesis\" \/>\n<meta property=\"article:modified_time\" content=\"2023-05-17T10:17:40+00:00\" \/>\n<meta property=\"og:image\" content=\"https:\/\/www.axinesis.com\/wp-content\/uploads\/2022\/07\/2021_axinesis_J2A1113-scaled.jpg\" \/>\n\t<meta property=\"og:image:width\" content=\"2560\" \/>\n\t<meta property=\"og:image:height\" content=\"1742\" \/>\n\t<meta property=\"og:image:type\" content=\"image\/jpeg\" \/>\n<meta name=\"twitter:card\" content=\"summary_large_image\" \/>\n<meta name=\"twitter:label1\" content=\"Gesch\u00e4tzte Lesezeit\" \/>\n\t<meta name=\"twitter:data1\" content=\"1\u00a0Minute\" \/>\n<script type=\"application\/ld+json\" class=\"yoast-schema-graph\">{\"@context\":\"https:\/\/schema.org\",\"@graph\":[{\"@type\":\"WebPage\",\"@id\":\"https:\/\/www.axinesis.com\/de\/kostenlose-demonstration\/\",\"url\":\"https:\/\/www.axinesis.com\/de\/kostenlose-demonstration\/\",\"name\":\"Kostenlose Demonstration | Entdecken Sie unsere Hilfsmittel - Axinesis\",\"isPartOf\":{\"@id\":\"https:\/\/www.axinesis.com\/en\/#website\"},\"primaryImageOfPage\":{\"@id\":\"https:\/\/www.axinesis.com\/de\/kostenlose-demonstration\/#primaryimage\"},\"image\":{\"@id\":\"https:\/\/www.axinesis.com\/de\/kostenlose-demonstration\/#primaryimage\"},\"thumbnailUrl\":\"https:\/\/www.axinesis.com\/wp-content\/uploads\/2022\/07\/2021_axinesis_J2A1113-scaled.jpg\",\"datePublished\":\"2021-06-02T09:26:58+00:00\",\"dateModified\":\"2023-05-17T10:17:40+00:00\",\"description\":\"Sie m\u00f6chten eine Vorf\u00fchrung eines unserer Ger\u00e4te erhalten? Axinesis wird sich mit Ihnen in Verbindung setzen, um Ihre Anfrage zu beantworten!\",\"breadcrumb\":{\"@id\":\"https:\/\/www.axinesis.com\/de\/kostenlose-demonstration\/#breadcrumb\"},\"inLanguage\":\"de\",\"potentialAction\":[{\"@type\":\"ReadAction\",\"target\":[\"https:\/\/www.axinesis.com\/de\/kostenlose-demonstration\/\"]}]},{\"@type\":\"ImageObject\",\"inLanguage\":\"de\",\"@id\":\"https:\/\/www.axinesis.com\/de\/kostenlose-demonstration\/#primaryimage\",\"url\":\"https:\/\/www.axinesis.com\/wp-content\/uploads\/2022\/07\/2021_axinesis_J2A1113-scaled.jpg\",\"contentUrl\":\"https:\/\/www.axinesis.com\/wp-content\/uploads\/2022\/07\/2021_axinesis_J2A1113-scaled.jpg\",\"width\":2560,\"height\":1742},{\"@type\":\"BreadcrumbList\",\"@id\":\"https:\/\/www.axinesis.com\/de\/kostenlose-demonstration\/#breadcrumb\",\"itemListElement\":[{\"@type\":\"ListItem\",\"position\":1,\"name\":\"Home\",\"item\":\"https:\/\/www.axinesis.com\/de\/\"},{\"@type\":\"ListItem\",\"position\":2,\"name\":\"Kostenlose Demonstration\"}]},{\"@type\":\"WebSite\",\"@id\":\"https:\/\/www.axinesis.com\/en\/#website\",\"url\":\"https:\/\/www.axinesis.com\/en\/\",\"name\":\"Axinesis\",\"description\":\"\",\"publisher\":{\"@id\":\"https:\/\/www.axinesis.com\/en\/#organization\"},\"potentialAction\":[{\"@type\":\"SearchAction\",\"target\":{\"@type\":\"EntryPoint\",\"urlTemplate\":\"https:\/\/www.axinesis.com\/en\/?s={search_term_string}\"},\"query-input\":{\"@type\":\"PropertyValueSpecification\",\"valueRequired\":true,\"valueName\":\"search_term_string\"}}],\"inLanguage\":\"de\"},{\"@type\":\"Organization\",\"@id\":\"https:\/\/www.axinesis.com\/en\/#organization\",\"name\":\"Axinesis\",\"url\":\"https:\/\/www.axinesis.com\/en\/\",\"logo\":{\"@type\":\"ImageObject\",\"inLanguage\":\"de\",\"@id\":\"https:\/\/www.axinesis.com\/en\/#\/schema\/logo\/image\/\",\"url\":\"https:\/\/www.axinesis.com\/wp-content\/uploads\/2021\/04\/Page-Header-Patients.jpg\",\"contentUrl\":\"https:\/\/www.axinesis.com\/wp-content\/uploads\/2021\/04\/Page-Header-Patients.jpg\",\"width\":1366,\"height\":660,\"caption\":\"Axinesis\"},\"image\":{\"@id\":\"https:\/\/www.axinesis.com\/en\/#\/schema\/logo\/image\/\"},\"sameAs\":[\"https:\/\/www.facebook.com\/axinesis\"]}]}<\/script>\n<!-- \/ Yoast SEO plugin. -->","yoast_head_json":{"title":"Kostenlose Demonstration | Entdecken Sie unsere Hilfsmittel - Axinesis","description":"Sie m\u00f6chten eine Vorf\u00fchrung eines unserer Ger\u00e4te erhalten? Axinesis wird sich mit Ihnen in Verbindung setzen, um Ihre Anfrage zu beantworten!","robots":{"index":"index","follow":"follow","max-snippet":"max-snippet:-1","max-image-preview":"max-image-preview:large","max-video-preview":"max-video-preview:-1"},"canonical":"https:\/\/www.axinesis.com\/de\/kostenlose-demonstration\/","og_locale":"de_DE","og_type":"article","og_title":"Kostenlose Demonstration | Entdecken Sie unsere Hilfsmittel - Axinesis","og_description":"Sie m\u00f6chten eine Vorf\u00fchrung eines unserer Ger\u00e4te erhalten? Axinesis wird sich mit Ihnen in Verbindung setzen, um Ihre Anfrage zu beantworten!","og_url":"https:\/\/www.axinesis.com\/de\/kostenlose-demonstration\/","og_site_name":"Axinesis","article_publisher":"https:\/\/www.facebook.com\/axinesis","article_modified_time":"2023-05-17T10:17:40+00:00","og_image":[{"width":2560,"height":1742,"url":"https:\/\/www.axinesis.com\/wp-content\/uploads\/2022\/07\/2021_axinesis_J2A1113-scaled.jpg","type":"image\/jpeg"}],"twitter_card":"summary_large_image","twitter_misc":{"Gesch\u00e4tzte Lesezeit":"1\u00a0Minute"},"schema":{"@context":"https:\/\/schema.org","@graph":[{"@type":"WebPage","@id":"https:\/\/www.axinesis.com\/de\/kostenlose-demonstration\/","url":"https:\/\/www.axinesis.com\/de\/kostenlose-demonstration\/","name":"Kostenlose Demonstration | Entdecken Sie unsere Hilfsmittel - Axinesis","isPartOf":{"@id":"https:\/\/www.axinesis.com\/en\/#website"},"primaryImageOfPage":{"@id":"https:\/\/www.axinesis.com\/de\/kostenlose-demonstration\/#primaryimage"},"image":{"@id":"https:\/\/www.axinesis.com\/de\/kostenlose-demonstration\/#primaryimage"},"thumbnailUrl":"https:\/\/www.axinesis.com\/wp-content\/uploads\/2022\/07\/2021_axinesis_J2A1113-scaled.jpg","datePublished":"2021-06-02T09:26:58+00:00","dateModified":"2023-05-17T10:17:40+00:00","description":"Sie m\u00f6chten eine Vorf\u00fchrung eines unserer Ger\u00e4te erhalten? Axinesis wird sich mit Ihnen in Verbindung setzen, um Ihre Anfrage zu beantworten!","breadcrumb":{"@id":"https:\/\/www.axinesis.com\/de\/kostenlose-demonstration\/#breadcrumb"},"inLanguage":"de","potentialAction":[{"@type":"ReadAction","target":["https:\/\/www.axinesis.com\/de\/kostenlose-demonstration\/"]}]},{"@type":"ImageObject","inLanguage":"de","@id":"https:\/\/www.axinesis.com\/de\/kostenlose-demonstration\/#primaryimage","url":"https:\/\/www.axinesis.com\/wp-content\/uploads\/2022\/07\/2021_axinesis_J2A1113-scaled.jpg","contentUrl":"https:\/\/www.axinesis.com\/wp-content\/uploads\/2022\/07\/2021_axinesis_J2A1113-scaled.jpg","width":2560,"height":1742},{"@type":"BreadcrumbList","@id":"https:\/\/www.axinesis.com\/de\/kostenlose-demonstration\/#breadcrumb","itemListElement":[{"@type":"ListItem","position":1,"name":"Home","item":"https:\/\/www.axinesis.com\/de\/"},{"@type":"ListItem","position":2,"name":"Kostenlose Demonstration"}]},{"@type":"WebSite","@id":"https:\/\/www.axinesis.com\/en\/#website","url":"https:\/\/www.axinesis.com\/en\/","name":"Axinesis","description":"","publisher":{"@id":"https:\/\/www.axinesis.com\/en\/#organization"},"potentialAction":[{"@type":"SearchAction","target":{"@type":"EntryPoint","urlTemplate":"https:\/\/www.axinesis.com\/en\/?s={search_term_string}"},"query-input":{"@type":"PropertyValueSpecification","valueRequired":true,"valueName":"search_term_string"}}],"inLanguage":"de"},{"@type":"Organization","@id":"https:\/\/www.axinesis.com\/en\/#organization","name":"Axinesis","url":"https:\/\/www.axinesis.com\/en\/","logo":{"@type":"ImageObject","inLanguage":"de","@id":"https:\/\/www.axinesis.com\/en\/#\/schema\/logo\/image\/","url":"https:\/\/www.axinesis.com\/wp-content\/uploads\/2021\/04\/Page-Header-Patients.jpg","contentUrl":"https:\/\/www.axinesis.com\/wp-content\/uploads\/2021\/04\/Page-Header-Patients.jpg","width":1366,"height":660,"caption":"Axinesis"},"image":{"@id":"https:\/\/www.axinesis.com\/en\/#\/schema\/logo\/image\/"},"sameAs":["https:\/\/www.facebook.com\/axinesis"]}]}},"_links":{"self":[{"href":"https:\/\/www.axinesis.com\/de\/wp-json\/wp\/v2\/pages\/3137","targetHints":{"allow":["GET"]}}],"collection":[{"href":"https:\/\/www.axinesis.com\/de\/wp-json\/wp\/v2\/pages"}],"about":[{"href":"https:\/\/www.axinesis.com\/de\/wp-json\/wp\/v2\/types\/page"}],"author":[{"embeddable":true,"href":"https:\/\/www.axinesis.com\/de\/wp-json\/wp\/v2\/users\/1"}],"replies":[{"embeddable":true,"href":"https:\/\/www.axinesis.com\/de\/wp-json\/wp\/v2\/comments?post=3137"}],"version-history":[{"count":0,"href":"https:\/\/www.axinesis.com\/de\/wp-json\/wp\/v2\/pages\/3137\/revisions"}],"wp:featuredmedia":[{"embeddable":true,"href":"https:\/\/www.axinesis.com\/de\/wp-json\/wp\/v2\/media\/6634"}],"wp:attachment":[{"href":"https:\/\/www.axinesis.com\/de\/wp-json\/wp\/v2\/media?parent=3137"}],"curies":[{"name":"wp","href":"https:\/\/api.w.org\/{rel}","templated":true}]}}