{"id":3072,"date":"2021-03-26T15:49:33","date_gmt":"2021-03-26T13:49:33","guid":{"rendered":"https:\/\/www.axinesis.com\/careers\/"},"modified":"2023-05-17T11:23:15","modified_gmt":"2023-05-17T09:23:15","slug":"carrieres","status":"publish","type":"page","link":"https:\/\/www.axinesis.com\/fr\/carrieres\/","title":{"rendered":"Carri\u00e8res"},"content":{"rendered":"\t\t<div data-elementor-type=\"wp-page\" data-elementor-id=\"3072\" class=\"elementor elementor-3072 elementor-1130\" data-elementor-post-type=\"page\">\n\t\t\t\t\t\t<section class=\"elementor-section elementor-top-section elementor-element elementor-element-48604ead elementor-section-height-min-height elementor-section-boxed elementor-section-height-default elementor-section-items-middle\" data-id=\"48604ead\" data-element_type=\"section\" data-settings=\"{&quot;jet_parallax_layout_list&quot;:[{&quot;jet_parallax_layout_image&quot;:{&quot;url&quot;:&quot;&quot;,&quot;id&quot;:&quot;&quot;,&quot;size&quot;:&quot;&quot;},&quot;_id&quot;:&quot;e148aec&quot;,&quot;jet_parallax_layout_speed&quot;:{&quot;unit&quot;:&quot;%&quot;,&quot;size&quot;:&quot;50&quot;,&quot;sizes&quot;:[]},&quot;jet_parallax_layout_bg_x&quot;:&quot;50&quot;,&quot;jet_parallax_layout_bg_y&quot;:&quot;50&quot;,&quot;jet_parallax_layout_image_tablet&quot;:{&quot;url&quot;:&quot;&quot;,&quot;id&quot;:&quot;&quot;,&quot;size&quot;:&quot;&quot;},&quot;jet_parallax_layout_image_mobile&quot;:{&quot;url&quot;:&quot;&quot;,&quot;id&quot;:&quot;&quot;,&quot;size&quot;:&quot;&quot;},&quot;jet_parallax_layout_type&quot;:&quot;scroll&quot;,&quot;jet_parallax_layout_direction&quot;:null,&quot;jet_parallax_layout_fx_direction&quot;:null,&quot;jet_parallax_layout_z_index&quot;:&quot;&quot;,&quot;jet_parallax_layout_bg_x_tablet&quot;:&quot;&quot;,&quot;jet_parallax_layout_bg_x_mobile&quot;:&quot;&quot;,&quot;jet_parallax_layout_bg_y_tablet&quot;:&quot;&quot;,&quot;jet_parallax_layout_bg_y_mobile&quot;:&quot;&quot;,&quot;jet_parallax_layout_bg_size&quot;:&quot;auto&quot;,&quot;jet_parallax_layout_bg_size_tablet&quot;:&quot;&quot;,&quot;jet_parallax_layout_bg_size_mobile&quot;:&quot;&quot;,&quot;jet_parallax_layout_animation_prop&quot;:&quot;transform&quot;,&quot;jet_parallax_layout_on&quot;:[&quot;desktop&quot;,&quot;tablet&quot;]}],&quot;background_background&quot;:&quot;classic&quot;}\">\n\t\t\t\t\t\t\t<div class=\"elementor-background-overlay\"><\/div>\n\t\t\t\t\t\t\t<div class=\"elementor-container elementor-column-gap-default\">\n\t\t\t\t\t<div class=\"elementor-column elementor-col-50 elementor-top-column elementor-element elementor-element-595331a6\" data-id=\"595331a6\" data-element_type=\"column\">\n\t\t\t<div class=\"elementor-widget-wrap elementor-element-populated\">\n\t\t\t\t\t\t<div class=\"elementor-element elementor-element-8e69698 elementor-align-flex-start elementor-invisible elementor-widget elementor-widget-raven-breadcrumbs\" data-id=\"8e69698\" data-element_type=\"widget\" data-settings=\"{&quot;_animation&quot;:&quot;fadeInRight&quot;}\" data-widget_type=\"raven-breadcrumbs.default\">\n\t\t\t\t<div class=\"elementor-widget-container\">\n\t\t\t\t\t<div class=\"raven-breadcrumbs raven-breadcrumbs-default\"><div class=\"breadcrumb\">\t\t\t\t<div class=\"breadcrumb-item active\" aria-current=\"page\"><span>Home<\/span><\/div>\r\n\r\n\t\t\t\t<\/div><\/div>\t\t\t\t<\/div>\n\t\t\t\t<\/div>\n\t\t\t\t<div class=\"elementor-element elementor-element-11493a8c elementor-align-left elementor-invisible elementor-widget elementor-widget-raven-heading\" data-id=\"11493a8c\" data-element_type=\"widget\" data-settings=\"{&quot;_animation&quot;:&quot;fadeInRight&quot;,&quot;_animation_delay&quot;:100}\" data-widget_type=\"raven-heading.default\">\n\t\t\t\t<div class=\"elementor-widget-container\">\n\t\t\t\t\t\t\t<div class=\"raven-widget-wrapper\"><h1 class=\"raven-heading raven-heading-h1\"><span class=\"raven-heading-title \">Aidez-nous \u00e0 faire progresser la r\u00e9\u00e9ducation !<\/span><\/h1><\/div>\r\n\t\t\t\t\t\t<\/div>\n\t\t\t\t<\/div>\n\t\t\t\t<div class=\"elementor-element elementor-element-fa1d47a elementor-align-left elementor-invisible elementor-widget elementor-widget-raven-heading\" data-id=\"fa1d47a\" data-element_type=\"widget\" data-settings=\"{&quot;_animation&quot;:&quot;fadeInRight&quot;,&quot;_animation_delay&quot;:100}\" data-widget_type=\"raven-heading.default\">\n\t\t\t\t<div class=\"elementor-widget-container\">\n\t\t\t\t\t\t\t<div class=\"raven-widget-wrapper\"><h2 class=\"raven-heading raven-heading-h2\"><span class=\"raven-heading-title \">Concr\u00e9tisez votre r\u00eave d\u2019am\u00e9liorer la vie des gens <br> en rejoignant l\u2019\u00e9quipe d\u2019Axinesis\n<\/span><\/h2><\/div>\r\n\t\t\t\t\t\t<\/div>\n\t\t\t\t<\/div>\n\t\t\t\t<div class=\"elementor-element elementor-element-a6d573f elementor-invisible elementor-widget elementor-widget-text-editor\" data-id=\"a6d573f\" data-element_type=\"widget\" data-settings=\"{&quot;_animation&quot;:&quot;fadeInRight&quot;,&quot;_animation_delay&quot;:300}\" data-widget_type=\"text-editor.default\">\n\t\t\t\t<div class=\"elementor-widget-container\">\n\t\t\t\t\t\t\t\t\t<p>Avez-vous \u00e0 c\u0153ur d\u2019am\u00e9liorer la vie des personnes en situation de handicap ou atteintes de troubles neurologiques ?<\/p><p><span lang=\"EN-GB\"><a href=\"https:\/\/www.axinesis.com\/fr\/\">Axinesis<\/a><\/span><span lang=\"EN-GB\"> conna\u00eet actuellement un d\u00e9veloppement rapide et recherche de jeunes talents motiv\u00e9s.<\/span><\/p><p>Si vous souhaitez rejoindre l\u2019\u00e9quipe Axinesis pour qu\u2019ensemble nous puissions am\u00e9liorer le quotidien de patients pr\u00e9sentant des infirmit\u00e9s motrices, nous serions ravis de vous rencontrer !<\/p><p>N\u2019h\u00e9sitez pas \u00e0 <a href=\"https:\/\/www.axinesis.com\/fr\/contact\/\">nous contacter<\/a> pour de plus amples informations sur les opportunit\u00e9s de carri\u00e8re chez Axinesis.<\/p>\t\t\t\t\t\t\t\t<\/div>\n\t\t\t\t<\/div>\n\t\t\t\t<div class=\"elementor-element elementor-element-3e5c873 elementor-hidden-desktop elementor-hidden-tablet elementor-hidden-phone elementor-icon-list--layout-traditional elementor-list-item-link-full_width elementor-invisible elementor-widget elementor-widget-icon-list\" data-id=\"3e5c873\" data-element_type=\"widget\" data-settings=\"{&quot;_animation&quot;:&quot;fadeInRight&quot;,&quot;_animation_delay&quot;:400}\" data-widget_type=\"icon-list.default\">\n\t\t\t\t<div class=\"elementor-widget-container\">\n\t\t\t\t\t\t\t<ul class=\"elementor-icon-list-items\">\n\t\t\t\t\t\t\t<li class=\"elementor-icon-list-item\">\n\t\t\t\t\t\t\t\t\t\t\t<a href=\"https:\/\/www.axinesis.com\/wp-content\/uploads\/2021\/04\/dummy.pdf\" target=\"_blank\">\n\n\t\t\t\t\t\t\t\t\t\t\t\t<span class=\"elementor-icon-list-icon\">\n\t\t\t\t\t\t\t<i aria-hidden=\"true\" class=\"far fa-file-pdf\"><\/i>\t\t\t\t\t\t<\/span>\n\t\t\t\t\t\t\t\t\t\t<span class=\"elementor-icon-list-text\">Vacancy marketing assistant<\/span>\n\t\t\t\t\t\t\t\t\t\t\t<\/a>\n\t\t\t\t\t\t\t\t\t<\/li>\n\t\t\t\t\t\t<\/ul>\n\t\t\t\t\t\t<\/div>\n\t\t\t\t<\/div>\n\t\t\t\t<div class=\"elementor-element elementor-element-6d562b7 elementor-align-right elementor-widget__width-auto elementor-invisible elementor-widget elementor-widget-raven-button\" data-id=\"6d562b7\" data-element_type=\"widget\" data-settings=\"{&quot;_animation&quot;:&quot;fadeInRight&quot;,&quot;_animation_delay&quot;:500,&quot;turn_to_popup_action_button&quot;:&quot;no&quot;}\" data-widget_type=\"raven-button.default\">\n\t\t\t\t<div class=\"elementor-widget-container\">\n\t\t\t\t\t\t\t<div class=\"raven-widget-wrapper\">\r\n\t\t\t<a class=\"raven-button raven-button-widget-normal-effect-none  raven-button-text-align-center raven-button-link elementor-animation-none\" href=\"\/contact\/\">\t\t\t\t<div class=\"raven-button-overlay\" ><\/div>\r\n\t\t\t\t<span class=\"raven-button-content\">\r\n\t\t\t\t\t\r\n\t\t\t\t\t<div class=\"button-text-container\">\r\n\t\t\t\t\t\t\t\t\t\t\t\t<div class=\"raven-button-texts-wrapper\">\r\n\t\t\t\t\t\t\t<div class=\"button-text\">\r\n\t\t\t\t\t\t\t\t<span class=\"raven-button-text\">\r\n\t\t\t\t\t\t\t\t\tContactez-nous\t\t\t\t\t\t\t\t<\/span>\r\n\t\t\t\t\t\t\t<\/div>\r\n\t\t\t\t\t\t\t\t\t\t\t\t\t<\/div>\r\n\t\t\t\t\t\t\t\t\t\t\t<\/div>\r\n\t\t\t\t\t\r\n\t\t\t\t\t\t\t\t\t<\/span>\r\n\t\t\t<\/a>\t\t<\/div>\r\n\t\t\t\t\t\t<\/div>\n\t\t\t\t<\/div>\n\t\t\t\t\t<\/div>\n\t\t<\/div>\n\t\t\t\t<div class=\"elementor-column elementor-col-50 elementor-top-column elementor-element elementor-element-53c900fe\" data-id=\"53c900fe\" data-element_type=\"column\">\n\t\t\t<div class=\"elementor-widget-wrap elementor-element-populated\">\n\t\t\t\t\t\t<div class=\"elementor-element elementor-element-7895714 elementor-invisible elementor-widget elementor-widget-image\" data-id=\"7895714\" data-element_type=\"widget\" data-settings=\"{&quot;_animation&quot;:&quot;fadeInRight&quot;,&quot;_animation_delay&quot;:1000}\" data-widget_type=\"image.default\">\n\t\t\t\t<div class=\"elementor-widget-container\">\n\t\t\t\t\t\t\t\t\t\t\t\t\t\t\t<img fetchpriority=\"high\" decoding=\"async\" width=\"700\" height=\"418\" src=\"https:\/\/www.axinesis.com\/wp-content\/uploads\/2021\/03\/Screenshot_2021-03-31_13-07-00.png\" class=\"attachment-large size-large wp-image-1292\" alt=\"\" srcset=\"https:\/\/www.axinesis.com\/wp-content\/uploads\/2021\/03\/Screenshot_2021-03-31_13-07-00.png 700w, https:\/\/www.axinesis.com\/wp-content\/uploads\/2021\/03\/Screenshot_2021-03-31_13-07-00-300x179.png 300w\" sizes=\"(max-width: 700px) 100vw, 700px\" \/>\t\t\t\t\t\t\t\t\t\t\t\t\t\t\t<\/div>\n\t\t\t\t<\/div>\n\t\t\t\t\t<\/div>\n\t\t<\/div>\n\t\t\t\t\t<\/div>\n\t\t<\/section>\n\t\t\t\t<\/div>\n\t\t","protected":false},"excerpt":{"rendered":"<p>Home Aidez-nous \u00e0 faire progresser la r\u00e9\u00e9ducation ! Concr\u00e9tisez votre r\u00eave d\u2019am\u00e9liorer la vie des gens en rejoignant l\u2019\u00e9quipe d\u2019Axinesis Avez-vous \u00e0 c\u0153ur d\u2019am\u00e9liorer la vie des personnes en situation de handicap ou atteintes de troubles neurologiques ? Axinesis conna\u00eet actuellement un d\u00e9veloppement rapide et recherche de jeunes talents motiv\u00e9s. Si vous souhaitez rejoindre l\u2019\u00e9quipe [&hellip;]<\/p>\n","protected":false},"author":1,"featured_media":5958,"parent":0,"menu_order":0,"comment_status":"closed","ping_status":"closed","template":"elementor_header_footer","meta":{"_acf_changed":false,"inline_featured_image":false,"footnotes":""},"class_list":["post-3072","page","type-page","status-publish","has-post-thumbnail","hentry"],"acf":[],"yoast_head":"<!-- This site is optimized with the Yoast SEO plugin v27.0 - https:\/\/yoast.com\/product\/yoast-seo-wordpress\/ -->\n<title>Carri\u00e8re | Postulez ici - Axinesis<\/title>\n<meta name=\"description\" content=\"Vous souhaitez am\u00e9liorer la vie des personnes en situation de handicap ou atteintes de troubles neurologiques ? Postulez chez nous d\u00e8s \u00e0 pr\u00e9sent !\" \/>\n<meta name=\"robots\" content=\"index, follow, max-snippet:-1, max-image-preview:large, max-video-preview:-1\" \/>\n<link rel=\"canonical\" href=\"https:\/\/www.axinesis.com\/fr\/carrieres\/\" \/>\n<meta property=\"og:locale\" content=\"fr_FR\" \/>\n<meta property=\"og:type\" content=\"article\" \/>\n<meta property=\"og:title\" content=\"Carri\u00e8re | Postulez ici - Axinesis\" \/>\n<meta property=\"og:description\" content=\"Vous souhaitez am\u00e9liorer la vie des personnes en situation de handicap ou atteintes de troubles neurologiques ? Postulez chez nous d\u00e8s \u00e0 pr\u00e9sent !\" \/>\n<meta property=\"og:url\" content=\"https:\/\/www.axinesis.com\/fr\/carrieres\/\" \/>\n<meta property=\"og:site_name\" content=\"Axinesis\" \/>\n<meta property=\"article:publisher\" content=\"https:\/\/www.facebook.com\/axinesis\" \/>\n<meta property=\"article:modified_time\" content=\"2023-05-17T09:23:15+00:00\" \/>\n<meta property=\"og:image\" content=\"https:\/\/www.axinesis.com\/wp-content\/uploads\/2022\/03\/Screenshot_2021-03-31_13-07-00.png\" \/>\n\t<meta property=\"og:image:width\" content=\"700\" \/>\n\t<meta property=\"og:image:height\" content=\"418\" \/>\n\t<meta property=\"og:image:type\" content=\"image\/png\" \/>\n<meta name=\"twitter:card\" content=\"summary_large_image\" \/>\n<meta name=\"twitter:label1\" content=\"Dur\u00e9e de lecture est.\" \/>\n\t<meta name=\"twitter:data1\" content=\"1 minute\" \/>\n<script type=\"application\/ld+json\" class=\"yoast-schema-graph\">{\"@context\":\"https:\/\/schema.org\",\"@graph\":[{\"@type\":\"WebPage\",\"@id\":\"https:\/\/www.axinesis.com\/fr\/carrieres\/\",\"url\":\"https:\/\/www.axinesis.com\/fr\/carrieres\/\",\"name\":\"Carri\u00e8re | Postulez ici - Axinesis\",\"isPartOf\":{\"@id\":\"https:\/\/www.axinesis.com\/en\/#website\"},\"primaryImageOfPage\":{\"@id\":\"https:\/\/www.axinesis.com\/fr\/carrieres\/#primaryimage\"},\"image\":{\"@id\":\"https:\/\/www.axinesis.com\/fr\/carrieres\/#primaryimage\"},\"thumbnailUrl\":\"https:\/\/www.axinesis.com\/wp-content\/uploads\/2022\/03\/Screenshot_2021-03-31_13-07-00.png\",\"datePublished\":\"2021-03-26T13:49:33+00:00\",\"dateModified\":\"2023-05-17T09:23:15+00:00\",\"description\":\"Vous souhaitez am\u00e9liorer la vie des personnes en situation de handicap ou atteintes de troubles neurologiques ? Postulez chez nous d\u00e8s \u00e0 pr\u00e9sent !\",\"breadcrumb\":{\"@id\":\"https:\/\/www.axinesis.com\/fr\/carrieres\/#breadcrumb\"},\"inLanguage\":\"fr-BE\",\"potentialAction\":[{\"@type\":\"ReadAction\",\"target\":[\"https:\/\/www.axinesis.com\/fr\/carrieres\/\"]}]},{\"@type\":\"ImageObject\",\"inLanguage\":\"fr-BE\",\"@id\":\"https:\/\/www.axinesis.com\/fr\/carrieres\/#primaryimage\",\"url\":\"https:\/\/www.axinesis.com\/wp-content\/uploads\/2022\/03\/Screenshot_2021-03-31_13-07-00.png\",\"contentUrl\":\"https:\/\/www.axinesis.com\/wp-content\/uploads\/2022\/03\/Screenshot_2021-03-31_13-07-00.png\",\"width\":700,\"height\":418,\"caption\":\"working people\"},{\"@type\":\"BreadcrumbList\",\"@id\":\"https:\/\/www.axinesis.com\/fr\/carrieres\/#breadcrumb\",\"itemListElement\":[{\"@type\":\"ListItem\",\"position\":1,\"name\":\"Home\",\"item\":\"https:\/\/www.axinesis.com\/fr\/\"},{\"@type\":\"ListItem\",\"position\":2,\"name\":\"Carri\u00e8res\"}]},{\"@type\":\"WebSite\",\"@id\":\"https:\/\/www.axinesis.com\/en\/#website\",\"url\":\"https:\/\/www.axinesis.com\/en\/\",\"name\":\"Axinesis\",\"description\":\"\",\"publisher\":{\"@id\":\"https:\/\/www.axinesis.com\/en\/#organization\"},\"potentialAction\":[{\"@type\":\"SearchAction\",\"target\":{\"@type\":\"EntryPoint\",\"urlTemplate\":\"https:\/\/www.axinesis.com\/en\/?s={search_term_string}\"},\"query-input\":{\"@type\":\"PropertyValueSpecification\",\"valueRequired\":true,\"valueName\":\"search_term_string\"}}],\"inLanguage\":\"fr-BE\"},{\"@type\":\"Organization\",\"@id\":\"https:\/\/www.axinesis.com\/en\/#organization\",\"name\":\"Axinesis\",\"url\":\"https:\/\/www.axinesis.com\/en\/\",\"logo\":{\"@type\":\"ImageObject\",\"inLanguage\":\"fr-BE\",\"@id\":\"https:\/\/www.axinesis.com\/en\/#\/schema\/logo\/image\/\",\"url\":\"https:\/\/www.axinesis.com\/wp-content\/uploads\/2021\/04\/Page-Header-Patients.jpg\",\"contentUrl\":\"https:\/\/www.axinesis.com\/wp-content\/uploads\/2021\/04\/Page-Header-Patients.jpg\",\"width\":1366,\"height\":660,\"caption\":\"Axinesis\"},\"image\":{\"@id\":\"https:\/\/www.axinesis.com\/en\/#\/schema\/logo\/image\/\"},\"sameAs\":[\"https:\/\/www.facebook.com\/axinesis\"]}]}<\/script>\n<!-- \/ Yoast SEO plugin. -->","yoast_head_json":{"title":"Carri\u00e8re | Postulez ici - Axinesis","description":"Vous souhaitez am\u00e9liorer la vie des personnes en situation de handicap ou atteintes de troubles neurologiques ? Postulez chez nous d\u00e8s \u00e0 pr\u00e9sent !","robots":{"index":"index","follow":"follow","max-snippet":"max-snippet:-1","max-image-preview":"max-image-preview:large","max-video-preview":"max-video-preview:-1"},"canonical":"https:\/\/www.axinesis.com\/fr\/carrieres\/","og_locale":"fr_FR","og_type":"article","og_title":"Carri\u00e8re | Postulez ici - Axinesis","og_description":"Vous souhaitez am\u00e9liorer la vie des personnes en situation de handicap ou atteintes de troubles neurologiques ? Postulez chez nous d\u00e8s \u00e0 pr\u00e9sent !","og_url":"https:\/\/www.axinesis.com\/fr\/carrieres\/","og_site_name":"Axinesis","article_publisher":"https:\/\/www.facebook.com\/axinesis","article_modified_time":"2023-05-17T09:23:15+00:00","og_image":[{"width":700,"height":418,"url":"https:\/\/www.axinesis.com\/wp-content\/uploads\/2022\/03\/Screenshot_2021-03-31_13-07-00.png","type":"image\/png"}],"twitter_card":"summary_large_image","twitter_misc":{"Dur\u00e9e de lecture est.":"1 minute"},"schema":{"@context":"https:\/\/schema.org","@graph":[{"@type":"WebPage","@id":"https:\/\/www.axinesis.com\/fr\/carrieres\/","url":"https:\/\/www.axinesis.com\/fr\/carrieres\/","name":"Carri\u00e8re | Postulez ici - Axinesis","isPartOf":{"@id":"https:\/\/www.axinesis.com\/en\/#website"},"primaryImageOfPage":{"@id":"https:\/\/www.axinesis.com\/fr\/carrieres\/#primaryimage"},"image":{"@id":"https:\/\/www.axinesis.com\/fr\/carrieres\/#primaryimage"},"thumbnailUrl":"https:\/\/www.axinesis.com\/wp-content\/uploads\/2022\/03\/Screenshot_2021-03-31_13-07-00.png","datePublished":"2021-03-26T13:49:33+00:00","dateModified":"2023-05-17T09:23:15+00:00","description":"Vous souhaitez am\u00e9liorer la vie des personnes en situation de handicap ou atteintes de troubles neurologiques ? Postulez chez nous d\u00e8s \u00e0 pr\u00e9sent !","breadcrumb":{"@id":"https:\/\/www.axinesis.com\/fr\/carrieres\/#breadcrumb"},"inLanguage":"fr-BE","potentialAction":[{"@type":"ReadAction","target":["https:\/\/www.axinesis.com\/fr\/carrieres\/"]}]},{"@type":"ImageObject","inLanguage":"fr-BE","@id":"https:\/\/www.axinesis.com\/fr\/carrieres\/#primaryimage","url":"https:\/\/www.axinesis.com\/wp-content\/uploads\/2022\/03\/Screenshot_2021-03-31_13-07-00.png","contentUrl":"https:\/\/www.axinesis.com\/wp-content\/uploads\/2022\/03\/Screenshot_2021-03-31_13-07-00.png","width":700,"height":418,"caption":"working people"},{"@type":"BreadcrumbList","@id":"https:\/\/www.axinesis.com\/fr\/carrieres\/#breadcrumb","itemListElement":[{"@type":"ListItem","position":1,"name":"Home","item":"https:\/\/www.axinesis.com\/fr\/"},{"@type":"ListItem","position":2,"name":"Carri\u00e8res"}]},{"@type":"WebSite","@id":"https:\/\/www.axinesis.com\/en\/#website","url":"https:\/\/www.axinesis.com\/en\/","name":"Axinesis","description":"","publisher":{"@id":"https:\/\/www.axinesis.com\/en\/#organization"},"potentialAction":[{"@type":"SearchAction","target":{"@type":"EntryPoint","urlTemplate":"https:\/\/www.axinesis.com\/en\/?s={search_term_string}"},"query-input":{"@type":"PropertyValueSpecification","valueRequired":true,"valueName":"search_term_string"}}],"inLanguage":"fr-BE"},{"@type":"Organization","@id":"https:\/\/www.axinesis.com\/en\/#organization","name":"Axinesis","url":"https:\/\/www.axinesis.com\/en\/","logo":{"@type":"ImageObject","inLanguage":"fr-BE","@id":"https:\/\/www.axinesis.com\/en\/#\/schema\/logo\/image\/","url":"https:\/\/www.axinesis.com\/wp-content\/uploads\/2021\/04\/Page-Header-Patients.jpg","contentUrl":"https:\/\/www.axinesis.com\/wp-content\/uploads\/2021\/04\/Page-Header-Patients.jpg","width":1366,"height":660,"caption":"Axinesis"},"image":{"@id":"https:\/\/www.axinesis.com\/en\/#\/schema\/logo\/image\/"},"sameAs":["https:\/\/www.facebook.com\/axinesis"]}]}},"_links":{"self":[{"href":"https:\/\/www.axinesis.com\/fr\/wp-json\/wp\/v2\/pages\/3072","targetHints":{"allow":["GET"]}}],"collection":[{"href":"https:\/\/www.axinesis.com\/fr\/wp-json\/wp\/v2\/pages"}],"about":[{"href":"https:\/\/www.axinesis.com\/fr\/wp-json\/wp\/v2\/types\/page"}],"author":[{"embeddable":true,"href":"https:\/\/www.axinesis.com\/fr\/wp-json\/wp\/v2\/users\/1"}],"replies":[{"embeddable":true,"href":"https:\/\/www.axinesis.com\/fr\/wp-json\/wp\/v2\/comments?post=3072"}],"version-history":[{"count":0,"href":"https:\/\/www.axinesis.com\/fr\/wp-json\/wp\/v2\/pages\/3072\/revisions"}],"wp:featuredmedia":[{"embeddable":true,"href":"https:\/\/www.axinesis.com\/fr\/wp-json\/wp\/v2\/media\/5958"}],"wp:attachment":[{"href":"https:\/\/www.axinesis.com\/fr\/wp-json\/wp\/v2\/media?parent=3072"}],"curies":[{"name":"wp","href":"https:\/\/api.w.org\/{rel}","templated":true}]}}