{"id":3086,"date":"2021-04-07T09:51:46","date_gmt":"2021-04-07T07:51:46","guid":{"rendered":"https:\/\/www.axinesis.com\/cookie-policy\/"},"modified":"2022-03-22T15:05:08","modified_gmt":"2022-03-22T13:05:08","slug":"politique-en-matiere-de-cookies","status":"publish","type":"page","link":"https:\/\/www.axinesis.com\/fr\/politique-en-matiere-de-cookies\/","title":{"rendered":"Politique en mati\u00e8re de cookies"},"content":{"rendered":"<ol>\n<li aria-current=\"page\">Home<\/li>\n<\/ol>\n<h1>Politique en mati\u00e8re de cookies<\/h1>\n<p><em>Derni\u00e8re mise \u00e0 jour le 7 avril 2021.\u00a0<\/em><\/p>\n<h2>1.\u00a0 Bienvenue<\/h2>\n<p>Bienvenue sur le site de la soci\u00e9t\u00e9 Axinesis, d\u00e9nomm\u00e9e Axinesis SA, dont le si\u00e8ge social se situe Avenue Sabin 3, 1300 Wavre, Belgique, num\u00e9ro d\u2019entreprise BE0628807052.<\/p>\n<p>Cette Politique en mati\u00e8re de cookies, explique quelles informations nous recueillons via notre site Web bas\u00e9 sur les cookies, et comment nous nous en servons dans le cadre de l\u2019am\u00e9lioration de nos services.<\/p>\n<p>En visitant notre site Web, vous acceptez l\u2019utilisation de nos cookies.<\/p>\n<h2>2.\u00a0 Cookies<\/h2>\n<p>Un <em>&lsquo;cookie&rsquo;<\/em> est un petit fichier de donn\u00e9es qui est temporairement stock\u00e9 sur votre ordinateur ou votre appareil mobile par une page Internet lorsque vous vous rendez sur un site Web. Il permet d\u2019identifier l\u2019appareil utilis\u00e9 pour visiter notre site Web, sans toutefois nous donner acc\u00e8s \u00e0 vos donn\u00e9es \u00e0 caract\u00e8re personnel.<\/p>\n<p>Les cookies peuvent \u00eatre facilement supprim\u00e9s via les param\u00e8tres de votre navigateur. Vous pouvez \u00e9galement d\u00e9finir vos param\u00e8tres de mani\u00e8re \u00e0 ce que les cookies soient syst\u00e9matiquement rejet\u00e9s. Toutefois, sachez que cela risque de compromettre l\u2019utilisation optimale de notre site Web ou d\u2019emp\u00eacher l\u2019acc\u00e8s \u00e0 certaines fonctions.<\/p>\n<h2>Types de cookies:<\/h2>\n<h3>2.1.\u00a0 Fonctionnels<\/h3>\n<p>Ces cookies techniques servent \u00e0 am\u00e9liorer les performances de notre site Web. L\u2019avantage de ces cookies est qu\u2019il n\u2019est pas n\u00e9cessaire de re-saisir ou de re-charger les m\u00eames informations \u00e0 chaque fois que vous vous rendez sur notre site Web :<\/p>\n<ul>\n<li><strong>Crisp<\/strong> <strong>Chat<\/strong>. Ce cookie expire au bout d\u2019un an. <u>(https:\/\/crisp.chat\/en\/privacy\/)<\/u><\/li>\n<li><strong>CloudFlare<\/strong>. Ce cookie expire au bout d\u2019un an. <u>(https:\/\/www.cloudflare.com\/privacypolicy\/)<\/u><\/li>\n<li><strong>Twitter<\/strong>. Ce cookie expire au terme de la session. (https:\/\/twitter.com\/en\/privacy)<\/li>\n<li><strong>Hotjar<\/strong>. Cookie de tra\u00e7age. (<a href=\"https:\/\/www.hotjar.com\/privacy\">https:\/\/www.hotjar.com\/privacy<\/a>),<\/li>\n<li><strong>ELEMENTOR<\/strong>: Ce cookie est permanent. (<a href=\"https:\/\/elementor.com\/about\/privacy\" target=\"_blank\" rel=\"noopener\">https:\/\/elementor.com\/about\/privacy<\/a>\/)<\/li>\n<\/ul>\n<h3>2.2.\u00a0 Marketing<\/h3>\n<p>Ces cookies peuvent \u00eatre utilis\u00e9s \u00e0 des fins marketing pour afficher des annonces publicitaires cibl\u00e9es :<\/p>\n<ul>\n<li><strong>Google Tag Manager<\/strong>: Ce cookie expire au terme de la session. (<a href=\"https:\/\/policies.google.com\/privacy\">https:\/\/policies.google.com\/privacy<\/a>)<\/li>\n<li><strong>Google: <\/strong>Ce cookie expire au bout de six mois. (<a href=\"https:\/\/policies.google.com\/privacy\">https:\/\/policies.google.com\/privacy<\/a>)<\/li>\n<li><strong>Doubleclick<\/strong>. Ce cookie expire au terme de la session. (<a href=\"https:\/\/policies.google.com\/privacy\">https:\/\/policies.google.com\/privacy<\/a>)<\/li>\n<li><strong>Facebook (_fbp): <\/strong>Ce cookie expire au bout d\u2019une journ\u00e9e. (<a href=\"https:\/\/www.facebook.com\/policy.php\">https:\/\/www.facebook.com\/policy.php<\/a>)<\/li>\n<li><strong>Facebook (fr): <\/strong>Ce cookie expire au bout de trois ans. (<a href=\"https:\/\/www.facebook.com\/policy.php\">https:\/\/www.facebook.com\/policy.php<\/a>)<\/li>\n<li><strong>Facebook (tr): <\/strong>Ce cookie expire au terme de la session. (<a href=\"https:\/\/www.facebook.com\/policy.php\">https:\/\/www.facebook.com\/policy.php<\/a>)<\/li>\n<li><strong>Hotjar: <\/strong>Ce cookie expire au terme de la session.\u00a0(<a href=\"https:\/\/www.hotjar.com\/legal\/policies\/privacy\">https:\/\/www.hotjar.com\/legal\/policies\/privacy<\/a>)<\/li>\n<li><strong>jetPopupData<\/strong>: Ce cookie est permanent. (<a href=\"https:\/\/crocoblock.com\/plugins\/jetpopup\/\" target=\"_blank\" rel=\"noopener\">https:\/\/crocoblock.com\/plugins\/jetpopup\/<\/a>)<\/li>\n<\/ul>\n","protected":false},"excerpt":{"rendered":"<p>Home Politique en mati\u00e8re de cookies Derni\u00e8re mise \u00e0 jour le 7 avril 2021.\u00a0 1.\u00a0 Bienvenue Bienvenue sur le site de la soci\u00e9t\u00e9 Axinesis, d\u00e9nomm\u00e9e Axinesis SA, dont le si\u00e8ge social se situe Avenue Sabin 3, 1300 Wavre, Belgique, num\u00e9ro d\u2019entreprise BE0628807052. Cette Politique en mati\u00e8re de cookies, explique quelles informations nous recueillons via notre [&hellip;]<\/p>\n","protected":false},"author":1,"featured_media":0,"parent":0,"menu_order":0,"comment_status":"closed","ping_status":"closed","template":"elementor_header_footer","meta":{"_acf_changed":false,"inline_featured_image":false,"footnotes":""},"class_list":["post-3086","page","type-page","status-publish","hentry"],"acf":[],"yoast_head":"<!-- This site is optimized with the Yoast SEO plugin v27.0 - https:\/\/yoast.com\/product\/yoast-seo-wordpress\/ -->\n<title>Politique en mati\u00e8re de cookies - Axinesis<\/title>\n<meta name=\"description\" content=\"Notre politique en mati\u00e8re de cookies explique quelles informations nous recueillons via notre site ainsi que comment nous en nous servons.\" \/>\n<meta name=\"robots\" content=\"index, follow, max-snippet:-1, max-image-preview:large, max-video-preview:-1\" \/>\n<link rel=\"canonical\" href=\"https:\/\/www.axinesis.com\/fr\/politique-en-matiere-de-cookies\/\" \/>\n<meta property=\"og:locale\" content=\"fr_FR\" \/>\n<meta property=\"og:type\" content=\"article\" \/>\n<meta property=\"og:title\" content=\"Politique en mati\u00e8re de cookies - Axinesis\" \/>\n<meta property=\"og:description\" content=\"Notre politique en mati\u00e8re de cookies explique quelles informations nous recueillons via notre site ainsi que comment nous en nous servons.\" \/>\n<meta property=\"og:url\" content=\"https:\/\/www.axinesis.com\/fr\/politique-en-matiere-de-cookies\/\" \/>\n<meta property=\"og:site_name\" content=\"Axinesis\" \/>\n<meta property=\"article:publisher\" content=\"https:\/\/www.facebook.com\/axinesis\" \/>\n<meta property=\"article:modified_time\" content=\"2022-03-22T13:05:08+00:00\" \/>\n<meta property=\"og:image\" content=\"https:\/\/www.axinesis.com\/wp-content\/uploads\/2022\/11\/header_axinesis.png\" \/>\n\t<meta property=\"og:image:width\" content=\"1500\" \/>\n\t<meta property=\"og:image:height\" content=\"796\" \/>\n\t<meta property=\"og:image:type\" content=\"image\/png\" \/>\n<meta name=\"twitter:card\" content=\"summary_large_image\" \/>\n<meta name=\"twitter:label1\" content=\"Dur\u00e9e de lecture est.\" \/>\n\t<meta name=\"twitter:data1\" content=\"2 minutes\" \/>\n<script type=\"application\/ld+json\" class=\"yoast-schema-graph\">{\"@context\":\"https:\/\/schema.org\",\"@graph\":[{\"@type\":\"WebPage\",\"@id\":\"https:\/\/www.axinesis.com\/fr\/politique-en-matiere-de-cookies\/\",\"url\":\"https:\/\/www.axinesis.com\/fr\/politique-en-matiere-de-cookies\/\",\"name\":\"Politique en mati\u00e8re de cookies - Axinesis\",\"isPartOf\":{\"@id\":\"https:\/\/www.axinesis.com\/en\/#website\"},\"datePublished\":\"2021-04-07T07:51:46+00:00\",\"dateModified\":\"2022-03-22T13:05:08+00:00\",\"description\":\"Notre politique en mati\u00e8re de cookies explique quelles informations nous recueillons via notre site ainsi que comment nous en nous servons.\",\"breadcrumb\":{\"@id\":\"https:\/\/www.axinesis.com\/fr\/politique-en-matiere-de-cookies\/#breadcrumb\"},\"inLanguage\":\"fr-BE\",\"potentialAction\":[{\"@type\":\"ReadAction\",\"target\":[\"https:\/\/www.axinesis.com\/fr\/politique-en-matiere-de-cookies\/\"]}]},{\"@type\":\"BreadcrumbList\",\"@id\":\"https:\/\/www.axinesis.com\/fr\/politique-en-matiere-de-cookies\/#breadcrumb\",\"itemListElement\":[{\"@type\":\"ListItem\",\"position\":1,\"name\":\"Home\",\"item\":\"https:\/\/www.axinesis.com\/fr\/\"},{\"@type\":\"ListItem\",\"position\":2,\"name\":\"Politique en mati\u00e8re de cookies\"}]},{\"@type\":\"WebSite\",\"@id\":\"https:\/\/www.axinesis.com\/en\/#website\",\"url\":\"https:\/\/www.axinesis.com\/en\/\",\"name\":\"Axinesis\",\"description\":\"\",\"publisher\":{\"@id\":\"https:\/\/www.axinesis.com\/en\/#organization\"},\"potentialAction\":[{\"@type\":\"SearchAction\",\"target\":{\"@type\":\"EntryPoint\",\"urlTemplate\":\"https:\/\/www.axinesis.com\/en\/?s={search_term_string}\"},\"query-input\":{\"@type\":\"PropertyValueSpecification\",\"valueRequired\":true,\"valueName\":\"search_term_string\"}}],\"inLanguage\":\"fr-BE\"},{\"@type\":\"Organization\",\"@id\":\"https:\/\/www.axinesis.com\/en\/#organization\",\"name\":\"Axinesis\",\"url\":\"https:\/\/www.axinesis.com\/en\/\",\"logo\":{\"@type\":\"ImageObject\",\"inLanguage\":\"fr-BE\",\"@id\":\"https:\/\/www.axinesis.com\/en\/#\/schema\/logo\/image\/\",\"url\":\"https:\/\/www.axinesis.com\/wp-content\/uploads\/2021\/04\/Page-Header-Patients.jpg\",\"contentUrl\":\"https:\/\/www.axinesis.com\/wp-content\/uploads\/2021\/04\/Page-Header-Patients.jpg\",\"width\":1366,\"height\":660,\"caption\":\"Axinesis\"},\"image\":{\"@id\":\"https:\/\/www.axinesis.com\/en\/#\/schema\/logo\/image\/\"},\"sameAs\":[\"https:\/\/www.facebook.com\/axinesis\"]}]}<\/script>\n<!-- \/ Yoast SEO plugin. -->","yoast_head_json":{"title":"Politique en mati\u00e8re de cookies - Axinesis","description":"Notre politique en mati\u00e8re de cookies explique quelles informations nous recueillons via notre site ainsi que comment nous en nous servons.","robots":{"index":"index","follow":"follow","max-snippet":"max-snippet:-1","max-image-preview":"max-image-preview:large","max-video-preview":"max-video-preview:-1"},"canonical":"https:\/\/www.axinesis.com\/fr\/politique-en-matiere-de-cookies\/","og_locale":"fr_FR","og_type":"article","og_title":"Politique en mati\u00e8re de cookies - Axinesis","og_description":"Notre politique en mati\u00e8re de cookies explique quelles informations nous recueillons via notre site ainsi que comment nous en nous servons.","og_url":"https:\/\/www.axinesis.com\/fr\/politique-en-matiere-de-cookies\/","og_site_name":"Axinesis","article_publisher":"https:\/\/www.facebook.com\/axinesis","article_modified_time":"2022-03-22T13:05:08+00:00","og_image":[{"width":1500,"height":796,"url":"https:\/\/www.axinesis.com\/wp-content\/uploads\/2022\/11\/header_axinesis.png","type":"image\/png"}],"twitter_card":"summary_large_image","twitter_misc":{"Dur\u00e9e de lecture est.":"2 minutes"},"schema":{"@context":"https:\/\/schema.org","@graph":[{"@type":"WebPage","@id":"https:\/\/www.axinesis.com\/fr\/politique-en-matiere-de-cookies\/","url":"https:\/\/www.axinesis.com\/fr\/politique-en-matiere-de-cookies\/","name":"Politique en mati\u00e8re de cookies - Axinesis","isPartOf":{"@id":"https:\/\/www.axinesis.com\/en\/#website"},"datePublished":"2021-04-07T07:51:46+00:00","dateModified":"2022-03-22T13:05:08+00:00","description":"Notre politique en mati\u00e8re de cookies explique quelles informations nous recueillons via notre site ainsi que comment nous en nous servons.","breadcrumb":{"@id":"https:\/\/www.axinesis.com\/fr\/politique-en-matiere-de-cookies\/#breadcrumb"},"inLanguage":"fr-BE","potentialAction":[{"@type":"ReadAction","target":["https:\/\/www.axinesis.com\/fr\/politique-en-matiere-de-cookies\/"]}]},{"@type":"BreadcrumbList","@id":"https:\/\/www.axinesis.com\/fr\/politique-en-matiere-de-cookies\/#breadcrumb","itemListElement":[{"@type":"ListItem","position":1,"name":"Home","item":"https:\/\/www.axinesis.com\/fr\/"},{"@type":"ListItem","position":2,"name":"Politique en mati\u00e8re de cookies"}]},{"@type":"WebSite","@id":"https:\/\/www.axinesis.com\/en\/#website","url":"https:\/\/www.axinesis.com\/en\/","name":"Axinesis","description":"","publisher":{"@id":"https:\/\/www.axinesis.com\/en\/#organization"},"potentialAction":[{"@type":"SearchAction","target":{"@type":"EntryPoint","urlTemplate":"https:\/\/www.axinesis.com\/en\/?s={search_term_string}"},"query-input":{"@type":"PropertyValueSpecification","valueRequired":true,"valueName":"search_term_string"}}],"inLanguage":"fr-BE"},{"@type":"Organization","@id":"https:\/\/www.axinesis.com\/en\/#organization","name":"Axinesis","url":"https:\/\/www.axinesis.com\/en\/","logo":{"@type":"ImageObject","inLanguage":"fr-BE","@id":"https:\/\/www.axinesis.com\/en\/#\/schema\/logo\/image\/","url":"https:\/\/www.axinesis.com\/wp-content\/uploads\/2021\/04\/Page-Header-Patients.jpg","contentUrl":"https:\/\/www.axinesis.com\/wp-content\/uploads\/2021\/04\/Page-Header-Patients.jpg","width":1366,"height":660,"caption":"Axinesis"},"image":{"@id":"https:\/\/www.axinesis.com\/en\/#\/schema\/logo\/image\/"},"sameAs":["https:\/\/www.facebook.com\/axinesis"]}]}},"_links":{"self":[{"href":"https:\/\/www.axinesis.com\/fr\/wp-json\/wp\/v2\/pages\/3086","targetHints":{"allow":["GET"]}}],"collection":[{"href":"https:\/\/www.axinesis.com\/fr\/wp-json\/wp\/v2\/pages"}],"about":[{"href":"https:\/\/www.axinesis.com\/fr\/wp-json\/wp\/v2\/types\/page"}],"author":[{"embeddable":true,"href":"https:\/\/www.axinesis.com\/fr\/wp-json\/wp\/v2\/users\/1"}],"replies":[{"embeddable":true,"href":"https:\/\/www.axinesis.com\/fr\/wp-json\/wp\/v2\/comments?post=3086"}],"version-history":[{"count":0,"href":"https:\/\/www.axinesis.com\/fr\/wp-json\/wp\/v2\/pages\/3086\/revisions"}],"wp:attachment":[{"href":"https:\/\/www.axinesis.com\/fr\/wp-json\/wp\/v2\/media?parent=3086"}],"curies":[{"name":"wp","href":"https:\/\/api.w.org\/{rel}","templated":true}]}}