{"id":3126,"date":"2021-04-07T09:52:48","date_gmt":"2021-04-07T07:52:48","guid":{"rendered":"https:\/\/www.axinesis.com\/privacy-policy\/"},"modified":"2021-06-17T13:35:12","modified_gmt":"2021-06-17T11:35:12","slug":"privacy-policy","status":"publish","type":"page","link":"https:\/\/www.axinesis.com\/fr\/privacy-policy\/","title":{"rendered":"Privacy policy"},"content":{"rendered":"\t\t<div data-elementor-type=\"wp-page\" data-elementor-id=\"3126\" class=\"elementor elementor-3126 elementor-1503\" data-elementor-post-type=\"page\">\n\t\t\t\t\t\t<section class=\"elementor-section elementor-top-section elementor-element elementor-element-52677efe elementor-section-height-min-height elementor-section-boxed elementor-section-height-default elementor-section-items-middle\" data-id=\"52677efe\" data-element_type=\"section\" data-settings=\"{&quot;jet_parallax_layout_list&quot;:[{&quot;jet_parallax_layout_image&quot;:{&quot;url&quot;:&quot;&quot;,&quot;id&quot;:&quot;&quot;,&quot;size&quot;:&quot;&quot;},&quot;_id&quot;:&quot;e148aec&quot;,&quot;jet_parallax_layout_speed&quot;:{&quot;unit&quot;:&quot;%&quot;,&quot;size&quot;:&quot;50&quot;,&quot;sizes&quot;:[]},&quot;jet_parallax_layout_bg_x&quot;:&quot;50&quot;,&quot;jet_parallax_layout_bg_y&quot;:&quot;50&quot;,&quot;jet_parallax_layout_image_tablet&quot;:{&quot;url&quot;:&quot;&quot;,&quot;id&quot;:&quot;&quot;,&quot;size&quot;:&quot;&quot;},&quot;jet_parallax_layout_image_mobile&quot;:{&quot;url&quot;:&quot;&quot;,&quot;id&quot;:&quot;&quot;,&quot;size&quot;:&quot;&quot;},&quot;jet_parallax_layout_type&quot;:&quot;scroll&quot;,&quot;jet_parallax_layout_direction&quot;:null,&quot;jet_parallax_layout_fx_direction&quot;:null,&quot;jet_parallax_layout_z_index&quot;:&quot;&quot;,&quot;jet_parallax_layout_bg_x_tablet&quot;:&quot;&quot;,&quot;jet_parallax_layout_bg_x_mobile&quot;:&quot;&quot;,&quot;jet_parallax_layout_bg_y_tablet&quot;:&quot;&quot;,&quot;jet_parallax_layout_bg_y_mobile&quot;:&quot;&quot;,&quot;jet_parallax_layout_bg_size&quot;:&quot;auto&quot;,&quot;jet_parallax_layout_bg_size_tablet&quot;:&quot;&quot;,&quot;jet_parallax_layout_bg_size_mobile&quot;:&quot;&quot;,&quot;jet_parallax_layout_animation_prop&quot;:&quot;transform&quot;,&quot;jet_parallax_layout_on&quot;:[&quot;desktop&quot;,&quot;tablet&quot;]}],&quot;background_background&quot;:&quot;classic&quot;}\">\n\t\t\t\t\t\t\t<div class=\"elementor-background-overlay\"><\/div>\n\t\t\t\t\t\t\t<div class=\"elementor-container elementor-column-gap-default\">\n\t\t\t\t\t<div class=\"elementor-column elementor-col-100 elementor-top-column elementor-element elementor-element-334d0bcd\" data-id=\"334d0bcd\" data-element_type=\"column\">\n\t\t\t<div class=\"elementor-widget-wrap elementor-element-populated\">\n\t\t\t\t\t\t<div class=\"elementor-element elementor-element-7bac3227 elementor-align-flex-start elementor-invisible elementor-widget elementor-widget-raven-breadcrumbs\" data-id=\"7bac3227\" data-element_type=\"widget\" data-settings=\"{&quot;_animation&quot;:&quot;fadeInRight&quot;}\" data-widget_type=\"raven-breadcrumbs.default\">\n\t\t\t\t<div class=\"elementor-widget-container\">\n\t\t\t\t\t<div class=\"raven-breadcrumbs raven-breadcrumbs-default\"><div class=\"breadcrumb\">\t\t\t\t<div class=\"breadcrumb-item active\" aria-current=\"page\"><span>Home<\/span><\/div>\r\n\r\n\t\t\t\t<\/div><\/div>\t\t\t\t<\/div>\n\t\t\t\t<\/div>\n\t\t\t\t<div class=\"elementor-element elementor-element-4766199a elementor-align-left elementor-invisible elementor-widget elementor-widget-raven-heading\" data-id=\"4766199a\" data-element_type=\"widget\" data-settings=\"{&quot;_animation&quot;:&quot;fadeInRight&quot;,&quot;_animation_delay&quot;:100}\" data-widget_type=\"raven-heading.default\">\n\t\t\t\t<div class=\"elementor-widget-container\">\n\t\t\t\t\t\t\t<div class=\"raven-widget-wrapper\"><h1 class=\"raven-heading raven-heading-h1\"><span class=\"raven-heading-title \">Politique de confidentialit\u00e9<\/span><\/h1><\/div>\r\n\t\t\t\t\t\t<\/div>\n\t\t\t\t<\/div>\n\t\t\t\t<div class=\"elementor-element elementor-element-7bf9ceed elementor-invisible elementor-widget elementor-widget-text-editor\" data-id=\"7bf9ceed\" data-element_type=\"widget\" data-settings=\"{&quot;_animation&quot;:&quot;fadeInRight&quot;,&quot;_animation_delay&quot;:300}\" data-widget_type=\"text-editor.default\">\n\t\t\t\t<div class=\"elementor-widget-container\">\n\t\t\t\t\t\t\t\t\t<p><em>Derni\u00e8re mise \u00e0 jour le 7 avril 2021.\u00a0<\/em><\/p><h2>1.\u00a0 Bienvenue<\/h2><p>Bienvenue sur le site de la soci\u00e9t\u00e9 Axinesis, d\u00e9nomm\u00e9e Axinesis SA, dont le si\u00e8ge social se situe Avenue Sabin 3, 1300 Wavre, Belgique, num\u00e9ro d\u2019entreprise BE0628807052.<\/p><p>Dans cette Politique de confidentialit\u00e9, nous expliquons quelles donn\u00e9es \u00e0 caract\u00e8re personnel nous recueillons en notre qualit\u00e9 de responsable du traitement des donn\u00e9es et comment nous nous en servons et les partageons dans le cadre de l\u2019am\u00e9lioration de nos services.<\/p><h2>2.\u00a0 Donn\u00e9es \u00e0 caract\u00e8re personnel<\/h2><p>Les quelques donn\u00e9es \u00e0 caract\u00e8re personnel que nous pouvons \u00eatre amen\u00e9s \u00e0 conserver seront collect\u00e9es de diff\u00e9rentes mani\u00e8res :<\/p><ul><li><span style=\"text-decoration: underline;\">Site Web<\/span> : lorsque vous vous rendez sur notre site Web, certaines informations peuvent \u00eatre enregistr\u00e9es par le biais de cookies (votre adresse IP, par exemple) \u00e0 des fins de gestion et d\u2019am\u00e9lioration de notre site Web. Pour de plus amples informations sur ces cookies, parcourez notre Politique en mati\u00e8re de cookies.<\/li><li><u>Relations commerciales <\/u>:\u00a0 Si vous \u00eates int\u00e9ress\u00e9 par l\u2019acquisition de nos services ou par un partenariat portant sur nos services, et nous contactez \u00e0 cette fin, nous traiterons votre nom complet, vos informations de contact (adresse e-mail, num\u00e9ro de t\u00e9l\u00e9phone, adresse professionnelle et\/ou priv\u00e9e), ainsi que d\u2019autres renseignements n\u00e9cessaires \u00e0 la commande, \u00e0 la facturation ou \u00e0 la collaboration (coordonn\u00e9es bancaires, historique des contacts ou informations relatives \u00e0 vos commandes ant\u00e9rieures, par exemple).\u00a0<\/li><li><u>Marketing<\/u>: Si vous y consentez explicitement, nous pourrons utiliser votre nom complet et votre adresse e-mail \u00e0 des fins de publipostage, mais aussi pour vous faire parvenir des bulletins d\u2019information, nos offres et nos promotions sur nos produits et services. Vous pouvez vous d\u00e9sabonner \u00e0 tout moment.\u00a0\u00a0<\/li><\/ul><p>M\u00eame si vous n\u2019\u00eates \u00e0 aucun moment dans l\u2019obligation de nous fournir vos donn\u00e9es \u00e0 caract\u00e8re personnel, le refus de nous transmettre certaines donn\u00e9es n\u00e9cessaires peut compromettre voire rendre impossible nos prestations.<\/p><h2>3.\u00a0 Objectifs du traitement<\/h2><p>Nous traitons vos donn\u00e9es \u00e0 caract\u00e8re personnel pour la gestion g\u00e9n\u00e9rale des commandes et de notre client\u00e8le, ou pour offrir nos services. Les t\u00e2ches concern\u00e9es incluent notamment les suivantes : administration de la client\u00e8le, suivi des commandes et des livraisons, facturation, r\u00e9ponse aux questions et communications marketing.<\/p><p>Le traitement est fond\u00e9 sur les bases juridiques suivantes :<\/p><ul><li>Vous avez donn\u00e9 votre consentement.<\/li><li>Il est n\u00e9cessaire pour la mise en \u0153uvre d\u2019un accord.<\/li><li>Il est n\u00e9cessaire pour la mise en conformit\u00e9 avec une obligation l\u00e9gale.<\/li><li>Il est n\u00e9cessaire pour prot\u00e9ger vos int\u00e9r\u00eats vitaux ou ceux de tiers.<\/li><li>Il est n\u00e9cessaire pour accomplir une t\u00e2che d\u2019int\u00e9r\u00eat g\u00e9n\u00e9ral.<\/li><li>Il est n\u00e9cessaire pour prot\u00e9ger nos int\u00e9r\u00eats l\u00e9gaux li\u00e9s \u00e0 poursuite de nos activit\u00e9s.<\/li><\/ul><p>Dans la mesure o\u00f9 le traitement des donn\u00e9es \u00e0 caract\u00e8re personnel est autoris\u00e9 sous r\u00e9serve de votre consentement explicite, vous \u00eates en droit de retirer votre approbation.<\/p><h2>4.\u00a0 Divulgation \u00e0 des tiers<\/h2><p>Pour les besoins de l\u2019une des situations susmentionn\u00e9es, il est possible que nous partagions vos donn\u00e9es \u00e0 caract\u00e8re personnel avec des collaborateurs et nos partenaires professionnels. Nos partenaires sont tenus de prendre les mesures organisationnelles et techniques requises pour prot\u00e9ger ces donn\u00e9es \u00e0 caract\u00e8re personnel.<\/p><p>Vos donn\u00e9es \u00e0 caract\u00e8re personnel ne seront en aucun cas vendues \u00e0 des tiers. Toutefois, dans le contexte \u00e9ventuel d\u2019une r\u00e9organisation, d\u2019une faillite ou d\u2019un transfert d\u2019activit\u00e9s, les donn\u00e9es faisant partie int\u00e9grante des activit\u00e9s de notre entreprise pourront \u00eatre transf\u00e9r\u00e9es \u00e0 des tiers.<\/p><p>Dans certains cas, nous pourrons \u00eatre contraints de transf\u00e9rer vos donn\u00e9es \u00e0 caract\u00e8re personnel sous le coup d\u2019une ordonnance de tribunal ou d\u2019une l\u00e9gislation contraignante, par exemple dans le cadre de la lutte antifraude ou de probl\u00e8mes de s\u00e9curit\u00e9, ou pour prot\u00e9ger vos droits.<\/p><h2>5.\u00a0 P\u00e9riode de conservation<\/h2><p>Nous pourrons traiter et conserver vos donn\u00e9es \u00e0 caract\u00e8re personnel aussi longtemps que n\u00e9cessaire pour la poursuite des objectifs susmentionn\u00e9s \u2013 en vertu de notre entente contractuelle \u2013 \u00e0 des fins de conformit\u00e9 avec les obligations l\u00e9gales ou dans le cadre d\u2019un m\u00e9canisme de conservation standard raisonnablement limit\u00e9 dans le temps (<em>sauvegardes<\/em>).<\/p><h2>6.\u00a0 Vos droits<\/h2><p>Toutes les personnes dont des donn\u00e9es \u00e0 caract\u00e8re personnel sont en notre possession disposent des droits suivants :<\/p><ul><li>Acc\u00e9der \u00e0 leurs donn\u00e9es \u00e0 caract\u00e8re personnel.<\/li><li>Rectifier ou compl\u00e9ter leurs donn\u00e9es \u00e0 caract\u00e8re personnel, le cas \u00e9ch\u00e9ant.<\/li><li>Faire effacer leurs donn\u00e9es \u00e0 caract\u00e8re personnel.<\/li><li>Limiter le traitement de leurs donn\u00e9es \u00e0 caract\u00e8re personnel.<\/li><li>S\u2019opposer au traitement de leurs donn\u00e9es \u00e0 caract\u00e8re personnel pour un motif s\u00e9rieux et l\u00e9gitime.<\/li><li>Demander le transfert de leurs donn\u00e9es vers une autre entreprise.<\/li><\/ul><p>Si vous souhaitez exercer l\u2019un des droits susmentionn\u00e9s, contactez-nous par courrier postal ou par e-mail \u00e0 l\u2019adresse\u00a0<a href=\"mailto:sav@axinesis.com\">sav@axinesis.com<\/a>.<\/p><p>\u00c0 la r\u00e9ception de votre demande, nous devrons \u00eatre en mesure de v\u00e9rifier votre identit\u00e9.<\/p><h2>7.\u00a0 R\u00e9clamations<\/h2><p>Pour tout commentaire ou question concernant notre Politique de confidentialit\u00e9, n\u2019h\u00e9sitez pas \u00e0 nous contacter.<\/p><p>Toutes les personnes dont des donn\u00e9es \u00e0 caract\u00e8re personnel sont en notre possession sont \u00e9galement en droit d\u2019introduire une r\u00e9clamation aupr\u00e8s de l\u2019Autorit\u00e9 de protection des donn\u00e9es (Rue de la Presse 35, 1000 Bruxelles, <a href=\"mailto:contact@apd-gba.be\">contact@apd-gba.be<\/a>).<\/p><h2>8.\u00a0 S\u00e9curit\u00e9<\/h2><p>Nous appliquons les mesures organisationnelles et techniques standard que l\u2019on peut raisonnablement attendre de nous afin de prot\u00e9ger vos donn\u00e9es \u00e0 caract\u00e8re personnel contre les risques de destruction, de perte, d\u2019alt\u00e9ration, de contrefa\u00e7on, de distribution ou d\u2019acc\u00e8s ill\u00e9gitime.<\/p><p>Les donn\u00e9es \u00e0 caract\u00e8re personnel ne pourront \u00eatre transmises \u00e0 un partenaire bas\u00e9 dans un pays hors de l\u2019Espace \u00e9conomique europ\u00e9en que si le pays en question garantit des niveaux de s\u00e9curit\u00e9 appropri\u00e9s pour vos donn\u00e9es \u00e0 caract\u00e8re personnel. Avant de communiquer des donn\u00e9es \u00e0 caract\u00e8re personnel \u00e0 un partenaire bas\u00e9 aux \u00c9tats-Unis, nous exigeons un accord distinct r\u00e9gissant le traitement desdites donn\u00e9es ou une certification en conformit\u00e9 avec le \u00ab bouclier de protection des donn\u00e9es \u00bb Privacy Shield Framework\u00a0(<a href=\"http:\/\/www.privacyshield.gov\">www.privacyshield.gov<\/a>).<\/p><p>Nous ne pourrons \u00eatre tenus responsables en cas d\u2019utilisation abusive ou illicite de donn\u00e9es \u00e0 caract\u00e8re personnel par un tiers. Par ailleurs, la responsabilit\u00e9 de la confidentialit\u00e9 et de l\u2019utilisation de votre ordinateur, de votre adresse IP et de vos donn\u00e9es de connexion et d\u2019identification vous incombe.<\/p><h2>9.\u00a0 Votre confidentialit\u00e9<\/h2><p>Votre confidentialit\u00e9 est importante pour nous.<\/p><p>Nous faisons tout ce qui est en notre pouvoir pour la prot\u00e9ger et veillons \u00e0 nous conformer aux exigences l\u00e9gales suivantes : (i) Loi du 8 d\u00e9cembre 1992 relative \u00e0 la protection de la vie priv\u00e9e \u00e0 l\u2019\u00e9gard des traitements de donn\u00e9es \u00e0 caract\u00e8re personnel (telle qu\u2019amend\u00e9e par la loi de d\u00e9cembre 1998 relative aux traitements de donn\u00e9es \u00e0 caract\u00e8re personnel) ; (ii) Dispositions anti-spam du Livre XII du Code de droit \u00e9conomique concernant le droit de l\u2019\u00e9conomie \u00e9lectronique ; et (iii) R\u00e8glement europ\u00e9en 2016\/679 du 27 avril 2016 relatif \u00e0 la protection des donn\u00e9es \u00e0 caract\u00e8re personnel (R\u00e8glement g\u00e9n\u00e9ral sur la protection des donn\u00e9es, RGPD).<\/p>\t\t\t\t\t\t\t\t<\/div>\n\t\t\t\t<\/div>\n\t\t\t\t\t<\/div>\n\t\t<\/div>\n\t\t\t\t\t<\/div>\n\t\t<\/section>\n\t\t\t\t<\/div>\n\t\t","protected":false},"excerpt":{"rendered":"<p>Home Politique de confidentialit\u00e9 Derni\u00e8re mise \u00e0 jour le 7 avril 2021.\u00a0 1.\u00a0 Bienvenue Bienvenue sur le site de la soci\u00e9t\u00e9 Axinesis, d\u00e9nomm\u00e9e Axinesis SA, dont le si\u00e8ge social se situe Avenue Sabin 3, 1300 Wavre, Belgique, num\u00e9ro d\u2019entreprise BE0628807052. Dans cette Politique de confidentialit\u00e9, nous expliquons quelles donn\u00e9es \u00e0 caract\u00e8re personnel nous recueillons en [&hellip;]<\/p>\n","protected":false},"author":1,"featured_media":0,"parent":0,"menu_order":0,"comment_status":"closed","ping_status":"closed","template":"elementor_header_footer","meta":{"_acf_changed":false,"inline_featured_image":false,"footnotes":""},"class_list":["post-3126","page","type-page","status-publish","hentry"],"acf":[],"yoast_head":"<!-- This site is optimized with the Yoast SEO plugin v27.0 - https:\/\/yoast.com\/product\/yoast-seo-wordpress\/ -->\n<title>Privacy policy - Axinesis<\/title>\n<meta name=\"robots\" content=\"index, follow, max-snippet:-1, max-image-preview:large, max-video-preview:-1\" \/>\n<link rel=\"canonical\" href=\"https:\/\/www.axinesis.com\/fr\/privacy-policy\/\" \/>\n<meta property=\"og:locale\" content=\"fr_FR\" \/>\n<meta property=\"og:type\" content=\"article\" \/>\n<meta property=\"og:title\" content=\"Privacy policy - Axinesis\" \/>\n<meta property=\"og:description\" content=\"Home Politique de confidentialit\u00e9 Derni\u00e8re mise \u00e0 jour le 7 avril 2021.\u00a0 1.\u00a0 Bienvenue Bienvenue sur le site de la soci\u00e9t\u00e9 Axinesis, d\u00e9nomm\u00e9e Axinesis SA, dont le si\u00e8ge social se situe Avenue Sabin 3, 1300 Wavre, Belgique, num\u00e9ro d\u2019entreprise BE0628807052. Dans cette Politique de confidentialit\u00e9, nous expliquons quelles donn\u00e9es \u00e0 caract\u00e8re personnel nous recueillons en [&hellip;]\" \/>\n<meta property=\"og:url\" content=\"https:\/\/www.axinesis.com\/fr\/privacy-policy\/\" \/>\n<meta property=\"og:site_name\" content=\"Axinesis\" \/>\n<meta property=\"article:publisher\" content=\"https:\/\/www.facebook.com\/axinesis\" \/>\n<meta property=\"article:modified_time\" content=\"2021-06-17T11:35:12+00:00\" \/>\n<meta property=\"og:image\" content=\"https:\/\/www.axinesis.com\/wp-content\/uploads\/2022\/11\/header_axinesis.png\" \/>\n\t<meta property=\"og:image:width\" content=\"1500\" \/>\n\t<meta property=\"og:image:height\" content=\"796\" \/>\n\t<meta property=\"og:image:type\" content=\"image\/png\" \/>\n<meta name=\"twitter:card\" content=\"summary_large_image\" \/>\n<meta name=\"twitter:label1\" content=\"Dur\u00e9e de lecture est.\" \/>\n\t<meta name=\"twitter:data1\" content=\"5 minutes\" \/>\n<script type=\"application\/ld+json\" class=\"yoast-schema-graph\">{\"@context\":\"https:\/\/schema.org\",\"@graph\":[{\"@type\":\"WebPage\",\"@id\":\"https:\/\/www.axinesis.com\/fr\/privacy-policy\/\",\"url\":\"https:\/\/www.axinesis.com\/fr\/privacy-policy\/\",\"name\":\"Privacy policy - Axinesis\",\"isPartOf\":{\"@id\":\"https:\/\/www.axinesis.com\/en\/#website\"},\"datePublished\":\"2021-04-07T07:52:48+00:00\",\"dateModified\":\"2021-06-17T11:35:12+00:00\",\"breadcrumb\":{\"@id\":\"https:\/\/www.axinesis.com\/fr\/privacy-policy\/#breadcrumb\"},\"inLanguage\":\"fr-BE\",\"potentialAction\":[{\"@type\":\"ReadAction\",\"target\":[\"https:\/\/www.axinesis.com\/fr\/privacy-policy\/\"]}]},{\"@type\":\"BreadcrumbList\",\"@id\":\"https:\/\/www.axinesis.com\/fr\/privacy-policy\/#breadcrumb\",\"itemListElement\":[{\"@type\":\"ListItem\",\"position\":1,\"name\":\"Home\",\"item\":\"https:\/\/www.axinesis.com\/fr\/\"},{\"@type\":\"ListItem\",\"position\":2,\"name\":\"Privacy policy\"}]},{\"@type\":\"WebSite\",\"@id\":\"https:\/\/www.axinesis.com\/en\/#website\",\"url\":\"https:\/\/www.axinesis.com\/en\/\",\"name\":\"Axinesis\",\"description\":\"\",\"publisher\":{\"@id\":\"https:\/\/www.axinesis.com\/en\/#organization\"},\"potentialAction\":[{\"@type\":\"SearchAction\",\"target\":{\"@type\":\"EntryPoint\",\"urlTemplate\":\"https:\/\/www.axinesis.com\/en\/?s={search_term_string}\"},\"query-input\":{\"@type\":\"PropertyValueSpecification\",\"valueRequired\":true,\"valueName\":\"search_term_string\"}}],\"inLanguage\":\"fr-BE\"},{\"@type\":\"Organization\",\"@id\":\"https:\/\/www.axinesis.com\/en\/#organization\",\"name\":\"Axinesis\",\"url\":\"https:\/\/www.axinesis.com\/en\/\",\"logo\":{\"@type\":\"ImageObject\",\"inLanguage\":\"fr-BE\",\"@id\":\"https:\/\/www.axinesis.com\/en\/#\/schema\/logo\/image\/\",\"url\":\"https:\/\/www.axinesis.com\/wp-content\/uploads\/2021\/04\/Page-Header-Patients.jpg\",\"contentUrl\":\"https:\/\/www.axinesis.com\/wp-content\/uploads\/2021\/04\/Page-Header-Patients.jpg\",\"width\":1366,\"height\":660,\"caption\":\"Axinesis\"},\"image\":{\"@id\":\"https:\/\/www.axinesis.com\/en\/#\/schema\/logo\/image\/\"},\"sameAs\":[\"https:\/\/www.facebook.com\/axinesis\"]}]}<\/script>\n<!-- \/ Yoast SEO plugin. -->","yoast_head_json":{"title":"Privacy policy - Axinesis","robots":{"index":"index","follow":"follow","max-snippet":"max-snippet:-1","max-image-preview":"max-image-preview:large","max-video-preview":"max-video-preview:-1"},"canonical":"https:\/\/www.axinesis.com\/fr\/privacy-policy\/","og_locale":"fr_FR","og_type":"article","og_title":"Privacy policy - Axinesis","og_description":"Home Politique de confidentialit\u00e9 Derni\u00e8re mise \u00e0 jour le 7 avril 2021.\u00a0 1.\u00a0 Bienvenue Bienvenue sur le site de la soci\u00e9t\u00e9 Axinesis, d\u00e9nomm\u00e9e Axinesis SA, dont le si\u00e8ge social se situe Avenue Sabin 3, 1300 Wavre, Belgique, num\u00e9ro d\u2019entreprise BE0628807052. Dans cette Politique de confidentialit\u00e9, nous expliquons quelles donn\u00e9es \u00e0 caract\u00e8re personnel nous recueillons en [&hellip;]","og_url":"https:\/\/www.axinesis.com\/fr\/privacy-policy\/","og_site_name":"Axinesis","article_publisher":"https:\/\/www.facebook.com\/axinesis","article_modified_time":"2021-06-17T11:35:12+00:00","og_image":[{"width":1500,"height":796,"url":"https:\/\/www.axinesis.com\/wp-content\/uploads\/2022\/11\/header_axinesis.png","type":"image\/png"}],"twitter_card":"summary_large_image","twitter_misc":{"Dur\u00e9e de lecture est.":"5 minutes"},"schema":{"@context":"https:\/\/schema.org","@graph":[{"@type":"WebPage","@id":"https:\/\/www.axinesis.com\/fr\/privacy-policy\/","url":"https:\/\/www.axinesis.com\/fr\/privacy-policy\/","name":"Privacy policy - Axinesis","isPartOf":{"@id":"https:\/\/www.axinesis.com\/en\/#website"},"datePublished":"2021-04-07T07:52:48+00:00","dateModified":"2021-06-17T11:35:12+00:00","breadcrumb":{"@id":"https:\/\/www.axinesis.com\/fr\/privacy-policy\/#breadcrumb"},"inLanguage":"fr-BE","potentialAction":[{"@type":"ReadAction","target":["https:\/\/www.axinesis.com\/fr\/privacy-policy\/"]}]},{"@type":"BreadcrumbList","@id":"https:\/\/www.axinesis.com\/fr\/privacy-policy\/#breadcrumb","itemListElement":[{"@type":"ListItem","position":1,"name":"Home","item":"https:\/\/www.axinesis.com\/fr\/"},{"@type":"ListItem","position":2,"name":"Privacy policy"}]},{"@type":"WebSite","@id":"https:\/\/www.axinesis.com\/en\/#website","url":"https:\/\/www.axinesis.com\/en\/","name":"Axinesis","description":"","publisher":{"@id":"https:\/\/www.axinesis.com\/en\/#organization"},"potentialAction":[{"@type":"SearchAction","target":{"@type":"EntryPoint","urlTemplate":"https:\/\/www.axinesis.com\/en\/?s={search_term_string}"},"query-input":{"@type":"PropertyValueSpecification","valueRequired":true,"valueName":"search_term_string"}}],"inLanguage":"fr-BE"},{"@type":"Organization","@id":"https:\/\/www.axinesis.com\/en\/#organization","name":"Axinesis","url":"https:\/\/www.axinesis.com\/en\/","logo":{"@type":"ImageObject","inLanguage":"fr-BE","@id":"https:\/\/www.axinesis.com\/en\/#\/schema\/logo\/image\/","url":"https:\/\/www.axinesis.com\/wp-content\/uploads\/2021\/04\/Page-Header-Patients.jpg","contentUrl":"https:\/\/www.axinesis.com\/wp-content\/uploads\/2021\/04\/Page-Header-Patients.jpg","width":1366,"height":660,"caption":"Axinesis"},"image":{"@id":"https:\/\/www.axinesis.com\/en\/#\/schema\/logo\/image\/"},"sameAs":["https:\/\/www.facebook.com\/axinesis"]}]}},"_links":{"self":[{"href":"https:\/\/www.axinesis.com\/fr\/wp-json\/wp\/v2\/pages\/3126","targetHints":{"allow":["GET"]}}],"collection":[{"href":"https:\/\/www.axinesis.com\/fr\/wp-json\/wp\/v2\/pages"}],"about":[{"href":"https:\/\/www.axinesis.com\/fr\/wp-json\/wp\/v2\/types\/page"}],"author":[{"embeddable":true,"href":"https:\/\/www.axinesis.com\/fr\/wp-json\/wp\/v2\/users\/1"}],"replies":[{"embeddable":true,"href":"https:\/\/www.axinesis.com\/fr\/wp-json\/wp\/v2\/comments?post=3126"}],"version-history":[{"count":0,"href":"https:\/\/www.axinesis.com\/fr\/wp-json\/wp\/v2\/pages\/3126\/revisions"}],"wp:attachment":[{"href":"https:\/\/www.axinesis.com\/fr\/wp-json\/wp\/v2\/media?parent=3126"}],"curies":[{"name":"wp","href":"https:\/\/api.w.org\/{rel}","templated":true}]}}