{"id":3136,"date":"2021-06-02T11:26:58","date_gmt":"2021-06-02T09:26:58","guid":{"rendered":"https:\/\/www.axinesis.com\/request-a-demo\/"},"modified":"2023-05-17T12:12:02","modified_gmt":"2023-05-17T10:12:02","slug":"demonstration-gratuite","status":"publish","type":"page","link":"https:\/\/www.axinesis.com\/fr\/demonstration-gratuite\/","title":{"rendered":"D\u00e9monstration gratuite"},"content":{"rendered":"\t\t<div data-elementor-type=\"wp-page\" data-elementor-id=\"3136\" class=\"elementor elementor-3136 elementor-3009\" data-elementor-post-type=\"page\">\n\t\t\t\t\t\t<section class=\"elementor-section elementor-top-section elementor-element elementor-element-81ab7a3 elementor-section-height-min-height elementor-section-boxed elementor-section-height-default elementor-section-items-middle\" data-id=\"81ab7a3\" data-element_type=\"section\" data-settings=\"{&quot;jet_parallax_layout_list&quot;:[{&quot;jet_parallax_layout_image&quot;:{&quot;url&quot;:&quot;&quot;,&quot;id&quot;:&quot;&quot;,&quot;size&quot;:&quot;&quot;},&quot;_id&quot;:&quot;e148aec&quot;,&quot;jet_parallax_layout_speed&quot;:{&quot;unit&quot;:&quot;%&quot;,&quot;size&quot;:&quot;50&quot;,&quot;sizes&quot;:[]},&quot;jet_parallax_layout_bg_x&quot;:&quot;50&quot;,&quot;jet_parallax_layout_bg_y&quot;:&quot;50&quot;,&quot;jet_parallax_layout_image_tablet&quot;:{&quot;url&quot;:&quot;&quot;,&quot;id&quot;:&quot;&quot;,&quot;size&quot;:&quot;&quot;},&quot;jet_parallax_layout_image_mobile&quot;:{&quot;url&quot;:&quot;&quot;,&quot;id&quot;:&quot;&quot;,&quot;size&quot;:&quot;&quot;},&quot;jet_parallax_layout_type&quot;:&quot;scroll&quot;,&quot;jet_parallax_layout_direction&quot;:null,&quot;jet_parallax_layout_fx_direction&quot;:null,&quot;jet_parallax_layout_z_index&quot;:&quot;&quot;,&quot;jet_parallax_layout_bg_x_tablet&quot;:&quot;&quot;,&quot;jet_parallax_layout_bg_x_mobile&quot;:&quot;&quot;,&quot;jet_parallax_layout_bg_y_tablet&quot;:&quot;&quot;,&quot;jet_parallax_layout_bg_y_mobile&quot;:&quot;&quot;,&quot;jet_parallax_layout_bg_size&quot;:&quot;auto&quot;,&quot;jet_parallax_layout_bg_size_tablet&quot;:&quot;&quot;,&quot;jet_parallax_layout_bg_size_mobile&quot;:&quot;&quot;,&quot;jet_parallax_layout_animation_prop&quot;:&quot;transform&quot;,&quot;jet_parallax_layout_on&quot;:[&quot;desktop&quot;,&quot;tablet&quot;]}],&quot;background_background&quot;:&quot;classic&quot;}\">\n\t\t\t\t\t\t\t<div class=\"elementor-background-overlay\"><\/div>\n\t\t\t\t\t\t\t<div class=\"elementor-container elementor-column-gap-default\">\n\t\t\t\t\t<div class=\"elementor-column elementor-col-100 elementor-top-column elementor-element elementor-element-138abccc\" data-id=\"138abccc\" data-element_type=\"column\">\n\t\t\t<div class=\"elementor-widget-wrap elementor-element-populated\">\n\t\t\t\t\t\t<div class=\"elementor-element elementor-element-664b3e2b elementor-align-center elementor-invisible elementor-widget elementor-widget-raven-heading\" data-id=\"664b3e2b\" data-element_type=\"widget\" data-settings=\"{&quot;_animation&quot;:&quot;fadeInRight&quot;,&quot;_animation_delay&quot;:100}\" data-widget_type=\"raven-heading.default\">\n\t\t\t\t<div class=\"elementor-widget-container\">\n\t\t\t\t\t\t\t<div class=\"raven-widget-wrapper\"><h1 class=\"raven-heading raven-heading-h1\"><span class=\"raven-heading-title \">Demandez ici une d\u00e9monstration gratuite \n<\/span><\/h1><\/div>\r\n\t\t\t\t\t\t<\/div>\n\t\t\t\t<\/div>\n\t\t\t\t\t<\/div>\n\t\t<\/div>\n\t\t\t\t\t<\/div>\n\t\t<\/section>\n\t\t\t\t<section class=\"elementor-section elementor-top-section elementor-element elementor-element-71e2444 elementor-section-boxed elementor-section-height-default elementor-section-height-default\" data-id=\"71e2444\" data-element_type=\"section\" data-settings=\"{&quot;jet_parallax_layout_list&quot;:[]}\">\n\t\t\t\t\t\t<div class=\"elementor-container elementor-column-gap-default\">\n\t\t\t\t\t<div class=\"elementor-column elementor-col-50 elementor-top-column elementor-element elementor-element-00441c2\" data-id=\"00441c2\" data-element_type=\"column\">\n\t\t\t<div class=\"elementor-widget-wrap elementor-element-populated\">\n\t\t\t\t\t\t<div class=\"elementor-element elementor-element-97ae2fe elementor-invisible elementor-widget elementor-widget-image\" data-id=\"97ae2fe\" data-element_type=\"widget\" data-settings=\"{&quot;_animation&quot;:&quot;fadeInLeft&quot;}\" data-widget_type=\"image.default\">\n\t\t\t\t<div class=\"elementor-widget-container\">\n\t\t\t\t\t\t\t\t\t\t\t\t\t\t\t<img fetchpriority=\"high\" decoding=\"async\" width=\"1024\" height=\"697\" src=\"https:\/\/www.axinesis.com\/wp-content\/uploads\/2022\/07\/2021_axinesis_J2A1113-1024x697.jpg\" class=\"attachment-large size-large wp-image-6634\" alt=\"\" srcset=\"https:\/\/www.axinesis.com\/wp-content\/uploads\/2022\/07\/2021_axinesis_J2A1113-1024x697.jpg 1024w, https:\/\/www.axinesis.com\/wp-content\/uploads\/2022\/07\/2021_axinesis_J2A1113-300x204.jpg 300w, https:\/\/www.axinesis.com\/wp-content\/uploads\/2022\/07\/2021_axinesis_J2A1113-768x523.jpg 768w, https:\/\/www.axinesis.com\/wp-content\/uploads\/2022\/07\/2021_axinesis_J2A1113-1536x1045.jpg 1536w, https:\/\/www.axinesis.com\/wp-content\/uploads\/2022\/07\/2021_axinesis_J2A1113-2048x1394.jpg 2048w\" sizes=\"(max-width: 1024px) 100vw, 1024px\" \/>\t\t\t\t\t\t\t\t\t\t\t\t\t\t\t<\/div>\n\t\t\t\t<\/div>\n\t\t\t\t\t<\/div>\n\t\t<\/div>\n\t\t\t\t<div class=\"elementor-column elementor-col-50 elementor-top-column elementor-element elementor-element-f3fb570\" data-id=\"f3fb570\" data-element_type=\"column\">\n\t\t\t<div class=\"elementor-widget-wrap elementor-element-populated\">\n\t\t\t\t\t\t<div class=\"elementor-element elementor-element-7d6d862 elementor-invisible elementor-widget elementor-widget-text-editor\" data-id=\"7d6d862\" data-element_type=\"widget\" data-settings=\"{&quot;_animation&quot;:&quot;fadeInRight&quot;}\" data-widget_type=\"text-editor.default\">\n\t\t\t\t<div class=\"elementor-widget-container\">\n\t\t\t\t\t\t\t\t\t<p>Chez Axinesis, nous vous proposons d\u2019exp\u00e9rimenter nos diff\u00e9rents dispositifs lors d\u2019un essai dans votre centre de r\u00e9\u00e9ducation. Participez gratuitement \u00e0 l\u2019une de nos formations donn\u00e9es par nos collaborateurs et essayez par vous-m\u00eame les nombreuses opportunit\u00e9s qu\u2019offrent le REAplan\u00ae, le REAtouch\u00ae et le REAtouch Lite\u00ae, nos trois dispositifs de r\u00e9\u00e9ducation intensive fonctionnelle. Vous pourrez ainsi profiter de ce moment pour les tester en direct avec vos patients.<\/p><p>Au travers d\u2019une introduction par un de nos formateurs, ayez l\u2019occasion de vous familiariser avec des technologies innovantes en mati\u00e8re de r\u00e9adaptation physique.\u00a0 Nous vous invitions \u00e0 remplir le formulaire ci-dessous et nos collaborateurs reprendront rapidement contact avec vous afin de fixer un rendez-vous de d\u00e9monstration dans vos locaux.<\/p>\t\t\t\t\t\t\t\t<\/div>\n\t\t\t\t<\/div>\n\t\t\t\t\t<\/div>\n\t\t<\/div>\n\t\t\t\t\t<\/div>\n\t\t<\/section>\n\t\t\t\t<section class=\"elementor-section elementor-top-section elementor-element elementor-element-264410be elementor-section-boxed elementor-section-height-default elementor-section-height-default elementor-invisible\" data-id=\"264410be\" data-element_type=\"section\" data-settings=\"{&quot;jet_parallax_layout_list&quot;:[{&quot;jet_parallax_layout_image&quot;:{&quot;url&quot;:&quot;&quot;,&quot;id&quot;:&quot;&quot;,&quot;size&quot;:&quot;&quot;},&quot;_id&quot;:&quot;e148aec&quot;,&quot;jet_parallax_layout_speed&quot;:{&quot;unit&quot;:&quot;%&quot;,&quot;size&quot;:&quot;50&quot;,&quot;sizes&quot;:[]},&quot;jet_parallax_layout_bg_x&quot;:&quot;50&quot;,&quot;jet_parallax_layout_bg_y&quot;:&quot;50&quot;,&quot;jet_parallax_layout_image_tablet&quot;:{&quot;url&quot;:&quot;&quot;,&quot;id&quot;:&quot;&quot;,&quot;size&quot;:&quot;&quot;},&quot;jet_parallax_layout_image_mobile&quot;:{&quot;url&quot;:&quot;&quot;,&quot;id&quot;:&quot;&quot;,&quot;size&quot;:&quot;&quot;},&quot;jet_parallax_layout_type&quot;:&quot;scroll&quot;,&quot;jet_parallax_layout_direction&quot;:null,&quot;jet_parallax_layout_fx_direction&quot;:null,&quot;jet_parallax_layout_z_index&quot;:&quot;&quot;,&quot;jet_parallax_layout_bg_x_tablet&quot;:&quot;&quot;,&quot;jet_parallax_layout_bg_x_mobile&quot;:&quot;&quot;,&quot;jet_parallax_layout_bg_y_tablet&quot;:&quot;&quot;,&quot;jet_parallax_layout_bg_y_mobile&quot;:&quot;&quot;,&quot;jet_parallax_layout_bg_size&quot;:&quot;auto&quot;,&quot;jet_parallax_layout_bg_size_tablet&quot;:&quot;&quot;,&quot;jet_parallax_layout_bg_size_mobile&quot;:&quot;&quot;,&quot;jet_parallax_layout_animation_prop&quot;:&quot;transform&quot;,&quot;jet_parallax_layout_on&quot;:[&quot;desktop&quot;,&quot;tablet&quot;]}],&quot;background_background&quot;:&quot;classic&quot;,&quot;animation&quot;:&quot;fadeInRight&quot;,&quot;animation_delay&quot;:300}\">\n\t\t\t\t\t\t\t<div class=\"elementor-background-overlay\"><\/div>\n\t\t\t\t\t\t\t<div class=\"elementor-container elementor-column-gap-default\">\n\t\t\t\t\t<div class=\"elementor-column elementor-col-100 elementor-top-column elementor-element elementor-element-455172c7\" data-id=\"455172c7\" data-element_type=\"column\">\n\t\t\t<div class=\"elementor-widget-wrap elementor-element-populated\">\n\t\t\t\t\t\t<div class=\"elementor-element elementor-element-a065e3a elementor-widget elementor-widget-html\" data-id=\"a065e3a\" data-element_type=\"widget\" data-widget_type=\"html.default\">\n\t\t\t\t<div class=\"elementor-widget-container\">\n\t\t\t\t\t<script charset=\"utf-8\" type=\"text\/javascript\" src=\"\/\/js.hsforms.net\/forms\/shell.js\"><\/script>\r\n<script>\r\nhbspt.forms.create({\r\nregion: \"na1\",\r\nportalId: \"19964329\",\r\nformId: \"fb8249bd-8826-454d-852d-58544e0ecd17\"\r\n});\r\n<\/script>\t\t\t\t<\/div>\n\t\t\t\t<\/div>\n\t\t\t\t<div class=\"elementor-element elementor-element-37519ad elementor-widget elementor-widget-spacer\" data-id=\"37519ad\" data-element_type=\"widget\" data-widget_type=\"spacer.default\">\n\t\t\t\t<div class=\"elementor-widget-container\">\n\t\t\t\t\t\t\t<div class=\"elementor-spacer\">\n\t\t\t<div class=\"elementor-spacer-inner\"><\/div>\n\t\t<\/div>\n\t\t\t\t\t\t<\/div>\n\t\t\t\t<\/div>\n\t\t\t\t\t<\/div>\n\t\t<\/div>\n\t\t\t\t\t<\/div>\n\t\t<\/section>\n\t\t\t\t<\/div>\n\t\t","protected":false},"excerpt":{"rendered":"<p>Demandez ici une d\u00e9monstration gratuite Chez Axinesis, nous vous proposons d\u2019exp\u00e9rimenter nos diff\u00e9rents dispositifs lors d\u2019un essai dans votre centre de r\u00e9\u00e9ducation. Participez gratuitement \u00e0 l\u2019une de nos formations donn\u00e9es par nos collaborateurs et essayez par vous-m\u00eame les nombreuses opportunit\u00e9s qu\u2019offrent le REAplan\u00ae, le REAtouch\u00ae et le REAtouch Lite\u00ae, nos trois dispositifs de r\u00e9\u00e9ducation intensive [&hellip;]<\/p>\n","protected":false},"author":1,"featured_media":6868,"parent":0,"menu_order":0,"comment_status":"closed","ping_status":"closed","template":"elementor_header_footer","meta":{"_acf_changed":false,"inline_featured_image":false,"footnotes":""},"class_list":["post-3136","page","type-page","status-publish","has-post-thumbnail","hentry"],"acf":[],"yoast_head":"<!-- This site is optimized with the Yoast SEO plugin v27.0 - https:\/\/yoast.com\/product\/yoast-seo-wordpress\/ -->\n<title>D\u00e9monstration gratuite | D\u00e9couvrez nos dispositifs - Axinesis<\/title>\n<meta name=\"description\" content=\"Vous souhaitez recevoir une d\u00e9monstration d&#039;un de nos dispositifs ? Axinesis prendra contact avec vous afin de r\u00e9pondre \u00e0 votre demande !\" \/>\n<meta name=\"robots\" content=\"index, follow, max-snippet:-1, max-image-preview:large, max-video-preview:-1\" \/>\n<link rel=\"canonical\" href=\"https:\/\/www.axinesis.com\/fr\/demonstration-gratuite\/\" \/>\n<meta property=\"og:locale\" content=\"fr_FR\" \/>\n<meta property=\"og:type\" content=\"article\" \/>\n<meta property=\"og:title\" content=\"D\u00e9monstration gratuite | D\u00e9couvrez nos dispositifs - Axinesis\" \/>\n<meta property=\"og:description\" content=\"Vous souhaitez recevoir une d\u00e9monstration d&#039;un de nos dispositifs ? Axinesis prendra contact avec vous afin de r\u00e9pondre \u00e0 votre demande !\" \/>\n<meta property=\"og:url\" content=\"https:\/\/www.axinesis.com\/fr\/demonstration-gratuite\/\" \/>\n<meta property=\"og:site_name\" content=\"Axinesis\" \/>\n<meta property=\"article:publisher\" content=\"https:\/\/www.facebook.com\/axinesis\" \/>\n<meta property=\"article:modified_time\" content=\"2023-05-17T10:12:02+00:00\" \/>\n<meta property=\"og:image\" content=\"https:\/\/www.axinesis.com\/wp-content\/uploads\/2022\/08\/2021_axinesis_J2A1113-scaled.jpg\" \/>\n\t<meta property=\"og:image:width\" content=\"2560\" \/>\n\t<meta property=\"og:image:height\" content=\"1742\" \/>\n\t<meta property=\"og:image:type\" content=\"image\/jpeg\" \/>\n<meta name=\"twitter:card\" content=\"summary_large_image\" \/>\n<meta name=\"twitter:label1\" content=\"Dur\u00e9e de lecture est.\" \/>\n\t<meta name=\"twitter:data1\" content=\"1 minute\" \/>\n<script type=\"application\/ld+json\" class=\"yoast-schema-graph\">{\"@context\":\"https:\/\/schema.org\",\"@graph\":[{\"@type\":\"WebPage\",\"@id\":\"https:\/\/www.axinesis.com\/fr\/demonstration-gratuite\/\",\"url\":\"https:\/\/www.axinesis.com\/fr\/demonstration-gratuite\/\",\"name\":\"D\u00e9monstration gratuite | D\u00e9couvrez nos dispositifs - Axinesis\",\"isPartOf\":{\"@id\":\"https:\/\/www.axinesis.com\/en\/#website\"},\"primaryImageOfPage\":{\"@id\":\"https:\/\/www.axinesis.com\/fr\/demonstration-gratuite\/#primaryimage\"},\"image\":{\"@id\":\"https:\/\/www.axinesis.com\/fr\/demonstration-gratuite\/#primaryimage\"},\"thumbnailUrl\":\"https:\/\/www.axinesis.com\/wp-content\/uploads\/2022\/08\/2021_axinesis_J2A1113-scaled.jpg\",\"datePublished\":\"2021-06-02T09:26:58+00:00\",\"dateModified\":\"2023-05-17T10:12:02+00:00\",\"description\":\"Vous souhaitez recevoir une d\u00e9monstration d'un de nos dispositifs ? Axinesis prendra contact avec vous afin de r\u00e9pondre \u00e0 votre demande !\",\"breadcrumb\":{\"@id\":\"https:\/\/www.axinesis.com\/fr\/demonstration-gratuite\/#breadcrumb\"},\"inLanguage\":\"fr-BE\",\"potentialAction\":[{\"@type\":\"ReadAction\",\"target\":[\"https:\/\/www.axinesis.com\/fr\/demonstration-gratuite\/\"]}]},{\"@type\":\"ImageObject\",\"inLanguage\":\"fr-BE\",\"@id\":\"https:\/\/www.axinesis.com\/fr\/demonstration-gratuite\/#primaryimage\",\"url\":\"https:\/\/www.axinesis.com\/wp-content\/uploads\/2022\/08\/2021_axinesis_J2A1113-scaled.jpg\",\"contentUrl\":\"https:\/\/www.axinesis.com\/wp-content\/uploads\/2022\/08\/2021_axinesis_J2A1113-scaled.jpg\",\"width\":2560,\"height\":1742},{\"@type\":\"BreadcrumbList\",\"@id\":\"https:\/\/www.axinesis.com\/fr\/demonstration-gratuite\/#breadcrumb\",\"itemListElement\":[{\"@type\":\"ListItem\",\"position\":1,\"name\":\"Home\",\"item\":\"https:\/\/www.axinesis.com\/fr\/\"},{\"@type\":\"ListItem\",\"position\":2,\"name\":\"D\u00e9monstration gratuite\"}]},{\"@type\":\"WebSite\",\"@id\":\"https:\/\/www.axinesis.com\/en\/#website\",\"url\":\"https:\/\/www.axinesis.com\/en\/\",\"name\":\"Axinesis\",\"description\":\"\",\"publisher\":{\"@id\":\"https:\/\/www.axinesis.com\/en\/#organization\"},\"potentialAction\":[{\"@type\":\"SearchAction\",\"target\":{\"@type\":\"EntryPoint\",\"urlTemplate\":\"https:\/\/www.axinesis.com\/en\/?s={search_term_string}\"},\"query-input\":{\"@type\":\"PropertyValueSpecification\",\"valueRequired\":true,\"valueName\":\"search_term_string\"}}],\"inLanguage\":\"fr-BE\"},{\"@type\":\"Organization\",\"@id\":\"https:\/\/www.axinesis.com\/en\/#organization\",\"name\":\"Axinesis\",\"url\":\"https:\/\/www.axinesis.com\/en\/\",\"logo\":{\"@type\":\"ImageObject\",\"inLanguage\":\"fr-BE\",\"@id\":\"https:\/\/www.axinesis.com\/en\/#\/schema\/logo\/image\/\",\"url\":\"https:\/\/www.axinesis.com\/wp-content\/uploads\/2021\/04\/Page-Header-Patients.jpg\",\"contentUrl\":\"https:\/\/www.axinesis.com\/wp-content\/uploads\/2021\/04\/Page-Header-Patients.jpg\",\"width\":1366,\"height\":660,\"caption\":\"Axinesis\"},\"image\":{\"@id\":\"https:\/\/www.axinesis.com\/en\/#\/schema\/logo\/image\/\"},\"sameAs\":[\"https:\/\/www.facebook.com\/axinesis\"]}]}<\/script>\n<!-- \/ Yoast SEO plugin. -->","yoast_head_json":{"title":"D\u00e9monstration gratuite | D\u00e9couvrez nos dispositifs - Axinesis","description":"Vous souhaitez recevoir une d\u00e9monstration d'un de nos dispositifs ? Axinesis prendra contact avec vous afin de r\u00e9pondre \u00e0 votre demande !","robots":{"index":"index","follow":"follow","max-snippet":"max-snippet:-1","max-image-preview":"max-image-preview:large","max-video-preview":"max-video-preview:-1"},"canonical":"https:\/\/www.axinesis.com\/fr\/demonstration-gratuite\/","og_locale":"fr_FR","og_type":"article","og_title":"D\u00e9monstration gratuite | D\u00e9couvrez nos dispositifs - Axinesis","og_description":"Vous souhaitez recevoir une d\u00e9monstration d'un de nos dispositifs ? Axinesis prendra contact avec vous afin de r\u00e9pondre \u00e0 votre demande !","og_url":"https:\/\/www.axinesis.com\/fr\/demonstration-gratuite\/","og_site_name":"Axinesis","article_publisher":"https:\/\/www.facebook.com\/axinesis","article_modified_time":"2023-05-17T10:12:02+00:00","og_image":[{"width":2560,"height":1742,"url":"https:\/\/www.axinesis.com\/wp-content\/uploads\/2022\/08\/2021_axinesis_J2A1113-scaled.jpg","type":"image\/jpeg"}],"twitter_card":"summary_large_image","twitter_misc":{"Dur\u00e9e de lecture est.":"1 minute"},"schema":{"@context":"https:\/\/schema.org","@graph":[{"@type":"WebPage","@id":"https:\/\/www.axinesis.com\/fr\/demonstration-gratuite\/","url":"https:\/\/www.axinesis.com\/fr\/demonstration-gratuite\/","name":"D\u00e9monstration gratuite | D\u00e9couvrez nos dispositifs - Axinesis","isPartOf":{"@id":"https:\/\/www.axinesis.com\/en\/#website"},"primaryImageOfPage":{"@id":"https:\/\/www.axinesis.com\/fr\/demonstration-gratuite\/#primaryimage"},"image":{"@id":"https:\/\/www.axinesis.com\/fr\/demonstration-gratuite\/#primaryimage"},"thumbnailUrl":"https:\/\/www.axinesis.com\/wp-content\/uploads\/2022\/08\/2021_axinesis_J2A1113-scaled.jpg","datePublished":"2021-06-02T09:26:58+00:00","dateModified":"2023-05-17T10:12:02+00:00","description":"Vous souhaitez recevoir une d\u00e9monstration d'un de nos dispositifs ? Axinesis prendra contact avec vous afin de r\u00e9pondre \u00e0 votre demande !","breadcrumb":{"@id":"https:\/\/www.axinesis.com\/fr\/demonstration-gratuite\/#breadcrumb"},"inLanguage":"fr-BE","potentialAction":[{"@type":"ReadAction","target":["https:\/\/www.axinesis.com\/fr\/demonstration-gratuite\/"]}]},{"@type":"ImageObject","inLanguage":"fr-BE","@id":"https:\/\/www.axinesis.com\/fr\/demonstration-gratuite\/#primaryimage","url":"https:\/\/www.axinesis.com\/wp-content\/uploads\/2022\/08\/2021_axinesis_J2A1113-scaled.jpg","contentUrl":"https:\/\/www.axinesis.com\/wp-content\/uploads\/2022\/08\/2021_axinesis_J2A1113-scaled.jpg","width":2560,"height":1742},{"@type":"BreadcrumbList","@id":"https:\/\/www.axinesis.com\/fr\/demonstration-gratuite\/#breadcrumb","itemListElement":[{"@type":"ListItem","position":1,"name":"Home","item":"https:\/\/www.axinesis.com\/fr\/"},{"@type":"ListItem","position":2,"name":"D\u00e9monstration gratuite"}]},{"@type":"WebSite","@id":"https:\/\/www.axinesis.com\/en\/#website","url":"https:\/\/www.axinesis.com\/en\/","name":"Axinesis","description":"","publisher":{"@id":"https:\/\/www.axinesis.com\/en\/#organization"},"potentialAction":[{"@type":"SearchAction","target":{"@type":"EntryPoint","urlTemplate":"https:\/\/www.axinesis.com\/en\/?s={search_term_string}"},"query-input":{"@type":"PropertyValueSpecification","valueRequired":true,"valueName":"search_term_string"}}],"inLanguage":"fr-BE"},{"@type":"Organization","@id":"https:\/\/www.axinesis.com\/en\/#organization","name":"Axinesis","url":"https:\/\/www.axinesis.com\/en\/","logo":{"@type":"ImageObject","inLanguage":"fr-BE","@id":"https:\/\/www.axinesis.com\/en\/#\/schema\/logo\/image\/","url":"https:\/\/www.axinesis.com\/wp-content\/uploads\/2021\/04\/Page-Header-Patients.jpg","contentUrl":"https:\/\/www.axinesis.com\/wp-content\/uploads\/2021\/04\/Page-Header-Patients.jpg","width":1366,"height":660,"caption":"Axinesis"},"image":{"@id":"https:\/\/www.axinesis.com\/en\/#\/schema\/logo\/image\/"},"sameAs":["https:\/\/www.facebook.com\/axinesis"]}]}},"_links":{"self":[{"href":"https:\/\/www.axinesis.com\/fr\/wp-json\/wp\/v2\/pages\/3136","targetHints":{"allow":["GET"]}}],"collection":[{"href":"https:\/\/www.axinesis.com\/fr\/wp-json\/wp\/v2\/pages"}],"about":[{"href":"https:\/\/www.axinesis.com\/fr\/wp-json\/wp\/v2\/types\/page"}],"author":[{"embeddable":true,"href":"https:\/\/www.axinesis.com\/fr\/wp-json\/wp\/v2\/users\/1"}],"replies":[{"embeddable":true,"href":"https:\/\/www.axinesis.com\/fr\/wp-json\/wp\/v2\/comments?post=3136"}],"version-history":[{"count":0,"href":"https:\/\/www.axinesis.com\/fr\/wp-json\/wp\/v2\/pages\/3136\/revisions"}],"wp:featuredmedia":[{"embeddable":true,"href":"https:\/\/www.axinesis.com\/fr\/wp-json\/wp\/v2\/media\/6868"}],"wp:attachment":[{"href":"https:\/\/www.axinesis.com\/fr\/wp-json\/wp\/v2\/media?parent=3136"}],"curies":[{"name":"wp","href":"https:\/\/api.w.org\/{rel}","templated":true}]}}