{"id":3076,"date":"2021-04-06T16:58:14","date_gmt":"2021-04-06T14:58:14","guid":{"rendered":"https:\/\/www.axinesis.com\/clinical-studies\/"},"modified":"2023-05-17T12:25:20","modified_gmt":"2023-05-17T10:25:20","slug":"klinische-studies","status":"publish","type":"page","link":"https:\/\/www.axinesis.com\/nl\/klinische-studies\/","title":{"rendered":"Klinische studies"},"content":{"rendered":"\t\t<div data-elementor-type=\"wp-page\" data-elementor-id=\"3076\" class=\"elementor elementor-3076 elementor-1474\" data-elementor-post-type=\"page\">\n\t\t\t\t\t\t<section class=\"elementor-section elementor-top-section elementor-element elementor-element-151b9591 elementor-section-height-min-height elementor-section-boxed elementor-section-height-default elementor-section-items-middle\" data-id=\"151b9591\" data-element_type=\"section\" data-settings=\"{&quot;jet_parallax_layout_list&quot;:[{&quot;jet_parallax_layout_image&quot;:{&quot;url&quot;:&quot;&quot;,&quot;id&quot;:&quot;&quot;,&quot;size&quot;:&quot;&quot;},&quot;_id&quot;:&quot;e148aec&quot;,&quot;jet_parallax_layout_speed&quot;:{&quot;unit&quot;:&quot;%&quot;,&quot;size&quot;:&quot;50&quot;,&quot;sizes&quot;:[]},&quot;jet_parallax_layout_bg_x&quot;:&quot;50&quot;,&quot;jet_parallax_layout_bg_y&quot;:&quot;50&quot;,&quot;jet_parallax_layout_image_tablet&quot;:{&quot;url&quot;:&quot;&quot;,&quot;id&quot;:&quot;&quot;,&quot;size&quot;:&quot;&quot;},&quot;jet_parallax_layout_image_mobile&quot;:{&quot;url&quot;:&quot;&quot;,&quot;id&quot;:&quot;&quot;,&quot;size&quot;:&quot;&quot;},&quot;jet_parallax_layout_type&quot;:&quot;scroll&quot;,&quot;jet_parallax_layout_direction&quot;:null,&quot;jet_parallax_layout_fx_direction&quot;:null,&quot;jet_parallax_layout_z_index&quot;:&quot;&quot;,&quot;jet_parallax_layout_bg_x_tablet&quot;:&quot;&quot;,&quot;jet_parallax_layout_bg_x_mobile&quot;:&quot;&quot;,&quot;jet_parallax_layout_bg_y_tablet&quot;:&quot;&quot;,&quot;jet_parallax_layout_bg_y_mobile&quot;:&quot;&quot;,&quot;jet_parallax_layout_bg_size&quot;:&quot;auto&quot;,&quot;jet_parallax_layout_bg_size_tablet&quot;:&quot;&quot;,&quot;jet_parallax_layout_bg_size_mobile&quot;:&quot;&quot;,&quot;jet_parallax_layout_animation_prop&quot;:&quot;transform&quot;,&quot;jet_parallax_layout_on&quot;:[&quot;desktop&quot;,&quot;tablet&quot;]}],&quot;background_background&quot;:&quot;classic&quot;}\">\n\t\t\t\t\t\t\t<div class=\"elementor-background-overlay\"><\/div>\n\t\t\t\t\t\t\t<div class=\"elementor-container elementor-column-gap-default\">\n\t\t\t\t\t<div class=\"elementor-column elementor-col-100 elementor-top-column elementor-element elementor-element-14436c54\" data-id=\"14436c54\" data-element_type=\"column\">\n\t\t\t<div class=\"elementor-widget-wrap elementor-element-populated\">\n\t\t\t\t\t\t<div class=\"elementor-element elementor-element-24524a16 elementor-align-flex-start elementor-invisible elementor-widget elementor-widget-raven-breadcrumbs\" data-id=\"24524a16\" data-element_type=\"widget\" data-settings=\"{&quot;_animation&quot;:&quot;fadeInRight&quot;}\" data-widget_type=\"raven-breadcrumbs.default\">\n\t\t\t\t<div class=\"elementor-widget-container\">\n\t\t\t\t\t<div class=\"raven-breadcrumbs raven-breadcrumbs-default\"><div class=\"breadcrumb\">\t\t\t\t<div class=\"breadcrumb-item active\" aria-current=\"page\"><span>Home<\/span><\/div>\r\n\r\n\t\t\t\t<\/div><\/div>\t\t\t\t<\/div>\n\t\t\t\t<\/div>\n\t\t\t\t<div class=\"elementor-element elementor-element-5397641d elementor-align-left elementor-invisible elementor-widget elementor-widget-raven-heading\" data-id=\"5397641d\" data-element_type=\"widget\" data-settings=\"{&quot;_animation&quot;:&quot;fadeInRight&quot;,&quot;_animation_delay&quot;:100}\" data-widget_type=\"raven-heading.default\">\n\t\t\t\t<div class=\"elementor-widget-container\">\n\t\t\t\t\t\t\t<div class=\"raven-widget-wrapper\"><h1 class=\"raven-heading raven-heading-h1\"><span class=\"raven-heading-title \">Klinische studies<\/span><\/h1><\/div>\r\n\t\t\t\t\t\t<\/div>\n\t\t\t\t<\/div>\n\t\t\t\t<div class=\"elementor-element elementor-element-0d3e0c1 elementor-widget elementor-widget-text-editor\" data-id=\"0d3e0c1\" data-element_type=\"widget\" data-widget_type=\"text-editor.default\">\n\t\t\t\t<div class=\"elementor-widget-container\">\n\t\t\t\t\t\t\t\t\t<p>Sinds 2012 hebben medeoprichter Dr. Julien Sapin en zijn team klinisch onderzoek gedaan in tal van revalidatiecentra. Dit onderzoek heeft de effectiviteit aangetoond van de <a href=\"https:\/\/www.axinesis.com\/our-solutions\/\">interactieve neurorevalidatie-apparaten<\/a> op het herstel van pati\u00ebnten.<\/p>\t\t\t\t\t\t\t\t<\/div>\n\t\t\t\t<\/div>\n\t\t\t\t<div class=\"elementor-element elementor-element-4179671 elementor-widget elementor-widget-jet-timeline\" data-id=\"4179671\" data-element_type=\"widget\" data-widget_type=\"jet-timeline.default\">\n\t\t\t\t<div class=\"elementor-widget-container\">\n\t\t\t\t\t<div class=\"elementor-jet-timeline jet-elements\"><div class=\"jet-timeline jet-timeline--align-center jet-timeline--align-middle\">\n\t<div class=\"jet-timeline__line\"><div class=\"jet-timeline__line-progress\"><\/div><\/div>\n\t<div class=\"jet-timeline-list\"><div class=\"jet-timeline-item jet-timeline-item--animated elementor-repeater-item-c6ac870 jet-timeline-item--image-inside\">\n\t<div class=\"timeline-item__card\">\n\t\t<div class=\"timeline-item__card-inner\">\n\t\t\t\t\t\t\t\t<div class=\"timeline-item__card-content\">\n\t\t\t\t\t<div class=\"timeline-item__meta\"><div class=\"timeline-item__meta-content\">September 2019<\/div><\/div><h5 class=\"timeline-item__card-title\">Effectiveness of upper-limb robotic-assisted therapy in the early rehabilitation phase after stroke: A single-blind, randomised, controlled trial<\/h5><div class=\"timeline-item__card-desc\">In deze RCT werden 45 pati\u00ebnten met een acute beroerte gerandomiseerd om hetzij standaardtherapie, hetzij dosisafhankelijke therapie te krijgen waarbij 25% van de sessies werd vervangen door robot-ondersteunde therapie (RAT - robot-assisted therapy) met REAplan\u00ae. Achtentwintig personen werden beoordeeld na de interventie. 6 maanden na de beroerte bleek dat de metingen van de algemene handvaardigheid, functionaliteit van de bovenste ledematen en de maatschappelijke participatie van de pati\u00ebnt significant hoger waren in de RAT-groep. De onderzoekers concludeerden dat RAT in combinatie met conventionele therapie in het begin van de revalidatiefase van een beroerte effectiever is dan enkel conventionele therapie.<\/div>\t\t\t\t<\/div>\n\t\t\t\t\t\t<\/div>\n\t\t<div class=\"timeline-item__card-arrow\"><\/div>\n\t<\/div>\n\t<div class=\"timeline-item__point\"><div class=\"timeline-item__point-content timeline-item__point-content--icon\"><span class=\"jet-elements-icon\"><i aria-hidden=\"true\" class=\"far fa-calendar-alt\"><\/i><\/span><\/div><\/div><div class=\"timeline-item__meta\"><div class=\"timeline-item__meta-content\">September 2019<\/div><\/div><\/div><div class=\"jet-timeline-item jet-timeline-item--animated elementor-repeater-item-b35e9a6 jet-timeline-item--image-inside\">\n\t<div class=\"timeline-item__card\">\n\t\t<div class=\"timeline-item__card-inner\">\n\t\t\t\t\t\t\t\t<div class=\"timeline-item__card-content\">\n\t\t\t\t\t<div class=\"timeline-item__meta\"><div class=\"timeline-item__meta-content\">September 2016<\/div><\/div><h5 class=\"timeline-item__card-title\">Performance-based robotic assistance during rhythmic arm exercises<\/h5><div class=\"timeline-item__card-desc\">In dit artikel is ingegaan op een nieuwe prestatiegerichte ondersteuningsmethode voor het trainen van ritmische bewegingen met een revalidatie-robot. Pati\u00ebnten werden aangemoedigd om door oefening soepelheid, snelheid en amplitude van bewegen te verbeteren. De doeltreffendheid van de bewegingsondersteuning bij pati\u00ebnten met een beroerte werd vastgesteld omdat deze (i) zich aanpast aan de real-time prestaties van de pati\u00ebnt, (ii) de motorische prestaties van de pati\u00ebnt verbetert en (iii) niet leidt tot verslapping van de pati\u00ebnt. Hierdoor concludeerden de onderzoekers dat de prestatieafhankelijke ondersteuning voor het trainen van ritmische bewegingen een geschikte aanvulling is op robot-ondersteunde therapie\u00ebn van de bovenste ledematen om zo een groter motorisch repertoire te trainen.<\/div>\t\t\t\t<\/div>\n\t\t\t\t\t\t<\/div>\n\t\t<div class=\"timeline-item__card-arrow\"><\/div>\n\t<\/div>\n\t<div class=\"timeline-item__point\"><div class=\"timeline-item__point-content timeline-item__point-content--icon\"><span class=\"jet-elements-icon\"><i aria-hidden=\"true\" class=\"far fa-calendar-alt\"><\/i><\/span><\/div><\/div><div class=\"timeline-item__meta\"><div class=\"timeline-item__meta-content\">September 2016<\/div><\/div><\/div><div class=\"jet-timeline-item jet-timeline-item--animated elementor-repeater-item-70c2aa7 jet-timeline-item--image-inside\">\n\t<div class=\"timeline-item__card\">\n\t\t<div class=\"timeline-item__card-inner\">\n\t\t\t\t\t\t\t\t<div class=\"timeline-item__card-content\">\n\t\t\t\t\t<div class=\"timeline-item__meta\"><div class=\"timeline-item__meta-content\">Juli 2015<\/div><\/div><h5 class=\"timeline-item__card-title\">Age Effects on Upper Limb Kinematics Assessed by the REAplan Robot in Healthy Subjects Aged 3 to 93 Years<\/h5><div class=\"timeline-item__card-desc\">Deze studie was de eerste om de leeftijdseffecten op de kinematica van de bovenste ledematen en normatieve waarden vast te stellen door middel van onderzoek naar beweging bij 370 gezonde proefpersonen in de leeftijd van 3-93 jaar. De deelnemers voerden twee uni-directionele en twee geometrische taken tien opeenvolgende keren uit met de REAplan\u00ae, waarbij 26 kinematische indices werden berekend voor de vier taken. Hiervan vertoonden negentien van de berekende kinematische indices een leeftijdseffect. <\/div>\t\t\t\t<\/div>\n\t\t\t\t\t\t<\/div>\n\t\t<div class=\"timeline-item__card-arrow\"><\/div>\n\t<\/div>\n\t<div class=\"timeline-item__point\"><div class=\"timeline-item__point-content timeline-item__point-content--icon\"><span class=\"jet-elements-icon\"><i aria-hidden=\"true\" class=\"far fa-calendar-alt\"><\/i><\/span><\/div><\/div><div class=\"timeline-item__meta\"><div class=\"timeline-item__meta-content\">Juli 2015<\/div><\/div><\/div><div class=\"jet-timeline-item jet-timeline-item--animated elementor-repeater-item-f6710b9 jet-timeline-item--image-inside\">\n\t<div class=\"timeline-item__card\">\n\t\t<div class=\"timeline-item__card-inner\">\n\t\t\t\t\t\t\t\t<div class=\"timeline-item__card-content\">\n\t\t\t\t\t<div class=\"timeline-item__meta\"><div class=\"timeline-item__meta-content\">November 2014<\/div><\/div><h5 class=\"timeline-item__card-title\">Age Effects on Upper Limb Kinematics Assessed by the REAplan Robot in Healthy School-Aged Children.<\/h5><div class=\"timeline-item__card-desc\">Deze studie was de eerste die een robot gebruikte om de leeftijdseffecten op de kinematica van de bovenste ledematen te bepalen en normen vast te stellen door bewegingen te meten bij 93 gezonde kinderen van 3-12 jaar. Er werden vier taken uitgevoerd met de REAplan\u00ae en 28 kinematische indices berekend. Vierentwintig hiervan lieten verbetering zien tijdens de kindertijd en oudere kinderen vertoonden betere bewegingen van de bovenste ledematen. <\/div>\t\t\t\t<\/div>\n\t\t\t\t\t\t<\/div>\n\t\t<div class=\"timeline-item__card-arrow\"><\/div>\n\t<\/div>\n\t<div class=\"timeline-item__point\"><div class=\"timeline-item__point-content timeline-item__point-content--icon\"><span class=\"jet-elements-icon\"><i aria-hidden=\"true\" class=\"far fa-calendar-alt\"><\/i><\/span><\/div><\/div><div class=\"timeline-item__meta\"><div class=\"timeline-item__meta-content\">November 2014<\/div><\/div><\/div><div class=\"jet-timeline-item jet-timeline-item--animated elementor-repeater-item-4e14711 jet-timeline-item--image-inside\">\n\t<div class=\"timeline-item__card\">\n\t\t<div class=\"timeline-item__card-inner\">\n\t\t\t\t\t\t\t\t<div class=\"timeline-item__card-content\">\n\t\t\t\t\t<div class=\"timeline-item__meta\"><div class=\"timeline-item__meta-content\">Juli 2014<\/div><\/div><h5 class=\"timeline-item__card-title\">Upper Limb Robot-Assisted Therapy in Cerebral Palsy: A Single-Blind Randomized Controlled Trial<\/h5><div class=\"timeline-item__card-desc\">Deze RCT heeft 16 kinderen met cerebrale parese gerandomiseerd naar hetzij vijf conventionele therapiesessies per week, hetzij 3 conventionele therapiesessies en 2 robot-ondersteunde sessies met REAplan\u00ae per week, en dit gedurende 8 weken. Tijdens elke robot-ondersteunde sessie voerden pati\u00ebnten gemiddeld 744 bewegingen uit. Van de beoordeelde variabelen verbeterden de bewegingsvrijheid en handvaardigheid (beoordeeld door de Box en Block-test) significant meer in de robotgroep dan in de controlegroep. <\/div>\t\t\t\t<\/div>\n\t\t\t\t\t\t<\/div>\n\t\t<div class=\"timeline-item__card-arrow\"><\/div>\n\t<\/div>\n\t<div class=\"timeline-item__point\"><div class=\"timeline-item__point-content timeline-item__point-content--icon\"><span class=\"jet-elements-icon\"><i aria-hidden=\"true\" class=\"far fa-calendar-alt\"><\/i><\/span><\/div><\/div><div class=\"timeline-item__meta\"><div class=\"timeline-item__meta-content\">Juli 2014<\/div><\/div><\/div><div class=\"jet-timeline-item jet-timeline-item--animated elementor-repeater-item-893b5b4 jet-timeline-item--image-inside\">\n\t<div class=\"timeline-item__card\">\n\t\t<div class=\"timeline-item__card-inner\">\n\t\t\t\t\t\t\t\t<div class=\"timeline-item__card-content\">\n\t\t\t\t\t<div class=\"timeline-item__meta\"><div class=\"timeline-item__meta-content\">November 2013<\/div><\/div><h5 class=\"timeline-item__card-title\">Using the robotic device REAplan as a valid, reliable, and sensitive tool to quantify upper limb impairments in stroke patients<\/h5><div class=\"timeline-item__card-desc\">Deze prospectieve cohortstudie had tot doel een protocol te valideren voor de beoordeling van de kinematica van de bovenste ledematen met behulp van de REAplan\u00ae-robot bij pati\u00ebnten met een beroerte. Vierenveertig kinematische indices werden verkregen uit 4 taken uitgevoerd door 25 pati\u00ebnten met een beroerte en 25 gezonde proefpersonen van dezelfde leeftijd. Bij pati\u00ebnten met een beroerte vertoonden 43 kinematische indices een matige tot uitstekende betrouwbaarheid. Bij gezonde proefpersonen vertoonden 25 kinematische indices een matige tot uitstekende betrouwbaarheid en 3 vertoonden een lateraliteitseffect. Van de 44 indices waren er 27 veranderd bij pati\u00ebnten met een beroerte in vergelijking met gezonde proefpersonen (p <0,05). Een principale componentenanalyse maakte de uitwerking van een 5-index protocolversie mogelijk. Onderzoekers concludeerden dat deze studie een gestandaardiseerd, valide, betrouwbaar en gevoelig protocol biedt om stoornissen van de bovenste ledematen bij pati\u00ebnten met een beroerte te kwantificeren met behulp van een 2D robot.<\/div>\t\t\t\t<\/div>\n\t\t\t\t\t\t<\/div>\n\t\t<div class=\"timeline-item__card-arrow\"><\/div>\n\t<\/div>\n\t<div class=\"timeline-item__point\"><div class=\"timeline-item__point-content timeline-item__point-content--icon\"><span class=\"jet-elements-icon\"><i aria-hidden=\"true\" class=\"far fa-calendar-alt\"><\/i><\/span><\/div><\/div><div class=\"timeline-item__meta\"><div class=\"timeline-item__meta-content\">November 2013<\/div><\/div><\/div><div class=\"jet-timeline-item jet-timeline-item--animated elementor-repeater-item-acd8aee jet-timeline-item--image-inside\">\n\t<div class=\"timeline-item__card\">\n\t\t<div class=\"timeline-item__card-inner\">\n\t\t\t\t\t\t\t\t<div class=\"timeline-item__card-content\">\n\t\t\t\t\t<div class=\"timeline-item__meta\"><div class=\"timeline-item__meta-content\">Maart 2012<\/div><\/div><h5 class=\"timeline-item__card-title\">A robotic device as a sensitive quantitative tool to assess upper limb impairments in stroke patients: A preliminary prospective cohort study<\/h5><div class=\"timeline-item__card-desc\">Deze prospectieve cohortstudie vergeleek kinematische indices bij 10 gezonde proefpersonen van dezelfde leeftijd en 10 pati\u00ebnten met een beroerte door verschillende taken te evalueren die werden uitgevoerd met deREAplan\u00ae robot, met als doel een objectief en gestandaardiseerd protocol te bieden om de stoornissen van de bovenste ledematen bij pati\u00ebnten met een beroerte te beoordelen. Verschillende kinematische indices werden geanalyseerd uit 3 willekeurig toegewezen taken (grote amplitude, gerichte en geometrische bewegingen) uitgevoerd door de aangedane arm bij pati\u00ebnten met een CVA en de dominante arm bij gezonde proefpersonen. Voor bewegingen met een grote amplitude was het bereik van de pati\u00ebnten met een beroerte minder constant in amplitude, minder rechtlijnig en minder gelijkmatig dan die voor gezonde proefpersonen (p <0,001). Voor gerichte bewegingen was het bereik van de pati\u00ebnten met een beroerte minder rechtlijnig dan die van de gezonde proefpersonen (p <0,001). Voor geometrische bewegingen hadden de pati\u00ebnten met een beroerte meer moeite om de gevraagde vormen te maken in vergelijking met de gezonde proefpersonen (p <0,01). Onderzoekers stelden voor dat verdere gerandomiseerde gecontroleerde onderzoeken deze kwantitatieve tool zouden kunnen gebruiken om de werkzaamheid van behandelingen zoals robot ondersteunde therapie te beoordelen.<\/div>\t\t\t\t<\/div>\n\t\t\t\t\t\t<\/div>\n\t\t<div class=\"timeline-item__card-arrow\"><\/div>\n\t<\/div>\n\t<div class=\"timeline-item__point\"><div class=\"timeline-item__point-content timeline-item__point-content--icon\"><span class=\"jet-elements-icon\"><i aria-hidden=\"true\" class=\"far fa-calendar-alt\"><\/i><\/span><\/div><\/div><div class=\"timeline-item__meta\"><div class=\"timeline-item__meta-content\">Maart 2012<\/div><\/div><\/div><\/div><\/div><\/div>\t\t\t\t<\/div>\n\t\t\t\t<\/div>\n\t\t\t\t\t<\/div>\n\t\t<\/div>\n\t\t\t\t\t<\/div>\n\t\t<\/section>\n\t\t\t\t<\/div>\n\t\t","protected":false},"excerpt":{"rendered":"<p>Home Klinische studies Sinds 2012 hebben medeoprichter Dr. Julien Sapin en zijn team klinisch onderzoek gedaan in tal van revalidatiecentra. Dit onderzoek heeft de effectiviteit aangetoond van de interactieve neurorevalidatie-apparaten op het herstel van pati\u00ebnten. September 2019 Effectiveness of upper-limb robotic-assisted therapy in the early rehabilitation phase after stroke: A single-blind, randomised, controlled trial In [&hellip;]<\/p>\n","protected":false},"author":1,"featured_media":0,"parent":0,"menu_order":0,"comment_status":"closed","ping_status":"closed","template":"elementor_header_footer","meta":{"_acf_changed":false,"inline_featured_image":false,"footnotes":""},"class_list":["post-3076","page","type-page","status-publish","hentry"],"acf":[],"yoast_head":"<!-- This site is optimized with the Yoast SEO plugin v27.0 - https:\/\/yoast.com\/product\/yoast-seo-wordpress\/ -->\n<title>Klinische studies | Interactieve neuro-rehabilitatie apparaten - Axinesis<\/title>\n<meta name=\"description\" content=\"Sinds 2012 zijn er verschillende klinische studies uitgevoerd die de effectiviteit van onze interactieve neurologische revalidatieapparaten hebben aangetoond bij het verbeteren van klinische resultaten voor pati\u00ebnten.\" \/>\n<meta name=\"robots\" content=\"index, follow, max-snippet:-1, max-image-preview:large, max-video-preview:-1\" \/>\n<link rel=\"canonical\" href=\"https:\/\/www.axinesis.com\/nl\/klinische-studies\/\" \/>\n<meta property=\"og:locale\" content=\"nl_BE\" \/>\n<meta property=\"og:type\" content=\"article\" \/>\n<meta property=\"og:title\" content=\"Klinische studies | Interactieve neuro-rehabilitatie apparaten - Axinesis\" \/>\n<meta property=\"og:description\" content=\"Sinds 2012 zijn er verschillende klinische studies uitgevoerd die de effectiviteit van onze interactieve neurologische revalidatieapparaten hebben aangetoond bij het verbeteren van klinische resultaten voor pati\u00ebnten.\" \/>\n<meta property=\"og:url\" content=\"https:\/\/www.axinesis.com\/nl\/klinische-studies\/\" \/>\n<meta property=\"og:site_name\" content=\"Axinesis\" \/>\n<meta property=\"article:publisher\" content=\"https:\/\/www.facebook.com\/axinesis\" \/>\n<meta property=\"article:modified_time\" content=\"2023-05-17T10:25:20+00:00\" \/>\n<meta property=\"og:image\" content=\"https:\/\/www.axinesis.com\/wp-content\/uploads\/2022\/11\/header_axinesis.png\" \/>\n\t<meta property=\"og:image:width\" content=\"1500\" \/>\n\t<meta property=\"og:image:height\" content=\"796\" \/>\n\t<meta property=\"og:image:type\" content=\"image\/png\" \/>\n<meta name=\"twitter:card\" content=\"summary_large_image\" \/>\n<meta name=\"twitter:label1\" content=\"Geschatte leestijd\" \/>\n\t<meta name=\"twitter:data1\" content=\"5 minuten\" \/>\n<script type=\"application\/ld+json\" class=\"yoast-schema-graph\">{\"@context\":\"https:\/\/schema.org\",\"@graph\":[{\"@type\":\"WebPage\",\"@id\":\"https:\/\/www.axinesis.com\/nl\/klinische-studies\/\",\"url\":\"https:\/\/www.axinesis.com\/nl\/klinische-studies\/\",\"name\":\"Klinische studies | Interactieve neuro-rehabilitatie apparaten - Axinesis\",\"isPartOf\":{\"@id\":\"https:\/\/www.axinesis.com\/en\/#website\"},\"datePublished\":\"2021-04-06T14:58:14+00:00\",\"dateModified\":\"2023-05-17T10:25:20+00:00\",\"description\":\"Sinds 2012 zijn er verschillende klinische studies uitgevoerd die de effectiviteit van onze interactieve neurologische revalidatieapparaten hebben aangetoond bij het verbeteren van klinische resultaten voor pati\u00ebnten.\",\"breadcrumb\":{\"@id\":\"https:\/\/www.axinesis.com\/nl\/klinische-studies\/#breadcrumb\"},\"inLanguage\":\"nl-BE\",\"potentialAction\":[{\"@type\":\"ReadAction\",\"target\":[\"https:\/\/www.axinesis.com\/nl\/klinische-studies\/\"]}]},{\"@type\":\"BreadcrumbList\",\"@id\":\"https:\/\/www.axinesis.com\/nl\/klinische-studies\/#breadcrumb\",\"itemListElement\":[{\"@type\":\"ListItem\",\"position\":1,\"name\":\"Home\",\"item\":\"https:\/\/www.axinesis.com\/nl\/\"},{\"@type\":\"ListItem\",\"position\":2,\"name\":\"Klinische studies\"}]},{\"@type\":\"WebSite\",\"@id\":\"https:\/\/www.axinesis.com\/en\/#website\",\"url\":\"https:\/\/www.axinesis.com\/en\/\",\"name\":\"Axinesis\",\"description\":\"\",\"publisher\":{\"@id\":\"https:\/\/www.axinesis.com\/en\/#organization\"},\"potentialAction\":[{\"@type\":\"SearchAction\",\"target\":{\"@type\":\"EntryPoint\",\"urlTemplate\":\"https:\/\/www.axinesis.com\/en\/?s={search_term_string}\"},\"query-input\":{\"@type\":\"PropertyValueSpecification\",\"valueRequired\":true,\"valueName\":\"search_term_string\"}}],\"inLanguage\":\"nl-BE\"},{\"@type\":\"Organization\",\"@id\":\"https:\/\/www.axinesis.com\/en\/#organization\",\"name\":\"Axinesis\",\"url\":\"https:\/\/www.axinesis.com\/en\/\",\"logo\":{\"@type\":\"ImageObject\",\"inLanguage\":\"nl-BE\",\"@id\":\"https:\/\/www.axinesis.com\/en\/#\/schema\/logo\/image\/\",\"url\":\"https:\/\/www.axinesis.com\/wp-content\/uploads\/2021\/04\/Page-Header-Patients.jpg\",\"contentUrl\":\"https:\/\/www.axinesis.com\/wp-content\/uploads\/2021\/04\/Page-Header-Patients.jpg\",\"width\":1366,\"height\":660,\"caption\":\"Axinesis\"},\"image\":{\"@id\":\"https:\/\/www.axinesis.com\/en\/#\/schema\/logo\/image\/\"},\"sameAs\":[\"https:\/\/www.facebook.com\/axinesis\"]}]}<\/script>\n<!-- \/ Yoast SEO plugin. -->","yoast_head_json":{"title":"Klinische studies | Interactieve neuro-rehabilitatie apparaten - Axinesis","description":"Sinds 2012 zijn er verschillende klinische studies uitgevoerd die de effectiviteit van onze interactieve neurologische revalidatieapparaten hebben aangetoond bij het verbeteren van klinische resultaten voor pati\u00ebnten.","robots":{"index":"index","follow":"follow","max-snippet":"max-snippet:-1","max-image-preview":"max-image-preview:large","max-video-preview":"max-video-preview:-1"},"canonical":"https:\/\/www.axinesis.com\/nl\/klinische-studies\/","og_locale":"nl_BE","og_type":"article","og_title":"Klinische studies | Interactieve neuro-rehabilitatie apparaten - Axinesis","og_description":"Sinds 2012 zijn er verschillende klinische studies uitgevoerd die de effectiviteit van onze interactieve neurologische revalidatieapparaten hebben aangetoond bij het verbeteren van klinische resultaten voor pati\u00ebnten.","og_url":"https:\/\/www.axinesis.com\/nl\/klinische-studies\/","og_site_name":"Axinesis","article_publisher":"https:\/\/www.facebook.com\/axinesis","article_modified_time":"2023-05-17T10:25:20+00:00","og_image":[{"width":1500,"height":796,"url":"https:\/\/www.axinesis.com\/wp-content\/uploads\/2022\/11\/header_axinesis.png","type":"image\/png"}],"twitter_card":"summary_large_image","twitter_misc":{"Geschatte leestijd":"5 minuten"},"schema":{"@context":"https:\/\/schema.org","@graph":[{"@type":"WebPage","@id":"https:\/\/www.axinesis.com\/nl\/klinische-studies\/","url":"https:\/\/www.axinesis.com\/nl\/klinische-studies\/","name":"Klinische studies | Interactieve neuro-rehabilitatie apparaten - Axinesis","isPartOf":{"@id":"https:\/\/www.axinesis.com\/en\/#website"},"datePublished":"2021-04-06T14:58:14+00:00","dateModified":"2023-05-17T10:25:20+00:00","description":"Sinds 2012 zijn er verschillende klinische studies uitgevoerd die de effectiviteit van onze interactieve neurologische revalidatieapparaten hebben aangetoond bij het verbeteren van klinische resultaten voor pati\u00ebnten.","breadcrumb":{"@id":"https:\/\/www.axinesis.com\/nl\/klinische-studies\/#breadcrumb"},"inLanguage":"nl-BE","potentialAction":[{"@type":"ReadAction","target":["https:\/\/www.axinesis.com\/nl\/klinische-studies\/"]}]},{"@type":"BreadcrumbList","@id":"https:\/\/www.axinesis.com\/nl\/klinische-studies\/#breadcrumb","itemListElement":[{"@type":"ListItem","position":1,"name":"Home","item":"https:\/\/www.axinesis.com\/nl\/"},{"@type":"ListItem","position":2,"name":"Klinische studies"}]},{"@type":"WebSite","@id":"https:\/\/www.axinesis.com\/en\/#website","url":"https:\/\/www.axinesis.com\/en\/","name":"Axinesis","description":"","publisher":{"@id":"https:\/\/www.axinesis.com\/en\/#organization"},"potentialAction":[{"@type":"SearchAction","target":{"@type":"EntryPoint","urlTemplate":"https:\/\/www.axinesis.com\/en\/?s={search_term_string}"},"query-input":{"@type":"PropertyValueSpecification","valueRequired":true,"valueName":"search_term_string"}}],"inLanguage":"nl-BE"},{"@type":"Organization","@id":"https:\/\/www.axinesis.com\/en\/#organization","name":"Axinesis","url":"https:\/\/www.axinesis.com\/en\/","logo":{"@type":"ImageObject","inLanguage":"nl-BE","@id":"https:\/\/www.axinesis.com\/en\/#\/schema\/logo\/image\/","url":"https:\/\/www.axinesis.com\/wp-content\/uploads\/2021\/04\/Page-Header-Patients.jpg","contentUrl":"https:\/\/www.axinesis.com\/wp-content\/uploads\/2021\/04\/Page-Header-Patients.jpg","width":1366,"height":660,"caption":"Axinesis"},"image":{"@id":"https:\/\/www.axinesis.com\/en\/#\/schema\/logo\/image\/"},"sameAs":["https:\/\/www.facebook.com\/axinesis"]}]}},"_links":{"self":[{"href":"https:\/\/www.axinesis.com\/nl\/wp-json\/wp\/v2\/pages\/3076","targetHints":{"allow":["GET"]}}],"collection":[{"href":"https:\/\/www.axinesis.com\/nl\/wp-json\/wp\/v2\/pages"}],"about":[{"href":"https:\/\/www.axinesis.com\/nl\/wp-json\/wp\/v2\/types\/page"}],"author":[{"embeddable":true,"href":"https:\/\/www.axinesis.com\/nl\/wp-json\/wp\/v2\/users\/1"}],"replies":[{"embeddable":true,"href":"https:\/\/www.axinesis.com\/nl\/wp-json\/wp\/v2\/comments?post=3076"}],"version-history":[{"count":0,"href":"https:\/\/www.axinesis.com\/nl\/wp-json\/wp\/v2\/pages\/3076\/revisions"}],"wp:attachment":[{"href":"https:\/\/www.axinesis.com\/nl\/wp-json\/wp\/v2\/media?parent=3076"}],"curies":[{"name":"wp","href":"https:\/\/api.w.org\/{rel}","templated":true}]}}